{"id":20090,"date":"2021-11-16T11:10:01","date_gmt":"2021-11-16T10:10:01","guid":{"rendered":"http:\/\/www.vlkitaly.com\/?post_type=product&#038;p=20090"},"modified":"2023-02-25T17:32:36","modified_gmt":"2023-02-25T16:32:36","slug":"vlk-ftmqs8-5-bracciale-con-filo-intrecciato-in-ematite-da-9-mm","status":"publish","type":"product","link":"https:\/\/www.vlkitaly.com\/it\/prodotto\/vlk-ftmqs8-5-bracciale-con-filo-intrecciato-in-ematite-da-9-mm\/","title":{"rendered":"[VLK] [FTMQS8-5] BRACCIALE CON FILO INTRECCIATO IN EMATITE DA 9 MM"},"content":{"rendered":"<p><img decoding=\"async\" class=\"size-full wp-image-19885 aligncenter\" src=\"http:\/\/www.vlkitaly.com\/wp-content\/uploads\/2019\/12\/Misura-descrizione-20-23-cm.jpg\" alt=\"\" width=\"1011\" height=\"358\" srcset=\"https:\/\/www.vlkitaly.com\/wp-content\/uploads\/2019\/12\/Misura-descrizione-20-23-cm.jpg 1011w, https:\/\/www.vlkitaly.com\/wp-content\/uploads\/2019\/12\/Misura-descrizione-20-23-cm-800x283.jpg 800w, https:\/\/www.vlkitaly.com\/wp-content\/uploads\/2019\/12\/Misura-descrizione-20-23-cm-300x106.jpg 300w, https:\/\/www.vlkitaly.com\/wp-content\/uploads\/2019\/12\/Misura-descrizione-20-23-cm-768x272.jpg 768w, https:\/\/www.vlkitaly.com\/wp-content\/uploads\/2019\/12\/Misura-descrizione-20-23-cm-600x212.jpg 600w\" sizes=\"(max-width: 1011px) 100vw, 1011px\" \/><\/p>","protected":false},"excerpt":{"rendered":"<p style=\"text-align: center;\"><img decoding=\"async\" class=\"alignnone size-full wp-image-19887\" src=\"http:\/\/www.vlkitaly.com\/wp-content\/uploads\/2019\/12\/20-23.jpg\" alt=\"\" width=\"500\" height=\"82\" srcset=\"https:\/\/www.vlkitaly.com\/wp-content\/uploads\/2019\/12\/20-23.jpg 500w, https:\/\/www.vlkitaly.com\/wp-content\/uploads\/2019\/12\/20-23-300x49.jpg 300w\" sizes=\"(max-width: 500px) 100vw, 500px\" \/><\/p>\n<ul class=\"a-unordered-list a-vertical a-spacing-mini\">\n<li><span class=\"a-list-item\"> [MATERIALI: corda in nylon, pietre dure. Il bracciale \u00e8 composto da VERE pietre dure. Le perline sono montate su una corda in nylon ROBUSTA e RESISTENTE. Il bracciale \u00e8 leggero e comodo; pu\u00f2 essere indossato tutti i giorni e non si rovina a contatto con l'acqua.<\/span><\/li>\n<li><span class=\"a-list-item\"> [TAGLIA]: il braccialetto \u00e8 regolabile: veste perfettamente un polso dai 20 ai 23cm grazie a un laccio regolabile che ne permette l'estensione. Le pietre hanno un diametro di 6 mm.<\/span><\/li>\n<li><span class=\"a-list-item\"> [CONFEZIONE REGALO]: il bracciale viene spedito completo di un'elegante pochette in cotone, con sopra impresso il marchio VLK in colore nero. La semplicit\u00e0 e la cura per i dettagli rendono questo bracciale un regalo da uomo e ragazzo adatto per ogni occasione: laurea, compleanno, anniversario, San Valentino, Natale, per il pap\u00e0, un fratello, un amico, il fidanzato, un collega<\/span><\/li>\n<li><span class=\"a-list-item\"> [MADE IN ITALY]: il bracciale \u00e8 stato realizzato a mano, in Italia.<\/span><\/li>\n<li><span class=\"a-list-item\"> GARANZIA 100% sui nostri bracciali<\/span><\/li>\n<\/ul>","protected":false},"featured_media":20091,"comment_status":"open","ping_status":"closed","template":"","meta":[],"product_cat":[433,115,418],"product_tag":[],"aioseo_notices":[],"_links":{"self":[{"href":"https:\/\/www.vlkitaly.com\/it\/wp-json\/wp\/v3\/product\/20090"}],"collection":[{"href":"https:\/\/www.vlkitaly.com\/it\/wp-json\/wp\/v3\/product"}],"about":[{"href":"https:\/\/www.vlkitaly.com\/it\/wp-json\/wp\/v2\/types\/product"}],"replies":[{"embeddable":true,"href":"https:\/\/www.vlkitaly.com\/it\/wp-json\/wp\/v2\/comments?post=20090"}],"wp:featuredmedia":[{"embeddable":true,"href":"https:\/\/www.vlkitaly.com\/it\/wp-json\/wp\/v2\/media\/20091"}],"wp:attachment":[{"href":"https:\/\/www.vlkitaly.com\/it\/wp-json\/wp\/v2\/media?parent=20090"}],"wp:term":[{"taxonomy":"product_cat","embeddable":true,"href":"https:\/\/www.vlkitaly.com\/it\/wp-json\/wp\/v2\/product_cat?post=20090"},{"taxonomy":"product_tag","embeddable":true,"href":"https:\/\/www.vlkitaly.com\/it\/wp-json\/wp\/v2\/product_tag?post=20090"}],"curies":[{"name":"wp","href":"https:\/\/api.w.org\/{rel}","templated":true}]}}