{"id":19915,"date":"2021-11-05T17:01:49","date_gmt":"2021-11-05T16:01:49","guid":{"rendered":"http:\/\/www.vlkitaly.com\/?post_type=product&#038;p=19915"},"modified":"2025-05-04T23:14:11","modified_gmt":"2025-05-04T21:14:11","slug":"vlk-fc6-81-bracciale-con-filo-in-acciaio-e-pietre-dure-6mm","status":"publish","type":"product","link":"https:\/\/www.vlkitaly.com\/it\/prodotto\/vlk-fc6-81-bracciale-con-filo-in-acciaio-e-pietre-dure-6mm\/","title":{"rendered":"[VLK] [FC6-81] BRACCIALE CON FILO IN ACCIAIO E PIETRE DURE 6MM"},"content":{"rendered":"<p style=\"text-align: center;\"><img decoding=\"async\" class=\"alignnone size-full wp-image-19871\" src=\"http:\/\/www.vlkitaly.com\/wp-content\/uploads\/2021\/11\/IMMAGINE-DESCRIZIONE-BRACCIALI.jpg\" alt=\"\" width=\"1080\" height=\"314\" srcset=\"https:\/\/www.vlkitaly.com\/wp-content\/uploads\/2021\/11\/IMMAGINE-DESCRIZIONE-BRACCIALI.jpg 1080w, https:\/\/www.vlkitaly.com\/wp-content\/uploads\/2021\/11\/IMMAGINE-DESCRIZIONE-BRACCIALI-800x233.jpg 800w, https:\/\/www.vlkitaly.com\/wp-content\/uploads\/2021\/11\/IMMAGINE-DESCRIZIONE-BRACCIALI-300x87.jpg 300w, https:\/\/www.vlkitaly.com\/wp-content\/uploads\/2021\/11\/IMMAGINE-DESCRIZIONE-BRACCIALI-1024x298.jpg 1024w, https:\/\/www.vlkitaly.com\/wp-content\/uploads\/2021\/11\/IMMAGINE-DESCRIZIONE-BRACCIALI-768x223.jpg 768w, https:\/\/www.vlkitaly.com\/wp-content\/uploads\/2021\/11\/IMMAGINE-DESCRIZIONE-BRACCIALI-600x174.jpg 600w\" sizes=\"(max-width: 1080px) 100vw, 1080px\" \/> <img decoding=\"async\" class=\"alignnone size-full wp-image-19870\" src=\"http:\/\/www.vlkitaly.com\/wp-content\/uploads\/2021\/11\/19-21.jpg\" alt=\"\" width=\"1011\" height=\"358\" srcset=\"https:\/\/www.vlkitaly.com\/wp-content\/uploads\/2021\/11\/19-21.jpg 1011w, https:\/\/www.vlkitaly.com\/wp-content\/uploads\/2021\/11\/19-21-800x283.jpg 800w, https:\/\/www.vlkitaly.com\/wp-content\/uploads\/2021\/11\/19-21-300x106.jpg 300w, https:\/\/www.vlkitaly.com\/wp-content\/uploads\/2021\/11\/19-21-768x272.jpg 768w, https:\/\/www.vlkitaly.com\/wp-content\/uploads\/2021\/11\/19-21-600x212.jpg 600w\" sizes=\"(max-width: 1011px) 100vw, 1011px\" \/><\/p>","protected":false},"excerpt":{"rendered":"<p style=\"text-align: center;\"><img decoding=\"async\" class=\"alignnone size-full wp-image-19882\" src=\"http:\/\/www.vlkitaly.com\/wp-content\/uploads\/2021\/11\/19-21-Allungabile.jpg\" alt=\"\" width=\"500\" height=\"131\" srcset=\"https:\/\/www.vlkitaly.com\/wp-content\/uploads\/2021\/11\/19-21-Allungabile.jpg 500w, https:\/\/www.vlkitaly.com\/wp-content\/uploads\/2021\/11\/19-21-Allungabile-300x79.jpg 300w\" sizes=\"(max-width: 500px) 100vw, 500px\" \/><\/p>\n<ul class=\"a-unordered-list a-vertical a-spacing-mini\">\n<li><span class=\"a-list-item\"> [MATERIALI: acciaio, pietre dure. Il bracciale \u00e8 composto da VERE pietre dure. Le perline sono montate su una ROBUSTA e RESISTENTE catenina in acciaio. Il bracciale \u00e8 leggero e comodo; pu\u00f2 essere indossato tutti i giorni e non si rovina a contatto con l'acqua.<\/span><\/li>\n<li><span class=\"a-list-item\"> [TAGLIA]: il braccialetto \u00e8 regolabile: veste perfettamente un polso dai 19 ai 21cm grazie a una catena in acciaio che ne permette l'estensione. Le pietre hanno un diametro di 6 mm.<\/span><\/li>\n<li><span class=\"a-list-item\"> [CONFEZIONE REGALO]: il bracciale viene spedito completo di un'elegante pochette in cotone, con sopra impresso il marchio VLK in colore nero. La semplicit\u00e0 e la cura per i dettagli rendono questo bracciale un regalo da uomo e ragazzo adatto per ogni occasione: laurea, compleanno, anniversario, San Valentino, Natale, per il pap\u00e0, un fratello, un amico, il fidanzato, un collega<\/span><\/li>\n<li><span class=\"a-list-item\"> [MADE IN ITALY]: il bracciale \u00e8 stato realizzato a mano, in Italia.<\/span><\/li>\n<li><span class=\"a-list-item\"> GARANZIA 100% sui nostri bracciali<\/span><\/li>\n<\/ul>","protected":false},"featured_media":19916,"comment_status":"open","ping_status":"closed","template":"","meta":[],"product_cat":[433,115,417],"product_tag":[],"aioseo_notices":[],"_links":{"self":[{"href":"https:\/\/www.vlkitaly.com\/it\/wp-json\/wp\/v3\/product\/19915"}],"collection":[{"href":"https:\/\/www.vlkitaly.com\/it\/wp-json\/wp\/v3\/product"}],"about":[{"href":"https:\/\/www.vlkitaly.com\/it\/wp-json\/wp\/v2\/types\/product"}],"replies":[{"embeddable":true,"href":"https:\/\/www.vlkitaly.com\/it\/wp-json\/wp\/v2\/comments?post=19915"}],"wp:featuredmedia":[{"embeddable":true,"href":"https:\/\/www.vlkitaly.com\/it\/wp-json\/wp\/v2\/media\/19916"}],"wp:attachment":[{"href":"https:\/\/www.vlkitaly.com\/it\/wp-json\/wp\/v2\/media?parent=19915"}],"wp:term":[{"taxonomy":"product_cat","embeddable":true,"href":"https:\/\/www.vlkitaly.com\/it\/wp-json\/wp\/v2\/product_cat?post=19915"},{"taxonomy":"product_tag","embeddable":true,"href":"https:\/\/www.vlkitaly.com\/it\/wp-json\/wp\/v2\/product_tag?post=19915"}],"curies":[{"name":"wp","href":"https:\/\/api.w.org\/{rel}","templated":true}]}}