{"id":17544,"date":"2020-11-10T09:55:03","date_gmt":"2020-11-10T08:55:03","guid":{"rendered":"http:\/\/www.vlkitaly.com\/?post_type=product&#038;p=17544"},"modified":"2022-11-28T09:58:04","modified_gmt":"2022-11-28T08:58:04","slug":"petcollarc-078h1-dog-collar","status":"publish","type":"product","link":"https:\/\/www.vlkitaly.com\/it\/prodotto\/petcollarc-078h1-dog-collar\/","title":{"rendered":"[PET][COLLARE][C-078][H1] Collare per cani"},"content":{"rendered":"<p><img decoding=\"async\" style=\"display: block; margin-left: auto; margin-right: auto;\" src=\"https:\/\/i.ibb.co\/nbD9Bz1\/Vlk-Italy-Nero.png\" alt=\"\" width=\"640\" height=\"98\" \/><\/p>\n<hr \/>\n<h3 class=\"a-spacing-mini\" style=\"text-align: center;\">VLK C-078, Collare per cani borchiati in vera pelle conciata al vegetale<\/h3>\n<p class=\"a-spacing-base\" style=\"text-align: center;\">Il collare per cani VLK \u00e8 realizzato in vera pelle per i momenti speciali con gli amici a quattro zampe. Il modello C-078 \u00e8 prodotto vera pelle Made in Italy. Dato che la pelle di VLK \u00e8 un prodotto naturale vero e proprio, non solo diventa ogni giorno pi\u00f9 bella con la dovuta manutenzione, ma resiste senza problemi anche alle sollecitazioni di sole, acqua e attrito naturale del mantello.<\/p>\n<h4 class=\"a-spacing-mini\" style=\"text-align: center;\">Un design tutto nostro<\/h4>\n<p class=\"a-size-small\" style=\"text-align: center;\">VLK offre prodotti di qualit\u00e0, realizzati artigianalmente e caratterizzati da design personalizzati e da un'elevata praticit\u00e0.<\/p>\n<h4 class=\"a-spacing-mini\" style=\"text-align: center;\">Il nostro istinto \u00e8: qualit\u00e0<\/h4>\n<p class=\"a-size-small\" style=\"text-align: center;\">Assicurando una lunga durata, la resistenza agli strappi ed elasticit\u00e0 con il massimo comfort, i prodotti VLK sono realizzati artigianalmente e in processi produttivi controllati secondo gli standard di qualit\u00e0 italiani. Ogni prodotto \u00e8 sopportato a controlli interni individuali prima di consentirne la commercializzazione.<\/p>\n<h4 class=\"a-spacing-mini\" style=\"text-align: center;\">Materie prime testate<\/h4>\n<p class=\"a-size-small\" style=\"text-align: center;\">Essendo un'azienda italiana, l'acquisto sostenibile delle merci \u00e8 particolarmente importante per VLK sottoponendo le materie prime aziendali a severi criteri di verifica. Solo la pelle e i tessuti che soddisfano gli standard aziendali passano alla fase della lavorazione.<\/p>\n<p style=\"text-align: center;\"><strong>Per stabilire la taglia del collare, misurare la circonferenza del collo del bastone. Utilizzare un metro a nastro o una cordicella e un righello (aggiungere due dita in larghezza in modo da non risultare troppo stretto). Se la circonferenza si trova all'estremit\u00e0 superiore, \u00e8 necessario consigliare una taglia in pi\u00f9.<\/strong><\/p>","protected":false},"excerpt":{"rendered":"<p><img decoding=\"async\" style=\"display: block; margin-left: auto; margin-right: auto;\" src=\"https:\/\/i.ibb.co\/nbD9Bz1\/Vlk-Italy-Nero.png\" alt=\"\" width=\"640\" height=\"98\" \/><\/p>\n<hr \/>\n<h3 class=\"a-spacing-mini\" style=\"text-align: center;\">VLK C-078, Collare per cani borchiati in vera pelle conciata al vegetale<\/h3>\n<p class=\"a-spacing-base\" style=\"text-align: center;\">Il collare per cani VLK \u00e8 realizzato in vera pelle per i momenti speciali con gli amici a quattro zampe. Il modello C-078 \u00e8 prodotto vera pelle Made in Italy. Dato che la pelle di VLK \u00e8 un prodotto naturale vero e proprio, non solo diventa ogni giorno pi\u00f9 bella con la dovuta manutenzione, ma resiste senza problemi anche alle sollecitazioni di sole, acqua e attrito naturale del mantello.<\/p>\n<h4 class=\"a-spacing-mini\" style=\"text-align: center;\">Un design tutto nostro<\/h4>\n<p class=\"a-size-small\" style=\"text-align: center;\">VLK offre prodotti di qualit\u00e0, realizzati artigianalmente e caratterizzati da design personalizzati e da un'elevata praticit\u00e0.<\/p>\n<h4 class=\"a-spacing-mini\" style=\"text-align: center;\">Il nostro istinto \u00e8: qualit\u00e0<\/h4>\n<p class=\"a-size-small\" style=\"text-align: center;\">Assicurando una lunga durata, la resistenza agli strappi ed elasticit\u00e0 con il massimo comfort, i prodotti VLK sono realizzati artigianalmente e in processi produttivi controllati secondo gli standard di qualit\u00e0 italiani. Ogni prodotto \u00e8 sopportato a controlli interni individuali prima di consentirne la commercializzazione.<\/p>\n<h4 class=\"a-spacing-mini\" style=\"text-align: center;\">Materie prime testate<\/h4>\n<p class=\"a-size-small\" style=\"text-align: center;\">Essendo un'azienda italiana, l'acquisto sostenibile delle merci \u00e8 particolarmente importante per VLK sottoponendo le materie prime aziendali a severi criteri di verifica. Solo la pelle e i tessuti che soddisfano gli standard aziendali passano alla fase della lavorazione.<\/p>\n<p style=\"text-align: center;\"><strong>Per stabilire la taglia del collare, misurare la circonferenza del collo del bastone. Utilizzare un metro a nastro o una cordicella e un righello (aggiungere due dita in larghezza in modo da non risultare troppo stretto). Se la circonferenza si trova all'estremit\u00e0 superiore, \u00e8 necessario consigliare una taglia in pi\u00f9.<\/strong><\/p>","protected":false},"featured_media":17545,"comment_status":"open","ping_status":"closed","template":"","meta":[],"product_cat":[158,155],"product_tag":[201],"aioseo_notices":[],"_links":{"self":[{"href":"https:\/\/www.vlkitaly.com\/it\/wp-json\/wp\/v3\/product\/17544"}],"collection":[{"href":"https:\/\/www.vlkitaly.com\/it\/wp-json\/wp\/v3\/product"}],"about":[{"href":"https:\/\/www.vlkitaly.com\/it\/wp-json\/wp\/v2\/types\/product"}],"replies":[{"embeddable":true,"href":"https:\/\/www.vlkitaly.com\/it\/wp-json\/wp\/v2\/comments?post=17544"}],"wp:featuredmedia":[{"embeddable":true,"href":"https:\/\/www.vlkitaly.com\/it\/wp-json\/wp\/v2\/media\/17545"}],"wp:attachment":[{"href":"https:\/\/www.vlkitaly.com\/it\/wp-json\/wp\/v2\/media?parent=17544"}],"wp:term":[{"taxonomy":"product_cat","embeddable":true,"href":"https:\/\/www.vlkitaly.com\/it\/wp-json\/wp\/v2\/product_cat?post=17544"},{"taxonomy":"product_tag","embeddable":true,"href":"https:\/\/www.vlkitaly.com\/it\/wp-json\/wp\/v2\/product_tag?post=17544"}],"curies":[{"name":"wp","href":"https:\/\/api.w.org\/{rel}","templated":true}]}}