{"id":1322,"date":"2018-12-28T12:10:03","date_gmt":"2018-12-28T11:10:03","guid":{"rendered":"http:\/\/vlk.digitalkeyitalia.it\/?post_type=product&#038;p=1322"},"modified":"2025-12-09T19:21:03","modified_gmt":"2025-12-09T18:21:03","slug":"hekate-leather-belt","status":"publish","type":"product","link":"https:\/\/www.vlkitaly.com\/it\/prodotto\/hekate-leather-belt\/","title":{"rendered":"LM1063 Hekate &#8211; Leather belt"},"content":{"rendered":"<p>La cintura in vera pelle made-in-Italy alta 3,5 cm \u00e8 l'accessorio perfetto per chi cerca eleganza, qualit\u00e0 e artigianalit\u00e0.<br \/>\nLa finitura a effetto spazzolato le conferisce un aspetto raffinato e sofisticato, mentre la lavorazione a laser e le borchie sui lati aggiungono un tocco di personalit\u00e0. La cintura \u00e8 interamente realizzata a mano in Italia, utilizzando solo materiali di alta qualit\u00e0, per garantire una durata e una resistenza senza pari.<br \/>\nIndossatelo con jeans o pantaloni eleganti per un look sofisticato e alla moda, e godetevi la bellezza e la qualit\u00e0 che solo la vera pelle italiana pu\u00f2 offrire.<\/p>","protected":false},"excerpt":{"rendered":"<p>Cintura in vera pelle realizzata in Italia:<\/p>\n<ul>\n<li>Realizzato a mano in Italia<\/li>\n<li>Effetto spazzolato per un look raffinato e sofisticato<\/li>\n<li>Lavorazione con incisioni al laser e borchie sui lati per un tocco di personalit\u00e0<\/li>\n<li>3,5 cm di altezza per una vestibilit\u00e0 versatile<\/li>\n<li>Ideale per jeans o pantaloni eleganti<\/li>\n<li>Alta qualit\u00e0 e lavorazione artigianale per una durata e una resistenza senza pari.<\/li>\n<\/ul>","protected":false},"featured_media":21283,"comment_status":"open","ping_status":"closed","template":"","meta":[],"product_cat":[100,106,434],"product_tag":[410],"aioseo_notices":[],"_links":{"self":[{"href":"https:\/\/www.vlkitaly.com\/it\/wp-json\/wp\/v3\/product\/1322"}],"collection":[{"href":"https:\/\/www.vlkitaly.com\/it\/wp-json\/wp\/v3\/product"}],"about":[{"href":"https:\/\/www.vlkitaly.com\/it\/wp-json\/wp\/v2\/types\/product"}],"replies":[{"embeddable":true,"href":"https:\/\/www.vlkitaly.com\/it\/wp-json\/wp\/v2\/comments?post=1322"}],"wp:featuredmedia":[{"embeddable":true,"href":"https:\/\/www.vlkitaly.com\/it\/wp-json\/wp\/v2\/media\/21283"}],"wp:attachment":[{"href":"https:\/\/www.vlkitaly.com\/it\/wp-json\/wp\/v2\/media?parent=1322"}],"wp:term":[{"taxonomy":"product_cat","embeddable":true,"href":"https:\/\/www.vlkitaly.com\/it\/wp-json\/wp\/v2\/product_cat?post=1322"},{"taxonomy":"product_tag","embeddable":true,"href":"https:\/\/www.vlkitaly.com\/it\/wp-json\/wp\/v2\/product_tag?post=1322"}],"curies":[{"name":"wp","href":"https:\/\/api.w.org\/{rel}","templated":true}]}}