{"id":25442,"date":"2025-04-06T16:20:07","date_gmt":"2025-04-06T14:20:07","guid":{"rendered":"https:\/\/www.vlkitaly.com\/?post_type=product&#038;p=25442"},"modified":"2025-07-07T19:02:27","modified_gmt":"2025-07-07T17:02:27","slug":"vision-look-26622-occhiale-da-sole-uv400-unisex","status":"publish","type":"product","link":"https:\/\/www.vlkitaly.com\/fr\/produit\/vision-look-26622-occhiale-da-sole-uv400-unisex\/","title":{"rendered":"[Vision Look] [26622] Lunettes de soleil unisexes UV400"},"content":{"rendered":"<p>Les lunettes de soleil utilisent des verres TAC haut de gamme. Verres de haute qualit\u00e9 qui bloquent 100 % des lumi\u00e8res UVA, UVB et UVC nocives et r\u00e9duisent la fatigue oculaire. Monture PC ultra l\u00e9g\u00e8re de haute qualit\u00e9 et plaquettes de nez int\u00e9gr\u00e9es pour garantir une exp\u00e9rience de port confortable.<br \/>\nLunettes de soleil UV400 fournies avec \u00e9tui et mouchoir<\/p>","protected":false},"excerpt":{"rendered":"<p>Les lunettes de soleil utilisent des verres TAC haut de gamme. Verres de haute qualit\u00e9 qui bloquent 100 % des lumi\u00e8res UVA, UVB et UVC nocives et r\u00e9duisent la fatigue oculaire. Monture PC ultra l\u00e9g\u00e8re de haute qualit\u00e9 et plaquettes de nez int\u00e9gr\u00e9es pour garantir une exp\u00e9rience de port confortable.<br \/>\nLunettes de soleil UV400 fournies avec \u00e9tui et mouchoir<\/p>","protected":false},"featured_media":25452,"comment_status":"open","ping_status":"closed","template":"","meta":[],"product_cat":[159,123,125],"product_tag":[486,482,485,480,481],"aioseo_notices":[],"_links":{"self":[{"href":"https:\/\/www.vlkitaly.com\/fr\/wp-json\/wp\/v3\/product\/25442"}],"collection":[{"href":"https:\/\/www.vlkitaly.com\/fr\/wp-json\/wp\/v3\/product"}],"about":[{"href":"https:\/\/www.vlkitaly.com\/fr\/wp-json\/wp\/v2\/types\/product"}],"replies":[{"embeddable":true,"href":"https:\/\/www.vlkitaly.com\/fr\/wp-json\/wp\/v2\/comments?post=25442"}],"wp:featuredmedia":[{"embeddable":true,"href":"https:\/\/www.vlkitaly.com\/fr\/wp-json\/wp\/v2\/media\/25452"}],"wp:attachment":[{"href":"https:\/\/www.vlkitaly.com\/fr\/wp-json\/wp\/v2\/media?parent=25442"}],"wp:term":[{"taxonomy":"product_cat","embeddable":true,"href":"https:\/\/www.vlkitaly.com\/fr\/wp-json\/wp\/v2\/product_cat?post=25442"},{"taxonomy":"product_tag","embeddable":true,"href":"https:\/\/www.vlkitaly.com\/fr\/wp-json\/wp\/v2\/product_tag?post=25442"}],"curies":[{"name":"wp","href":"https:\/\/api.w.org\/{rel}","templated":true}]}}