{"id":24413,"date":"2024-05-20T01:29:51","date_gmt":"2024-05-19T23:29:51","guid":{"rendered":"https:\/\/www.vlkitaly.com\/?post_type=product&#038;p=24413"},"modified":"2026-03-05T17:55:27","modified_gmt":"2026-03-05T16:55:27","slug":"vision-look-201496-occhiale-da-sole-uv400-polarizzato-uomo","status":"publish","type":"product","link":"https:\/\/www.vlkitaly.com\/fr\/produit\/vision-look-201496-occhiale-da-sole-uv400-polarizzato-uomo\/","title":{"rendered":"[Vision Look] [201496] Lunettes de soleil polaris\u00e9es UV400 pour hommes"},"content":{"rendered":"<p>Les lunettes de soleil utilisent des verres TAC haut de gamme. Verres de haute qualit\u00e9 qui bloquent 100 % des lumi\u00e8res UVA, UVB et UVC nocives et r\u00e9duisent la fatigue oculaire. Monture PC ultra l\u00e9g\u00e8re de haute qualit\u00e9 et plaquettes de nez int\u00e9gr\u00e9es pour garantir une exp\u00e9rience de port confortable.<br \/>\nOcchiale da sole UV400 Polarizzato fornito con astuccio e fazzolettino<\/p>","protected":false},"excerpt":{"rendered":"<p>Les lunettes de soleil utilisent des verres TAC haut de gamme. Verres de haute qualit\u00e9 qui bloquent 100 % des lumi\u00e8res UVA, UVB et UVC nocives et r\u00e9duisent la fatigue oculaire. Monture PC ultra l\u00e9g\u00e8re de haute qualit\u00e9 et plaquettes de nez int\u00e9gr\u00e9es pour garantir une exp\u00e9rience de port confortable.<br \/>\nOcchiale da sole UV400 Polarizzato fornito con astuccio e fazzolettino<\/p>","protected":false},"featured_media":24418,"comment_status":"open","ping_status":"closed","template":"","meta":[],"product_cat":[159,123,125,111],"product_tag":[484,485,480,481],"aioseo_notices":[],"_links":{"self":[{"href":"https:\/\/www.vlkitaly.com\/fr\/wp-json\/wp\/v3\/product\/24413"}],"collection":[{"href":"https:\/\/www.vlkitaly.com\/fr\/wp-json\/wp\/v3\/product"}],"about":[{"href":"https:\/\/www.vlkitaly.com\/fr\/wp-json\/wp\/v2\/types\/product"}],"replies":[{"embeddable":true,"href":"https:\/\/www.vlkitaly.com\/fr\/wp-json\/wp\/v2\/comments?post=24413"}],"wp:featuredmedia":[{"embeddable":true,"href":"https:\/\/www.vlkitaly.com\/fr\/wp-json\/wp\/v2\/media\/24418"}],"wp:attachment":[{"href":"https:\/\/www.vlkitaly.com\/fr\/wp-json\/wp\/v2\/media?parent=24413"}],"wp:term":[{"taxonomy":"product_cat","embeddable":true,"href":"https:\/\/www.vlkitaly.com\/fr\/wp-json\/wp\/v2\/product_cat?post=24413"},{"taxonomy":"product_tag","embeddable":true,"href":"https:\/\/www.vlkitaly.com\/fr\/wp-json\/wp\/v2\/product_tag?post=24413"}],"curies":[{"name":"wp","href":"https:\/\/api.w.org\/{rel}","templated":true}]}}