{"id":23262,"date":"2023-10-13T10:11:07","date_gmt":"2023-10-13T08:11:07","guid":{"rendered":"http:\/\/www.vlkitaly.com\/?post_type=product&#038;p=23262"},"modified":"2023-10-13T10:14:20","modified_gmt":"2023-10-13T08:14:20","slug":"vlk-lm-37734-h-2-5-cintura-di-pelle","status":"publish","type":"product","link":"https:\/\/www.vlkitaly.com\/fr\/produit\/vlk-lm-37734-h-2-5-cintura-di-pelle\/","title":{"rendered":"[VLK] [LM-37734] [H-2.5] Cintura di Pelle"},"content":{"rendered":"<p style=\"text-align: center;\">Chiusura regolabile con fibbia.<br \/>\nCuisson \u00e0 base de l\u00e9gumes, lav\u00e9s et mis en bouteille.<br \/>\nEffetto Vintage<\/p>\n<p style=\"text-align: center;\">Cintura con la possibilit\u00e0 d'essere accorciata<\/p>\n<p style=\"text-align: center;\">Vera Pelle Fabriqu\u00e9 en Italie.<\/p>\n<p style=\"text-align: center;\"><strong>H. 2.5<\/strong><strong>\u00a0cm<\/strong><\/p>\n<p><img decoding=\"async\" class=\"size-medium wp-image-20858 aligncenter\" src=\"http:\/\/www.vlkitaly.com\/wp-content\/uploads\/2022\/05\/belts_size-300x135.jpg\" alt=\"\" width=\"300\" height=\"135\" srcset=\"https:\/\/www.vlkitaly.com\/wp-content\/uploads\/2022\/05\/belts_size-300x135.jpg 300w, https:\/\/www.vlkitaly.com\/wp-content\/uploads\/2022\/05\/belts_size.jpg 494w\" sizes=\"(max-width: 300px) 100vw, 300px\" \/><\/p>","protected":false},"excerpt":{"rendered":"<p>Chiusura regolabile con fibbia. Cuoio conciato al vegetale, lavato e bottalato. Effetto Vintage Cintura con la possibilit\u00e0 d&#8217;essere accorciata Vera Pelle Made in Italy. H. 2.5\u00a0cm<\/p>","protected":false},"featured_media":23273,"comment_status":"open","ping_status":"closed","template":"","meta":[],"product_cat":[100,106,435],"product_tag":[],"aioseo_notices":[],"_links":{"self":[{"href":"https:\/\/www.vlkitaly.com\/fr\/wp-json\/wp\/v3\/product\/23262"}],"collection":[{"href":"https:\/\/www.vlkitaly.com\/fr\/wp-json\/wp\/v3\/product"}],"about":[{"href":"https:\/\/www.vlkitaly.com\/fr\/wp-json\/wp\/v2\/types\/product"}],"replies":[{"embeddable":true,"href":"https:\/\/www.vlkitaly.com\/fr\/wp-json\/wp\/v2\/comments?post=23262"}],"wp:featuredmedia":[{"embeddable":true,"href":"https:\/\/www.vlkitaly.com\/fr\/wp-json\/wp\/v2\/media\/23273"}],"wp:attachment":[{"href":"https:\/\/www.vlkitaly.com\/fr\/wp-json\/wp\/v2\/media?parent=23262"}],"wp:term":[{"taxonomy":"product_cat","embeddable":true,"href":"https:\/\/www.vlkitaly.com\/fr\/wp-json\/wp\/v2\/product_cat?post=23262"},{"taxonomy":"product_tag","embeddable":true,"href":"https:\/\/www.vlkitaly.com\/fr\/wp-json\/wp\/v2\/product_tag?post=23262"}],"curies":[{"name":"wp","href":"https:\/\/api.w.org\/{rel}","templated":true}]}}