{"id":20964,"date":"2022-10-28T17:59:12","date_gmt":"2022-10-28T15:59:12","guid":{"rendered":"http:\/\/www.vlkitaly.com\/?post_type=product&#038;p=20964"},"modified":"2023-03-02T17:53:13","modified_gmt":"2023-03-02T16:53:13","slug":"vlk-collana_lunga_2-collana-lunga-con-filo-intrecciato-e-pietre-dure-da-6mm","status":"publish","type":"product","link":"https:\/\/www.vlkitaly.com\/fr\/produit\/vlk-collana_lunga_2-collana-lunga-con-filo-intrecciato-e-pietre-dure-da-6mm\/","title":{"rendered":"[VLK] [COLLANA_Lunga_2] COLLANA LUNGA CON FILO INTRECCIATO E PIETRE DURE DA 6MM"},"content":{"rendered":"<div>Le charme de cette collection, dans un style parfait\u00a0\u00a0<em>VLK<\/em><\/div>\n<div>Pour enrichir votre collection, ou pour offrir un cadeau unique \u00e0 une personne sp\u00e9ciale.<br \/>\nTous nos produits sont assembl\u00e9s \u00e0 la main en Italie. Les pierres et les parties en m\u00e9tal (acciaio) conf\u00e8rent \u00e0 leurs imperfections une caract\u00e9ristique sp\u00e9cifique et naturelle.<\/div>\n<div>\n<p>Diametro pietre : mm. 6<\/p>\n<\/div>\n<div>Circonf\u00e9rence : cm. 85 - 95<\/div>","protected":false},"excerpt":{"rendered":"<div>Le charme de cette collection, dans un style parfait\u00a0\u00a0<em>VLK<\/em><\/div>\n<div>Pour enrichir votre collection, ou pour offrir un cadeau unique \u00e0 une personne sp\u00e9ciale.<br \/>\nTous nos produits sont assembl\u00e9s \u00e0 la main en Italie. Les pierres et les parties en m\u00e9tal (acciaio) conf\u00e8rent \u00e0 leurs imperfections une caract\u00e9ristique sp\u00e9cifique et naturelle.<\/div>\n<div>\n<p>Diametro pietre : mm. 6<\/p>\n<\/div>\n<div>Circonf\u00e9rence : cm. 85 - 95<\/div>","protected":false},"featured_media":20968,"comment_status":"closed","ping_status":"closed","template":"","meta":[],"product_cat":[433,218],"product_tag":[],"aioseo_notices":[],"_links":{"self":[{"href":"https:\/\/www.vlkitaly.com\/fr\/wp-json\/wp\/v3\/product\/20964"}],"collection":[{"href":"https:\/\/www.vlkitaly.com\/fr\/wp-json\/wp\/v3\/product"}],"about":[{"href":"https:\/\/www.vlkitaly.com\/fr\/wp-json\/wp\/v2\/types\/product"}],"replies":[{"embeddable":true,"href":"https:\/\/www.vlkitaly.com\/fr\/wp-json\/wp\/v2\/comments?post=20964"}],"wp:featuredmedia":[{"embeddable":true,"href":"https:\/\/www.vlkitaly.com\/fr\/wp-json\/wp\/v2\/media\/20968"}],"wp:attachment":[{"href":"https:\/\/www.vlkitaly.com\/fr\/wp-json\/wp\/v2\/media?parent=20964"}],"wp:term":[{"taxonomy":"product_cat","embeddable":true,"href":"https:\/\/www.vlkitaly.com\/fr\/wp-json\/wp\/v2\/product_cat?post=20964"},{"taxonomy":"product_tag","embeddable":true,"href":"https:\/\/www.vlkitaly.com\/fr\/wp-json\/wp\/v2\/product_tag?post=20964"}],"curies":[{"name":"wp","href":"https:\/\/api.w.org\/{rel}","templated":true}]}}