{"id":20936,"date":"2022-10-24T17:42:02","date_gmt":"2022-10-24T15:42:02","guid":{"rendered":"http:\/\/www.vlkitaly.com\/?post_type=product&#038;p=20936"},"modified":"2026-04-12T22:56:03","modified_gmt":"2026-04-12T20:56:03","slug":"catena-jeans-eyra","status":"publish","type":"product","link":"https:\/\/www.vlkitaly.com\/fr\/produit\/catena-jeans-eyra\/","title":{"rendered":"Catena Jeans Eyra"},"content":{"rendered":"<p style=\"text-align: center;\">Eyra est une collection de pantalons r\u00e9alis\u00e9e \u00e0 la main, dans laquelle des mat\u00e9riaux de composition et de couleur diff\u00e9rentes sont ab\u00eem\u00e9s. Le tout est agr\u00e9ment\u00e9 d'une moustache d'un c\u00f4t\u00e9 et d'un gancio de l'autre.<br \/>\nLes chatons pour pantalons sont des accessoires tr\u00e8s en vogue ces derni\u00e8res ann\u00e9es, surtout s'ils sont r\u00e9alis\u00e9s avec des fibres naturelles.<br \/>\nOn pense souvent, et \u00e0 tort, que ces accessoires ne sont que de vulgaires masques, mais en r\u00e9alit\u00e9, ils sont largement utilis\u00e9s par les femmes, surtout en Am\u00e9rique.<\/p>","protected":false},"excerpt":{"rendered":"<p style=\"text-align: center;\">Eyra est une collection de pantalons r\u00e9alis\u00e9e \u00e0 la main, dans laquelle des mat\u00e9riaux de composition et de couleur diff\u00e9rentes sont ab\u00eem\u00e9s. Le tout est agr\u00e9ment\u00e9 d'une moustache d'un c\u00f4t\u00e9 et d'un gancio de l'autre.<br \/>\nLes chatons pour pantalons sont des accessoires tr\u00e8s en vogue ces derni\u00e8res ann\u00e9es, surtout s'ils sont r\u00e9alis\u00e9s avec des fibres naturelles.<br \/>\nOn pense souvent, et \u00e0 tort, que ces accessoires ne sont que de vulgaires masques, mais en r\u00e9alit\u00e9, ils sont largement utilis\u00e9s par les femmes, surtout en Am\u00e9rique.<\/p>","protected":false},"featured_media":20937,"comment_status":"open","ping_status":"closed","template":"","meta":[],"product_cat":[433,221],"product_tag":[],"aioseo_notices":[],"_links":{"self":[{"href":"https:\/\/www.vlkitaly.com\/fr\/wp-json\/wp\/v3\/product\/20936"}],"collection":[{"href":"https:\/\/www.vlkitaly.com\/fr\/wp-json\/wp\/v3\/product"}],"about":[{"href":"https:\/\/www.vlkitaly.com\/fr\/wp-json\/wp\/v2\/types\/product"}],"replies":[{"embeddable":true,"href":"https:\/\/www.vlkitaly.com\/fr\/wp-json\/wp\/v2\/comments?post=20936"}],"wp:featuredmedia":[{"embeddable":true,"href":"https:\/\/www.vlkitaly.com\/fr\/wp-json\/wp\/v2\/media\/20937"}],"wp:attachment":[{"href":"https:\/\/www.vlkitaly.com\/fr\/wp-json\/wp\/v2\/media?parent=20936"}],"wp:term":[{"taxonomy":"product_cat","embeddable":true,"href":"https:\/\/www.vlkitaly.com\/fr\/wp-json\/wp\/v2\/product_cat?post=20936"},{"taxonomy":"product_tag","embeddable":true,"href":"https:\/\/www.vlkitaly.com\/fr\/wp-json\/wp\/v2\/product_tag?post=20936"}],"curies":[{"name":"wp","href":"https:\/\/api.w.org\/{rel}","templated":true}]}}