{"id":20934,"date":"2022-10-24T17:39:24","date_gmt":"2022-10-24T15:39:24","guid":{"rendered":"http:\/\/www.vlkitaly.com\/?post_type=product&#038;p=20934"},"modified":"2023-03-02T17:53:11","modified_gmt":"2023-03-02T16:53:11","slug":"catena-jeans-freya","status":"publish","type":"product","link":"https:\/\/www.vlkitaly.com\/fr\/produit\/catena-jeans-freya\/","title":{"rendered":"Catena Jeans Freya"},"content":{"rendered":"<p style=\"text-align: center;\">Freya \u00e8 una catena da pantaloni realizzata a mano in cui materiali di diversa composizione e colore vengono abilmente abbinati. A rifinire il tutto un moschettone in un lato e un gancio dall&#8217;altro.<br \/>\nLes chatons pour pantalons sont des accessoires tr\u00e8s en vogue ces derni\u00e8res ann\u00e9es, surtout s'ils sont r\u00e9alis\u00e9s avec des fibres naturelles.<br \/>\nOn pense souvent, et \u00e0 tort, que ces accessoires ne sont que de vulgaires masques, mais en r\u00e9alit\u00e9, ils sont largement utilis\u00e9s par les femmes, surtout en Am\u00e9rique.<\/p>","protected":false},"excerpt":{"rendered":"<p style=\"text-align: center;\">Freya \u00e8 una catena da pantaloni realizzata a mano in cui materiali di diversa composizione e colore vengono abilmente abbinati. A rifinire il tutto un moschettone in un lato e un gancio dall&#8217;altro.<br \/>\nLes chatons pour pantalons sont des accessoires tr\u00e8s en vogue ces derni\u00e8res ann\u00e9es, surtout s'ils sont r\u00e9alis\u00e9s avec des fibres naturelles.<br \/>\nOn pense souvent, et \u00e0 tort, que ces accessoires ne sont que de vulgaires masques, mais en r\u00e9alit\u00e9, ils sont largement utilis\u00e9s par les femmes, surtout en Am\u00e9rique.<\/p>","protected":false},"featured_media":20935,"comment_status":"open","ping_status":"closed","template":"","meta":[],"product_cat":[433,221],"product_tag":[],"aioseo_notices":[],"_links":{"self":[{"href":"https:\/\/www.vlkitaly.com\/fr\/wp-json\/wp\/v3\/product\/20934"}],"collection":[{"href":"https:\/\/www.vlkitaly.com\/fr\/wp-json\/wp\/v3\/product"}],"about":[{"href":"https:\/\/www.vlkitaly.com\/fr\/wp-json\/wp\/v2\/types\/product"}],"replies":[{"embeddable":true,"href":"https:\/\/www.vlkitaly.com\/fr\/wp-json\/wp\/v2\/comments?post=20934"}],"wp:featuredmedia":[{"embeddable":true,"href":"https:\/\/www.vlkitaly.com\/fr\/wp-json\/wp\/v2\/media\/20935"}],"wp:attachment":[{"href":"https:\/\/www.vlkitaly.com\/fr\/wp-json\/wp\/v2\/media?parent=20934"}],"wp:term":[{"taxonomy":"product_cat","embeddable":true,"href":"https:\/\/www.vlkitaly.com\/fr\/wp-json\/wp\/v2\/product_cat?post=20934"},{"taxonomy":"product_tag","embeddable":true,"href":"https:\/\/www.vlkitaly.com\/fr\/wp-json\/wp\/v2\/product_tag?post=20934"}],"curies":[{"name":"wp","href":"https:\/\/api.w.org\/{rel}","templated":true}]}}