{"id":20168,"date":"2021-11-26T10:27:50","date_gmt":"2021-11-26T09:27:50","guid":{"rendered":"http:\/\/www.vlkitaly.com\/?post_type=product&#038;p=20168"},"modified":"2025-03-07T18:23:08","modified_gmt":"2025-03-07T17:23:08","slug":"vlk-girocollo_16-collana-girocollo-fortuna-con-filo-in-acciaio-e-pietre-dure-da-6mm","status":"publish","type":"product","link":"https:\/\/www.vlkitaly.com\/fr\/produit\/vlk-girocollo_16-collana-girocollo-fortuna-con-filo-in-acciaio-e-pietre-dure-da-6mm\/","title":{"rendered":"[VLK] [GIROCOLLO_16] COLLANA GIROCOLLO FORTUNA CON FILO IN ACCIAIO E PIETRE DURE DA 6MM"},"content":{"rendered":"<p>Collana Girocollo composta da :<\/p>\n<p>- Pietra dura Diaspro azzurro ;<br \/>\n- Pietra dura Occhio di tigre marrone satinato ;<br \/>\n- Distanciateurs \u00e0 rondelle, fix\u00e9s \u00e0 l'aide d'un syst\u00e8me d'\u00e9mulsion ;<br \/>\n- Distanciateurs \u00e0 rondelle en acciaio inossidabile ;<br \/>\n- Charme VlkItaly in acciaio inossidabile color argento ;<br \/>\n- Scudetto Vlk in acciaio inossidabile ;<br \/>\n- Chiusura a moschettone in acciaio inossidabile.<\/p>","protected":false},"excerpt":{"rendered":"<div style=\"text-align: left;\">Le charme de cette collection, dans un style parfait\u00a0 <em>VLK<\/em><\/div>\n<div style=\"text-align: left;\">Pour enrichir votre collection, ou pour offrir un cadeau unique \u00e0 une personne sp\u00e9ciale.<br \/>\nTous nos produits sont assembl\u00e9s \u00e0 la main en Italie. Les pierres et les parties en m\u00e9tal (acciaio) conf\u00e8rent \u00e0 leurs imperfections une caract\u00e9ristique sp\u00e9cifique et naturelle.<\/div>\n<div>\n<p>Diametro pietre : mm. 6<\/p>\n<\/div>\n<div>Circonf\u00e9rence : cm. 49 - 52<\/div>","protected":false},"featured_media":20145,"comment_status":"open","ping_status":"closed","template":"","meta":[],"product_cat":[433,219],"product_tag":[],"aioseo_notices":[],"_links":{"self":[{"href":"https:\/\/www.vlkitaly.com\/fr\/wp-json\/wp\/v3\/product\/20168"}],"collection":[{"href":"https:\/\/www.vlkitaly.com\/fr\/wp-json\/wp\/v3\/product"}],"about":[{"href":"https:\/\/www.vlkitaly.com\/fr\/wp-json\/wp\/v2\/types\/product"}],"replies":[{"embeddable":true,"href":"https:\/\/www.vlkitaly.com\/fr\/wp-json\/wp\/v2\/comments?post=20168"}],"wp:featuredmedia":[{"embeddable":true,"href":"https:\/\/www.vlkitaly.com\/fr\/wp-json\/wp\/v2\/media\/20145"}],"wp:attachment":[{"href":"https:\/\/www.vlkitaly.com\/fr\/wp-json\/wp\/v2\/media?parent=20168"}],"wp:term":[{"taxonomy":"product_cat","embeddable":true,"href":"https:\/\/www.vlkitaly.com\/fr\/wp-json\/wp\/v2\/product_cat?post=20168"},{"taxonomy":"product_tag","embeddable":true,"href":"https:\/\/www.vlkitaly.com\/fr\/wp-json\/wp\/v2\/product_tag?post=20168"}],"curies":[{"name":"wp","href":"https:\/\/api.w.org\/{rel}","templated":true}]}}