{"id":20101,"date":"2021-11-16T16:59:03","date_gmt":"2021-11-16T15:59:03","guid":{"rendered":"http:\/\/www.vlkitaly.com\/?post_type=product&#038;p=20101"},"modified":"2025-03-07T18:15:33","modified_gmt":"2025-03-07T17:15:33","slug":"vlk-collana_necklace_17-collana-rosario-amon-con-filo-intrecciato-e-pietre-dure-da-6mm","status":"publish","type":"product","link":"https:\/\/www.vlkitaly.com\/fr\/produit\/vlk-collana_necklace_17-collana-rosario-amon-con-filo-intrecciato-e-pietre-dure-da-6mm\/","title":{"rendered":"[VLK] [COLLANA_NECKLACE_17] COLLANA ROSARIO AMON CON FILO INTRECCIATO E PIETRE DURE DA 6MM"},"content":{"rendered":"<h2>Onice Nero<\/h2>\n<p>La prima pietra che ho acquistato \u00e8 stata proprio un\u00a0<strong>onice nera.<\/strong> Un piccolo esemplare pagato pochi euro, ma che significa davvero tanto per me. Grazie a questa pietra mi sono prima avvicinata al mondo dei minerali e dopo innamorata della cristallo terapia.<\/p>\n<p>Questa\u00a0pietra vulcanica nera\u00a0racchiude misteri, leggende e<strong>\u00a0propriet\u00e0<\/strong>\u00a0davvero spettacolari. A dispetto dei luoghi comuni, l\u2019onice nero non porta sfortuna e non attira energia negativa verso la persona che la indossa. Diciamo piuttosto che spesso viene utilizzata in modo errato.<\/p>\n<p>Questo minerale appartenete alla famiglia dei calcedoni \u00e8 legato al\u00a0primo chakra, quindi dovrebbe essere utilizzato ad esempio come cavigliera,<strong>\u00a0bracciale\u00a0<\/strong>o anello. Se viene incastonato in un ciondolo e portato al collo, va a interferire con energie pi\u00f9 sottili, quelle dei chakra alti, che lavorano su frequenze cromatiche differenti. In realt\u00e0 non si tratta di una pietra completamente nera perch\u00e9, quando naturale e non colorata artificialmente, presenza delle striature bianche.<\/p>\n<p>Secondo una leggenda, l\u2019universo ha avuto origine proprio dall\u2019onice nero. Esplodendo, questo cristallo, diede origine a tutto ci\u00f2 che esiste nel mondo. Non \u00e8 un caso se nel passato veniva definita la<strong>\u00a0casa delle divinit\u00e0,<\/strong>\u00a0il luogo dove rimanevano addormentate.<\/p>\n<h2>A chi \u00e8 rivolto l\u2019onice nero?<\/h2>\n<div class=\"code-block code-block-2 ai-viewport-1 ai-viewport-2\">\n<div><\/div>\n<\/div>\n<p>L\u2019onice nero ha un\u00a0sistema cristallino trigonale. E\u2019 rivolto quindi alla persona pratica, che cerca di vivere la propria vita sotto le\u00a0<strong>leggi della semplicit\u00e0<\/strong>. Invece di circondarsi di problemi, vuole arrivare alla meta in maniera limpida, grazie all\u2019impegno quotidiano.<\/p>\n<p>Non a caso l\u2019onice nero si occupa proprio di questo. Indossandola ci si scherma dalle energie negative e dalle influenze esterne superflue.<\/p>\n<h2>Onice nero: propriet\u00e0 sul corpo, la mente e lo spirito<\/h2>\n<p>Questa pietra di\u00a0colore nero,\u00a0appartiene al\u00a0<strong>gruppo dei quarzi<\/strong>. Viene largamente utilizzata in cristallo terapia per le sue numerose capacit\u00e0 d&#8217;interagire con il corpo, la mente e lo spirito in maniera armoniosa e poco invasiva.<\/p>\n<h3>Benefici a livello fisico<\/h3>\n<p>Come la saggezza popolare ci tramanda, l\u2019onice nera sembra possedere alcune propriet\u00e0 nei confronti del corpo. E\u2019 considerata la\u00a0<strong>pietra dell\u2019udito<\/strong> e di conseguenza va a rafforzare quelle terapie atte a guarire le malattie dell\u2019orecchio. Rafforza anche il sistema immunitario, contrastando le infezioni.<\/p>\n<h3>Benefici a livello psichico e mentale<\/h3>\n<p>Indossando l\u2019onice nero ci diciamo disposti a entrare in <strong>sintonia con le altre persone<\/strong>, comprendendone meglio anche i desideri e le aspirazioni. Questo confronto con gli altri per\u00f2, ci induce anche a capire meglio noi, il nostro mondo interiore.<\/p>\n<p>E\u2019 perfetta quindi in quelle circostanze dove c\u2019\u00e8 bisogno di far chiarezza, sia per quanto riguarda il\u00a0<strong>raggiungimento di obbiettivi<\/strong>, il voler mettere ordine nei sentimenti e nei pensieri e il desiderio di trovare la propria strada. Tutto questo per\u00f2 viene visto sotto la lente nei nostri reali bisogni e non quelli comportamenti che abbiamo adottato per soddisfare il volere di qualcun\u2019altro.<\/p>\n<h3>Benefici a livello spirituale<\/h3>\n<p>Anche a livello spirituale l\u2019onice nero ha diverse propriet\u00e0 molto interessanti. Per prima cosa, ci protegge dalle influenze negative, schermandoci. Questo in realt\u00e0 \u00e8 un compito che spetta un po\u2019 a tutte le pietre nere, come ad esempio la tormalina, che protegge dalle radiazioni emanate dagli apparecchi tecnologici.<\/p>\n<p>L\u2019onice nero poi, ci permette di focalizzare l\u2019attenzione sulle cose davvero utili, a valutare meglio quali sono i giudizi costruttivi e quelli che invece ci vengono dati per demolirci.<\/p>\n<p>Grazie a questo minerale si pu\u00f2 lavorare in maniera molto pi\u00f9 consapevole anche sul\u00a0<strong>primo chakra,<\/strong>\u00a0il quale \u00e8 legato al nostro\u00a0<strong>istinto di sopravvivenza,<\/strong>\u00a0il bisogno di mettere le radici e di trovare il proprio posto nel mondo. Rafforza anche il collegamento con Madre Terra.<\/p>\n<h3><strong>Come pulire l\u2019onice nero<\/strong><\/h3>\n<p>Passate l\u2019onice nero sotto acqua corrente per uno o due minuti. Non lasciatela immersa perch\u00e9 contiene delle tracce di ferro. Per\u00a0caricarla\u00a0invece, sono perfetti gli influssi lunari. Evitate di\u00a0caricarla con il sole\u00a0diretto perch\u00e9 come tutti i quarzi, non ama particolarmente l\u2019esposizione prolungata al calore.<\/p>\n<h2>Occhio di Tigre<\/h2>\n<p>Secondo alcune leggende medioevali l\u2019<strong>occhio di tigre<\/strong>\u00a0riesce a difendere il suo proprietario dai demoni e gli spiriti maligni. I suoi riflessi sono simili a quelli di un occhio e per tanto si ritiene che agisca come protettore nei confronti di questo organo. In India invece, molti secoli fa, questa pietra veniva donata dalla madre al figlio, per aiutarlo a superare tutti i rischi e i problemi giornalieri.<\/p>\n<p>Anni fa mi venne detto che l\u2019occhio di tigre aiuta a\u00a0<strong>non rimanere mai senza denaro,<\/strong>\u00a0da quel giorno ne ho sempre un piccolo esemplare dentro il portafogli. E\u2019 una pietra dal prezzo piuttosto contenuto. L\u2019esemplare nella fotografia qui sopra l\u2019ho comprato 6\/7 anni fa, lo pagai circa 4\u20ac. Le misure non sono molto evidenti, ma \u00e8 di circa 4\/5 centimetri sul lato pi\u00f9 lungo.<\/p>\n<p>L\u2019occhio di tigre appartiene al gruppo dei quarzi, ma non \u00e8 una\u00a0pietra vulcanica, bens\u00ec nasce nelle viscere di<strong>\u00a0Madre Terra.<\/strong> E\u2019 originaria del Sud Africa ma alcuni giacimenti si trovano anche in Australia, India, Brasile e Birmania. I suoi colori sono a dir poco favolosi e sono proprio tutti questi riflessi ad averla resa nota anche come pietra della divinazione. Per la sua particolare bellezza viene ampiamente utilizzata anche per la creazione di gioielli. In cristallo terapia\u00a0invece viene impiegata per armonizzare i\u00a0<strong>centri energetici\u00a0<\/strong>insieme ad altri minerali. L\u2019occhio di tigre non lavora solo sul\u00a0primo chakra\u00a0e l\u2019aura, ma anche sulle altre pietre, amplificando la loro portata.<\/p>\n<h2>A chi \u00e8 rivolto l\u2019occhio di tigre?<\/h2>\n<div class=\"code-block code-block-2 ai-viewport-1 ai-viewport-2\">\n<div><\/div>\n<\/div>\n<p>Di nuovo troviamo un\u00a0sistema cristallino trigonale. Aiuta quelle persone che hanno bisogno di \u201csmussare\u201d un po\u2019 gli angoli del proprio carattere. Le persone sotto questo stile di vita tendono si a vivere con semplicit\u00e0, ma delle volte si dimenticano dei bisogni degli altri. L\u2019occhio di tigre dona equilibrio, imparando si a non farsi carico di pesi inutili, ma rimanendo sempre disposti ad aiutare le persone nel momento del bisogno.<\/p>\n<h2>Occhio di tigre: propriet\u00e0 sulla mente, il corpo e lo spirito<\/h2>\n<p>L\u2019occhio di tigre viene utilizzato in cristallo terapia per<strong>\u00a0armonizzare i primi tre chakra,<\/strong>\u00a0dal chakra della radice fino al plesso solare. E\u2019 una pietra dall\u2019energia maschile, collegata all\u2019elemento fuoco. Vediamo come questa\u00a0pietra\u00a0agisce nello specifico.<\/p>\n<h3>Benefici per la mente<\/h3>\n<p>Indossando costantemente l\u2019occhio di tigre si vanno ad alleviare gli stati di panico e di ansia. Perfetta quindi per quelle persone che cadono in fretta vittime del nervosismo, non riuscendo pi\u00f9 a vedere le cose con la giusta lucidit\u00e0.<br \/>\nAlcuni benefici dell\u2019occhio di tigre sulla mente sono:<\/p>\n<ul>\n<li>Dona chiarezza mentale, aiuta quindi a decidere con una maggior decisione la strada da intraprendere.<\/li>\n<li>La persona che la indossa si sentir\u00e0 molto pi\u00f9 sicura di se, piena di forza.<\/li>\n<li>L\u2019occhio di tigre \u00e8 conosciuto anche come \u201cpietra della volont\u00e0\u201d. Per questo motivo si allinea perfettamente all\u2019energia del terzo chakra. La persona che la indossa si rende conto che deve assumersi le proprie responsabilit\u00e0.<\/li>\n<li>Stimola il senso di stabilit\u00e0 e praticit\u00e0. Aiuta a diventare pi\u00f9 reattivi quando l\u2019occasione lo richiede.<\/li>\n<\/ul>\n<h3>Benefici per il corpo<\/h3>\n<p>Si crede che l\u2019occhio di tigre riesca ad alleviare il dolore. Equilibrando il flusso energetico dona al corpo un senso di rilassamento che riesce a distendere i nervi. E\u2019 particolarmente utile soprattutto in caso di mal di testa, porta benefici al fegato, lo stomaco, l\u2019intestino e la milza. Viene utilizzato anche per alleviare i sintomi dei problemi che colpiscono l\u2019apparato respiratorio, quali asma, bronchite e raffreddore.<\/p>\n<h3>Benefici per lo spirito<\/h3>\n<p>Tanto si sente parlare della\u00a0<strong>Kundalini<\/strong>, il serpente arrotolato alla base della colonna vertebrale, l\u2019energia divina assopita su\u00a0<strong>Muladhara<\/strong>\u00a0(il\u00a0primo chakra). Secondo alcuni, l\u2019occhio di tigre favorisce il risveglio di questa energia. Io direi piuttosto che pu\u00f2 supportare un processo lungo anni d&#8217;introspezione e crescita personale. Non basta certo un minerale per svegliare l\u2019energia divina, la quale <strong>salendo lungo sushumna<\/strong>\u00a0-il canale energetico principale del corpo, corrisponde fisicamente alla spina dorsale \u2013\u00a0\u00a0<strong>porta all\u2019illuminazione.<\/strong><\/p>\n<p>L\u2019occhio di tigre stimola i desideri pi\u00f9 profondi. E\u2019 tutto sommato una delle migliori pietre per la meditazione. I suoi riflessi dorati vibrano con i chakra pi\u00f9 alti e aiutano a connettersi con il divino, provando un senso di amore incondizionato. I desideri poi non appariranno pi\u00f9 irraggiungibili, siano essi di natura spirituale che materiale. E\u2019 una pietra che dona abbondanza in ogni sfera della vita.<\/p>\n<h3>Come pulire l\u2019occhio di tigre<\/h3>\n<p>Trattandosi di una pietra ricca di ferro, io consiglio di non tenerla troppo a contatto con l\u2019acqua. Un lavaggio veloce e un\u2019asciugatura altrettanto rapida ma accurata sono pi\u00f9 che sufficienti. A differenza degli altri quarzi invece,\u00a0si carica molto bene a contatto con i raggi del sole.<\/p>\n<h2>DIASPRO AZZURRO<\/h2>\n<p>Il\u00a0<strong>diaspro azzurro<\/strong>\u00a0\u00e8 utilizzato da molti secoli per le sue propriet\u00e0. I nostri antenati veneravano il diaspro come<strong>\u00a0pietra sacra<\/strong>\u00a0dai poteri metafisici, capace di proteggere chi la indossava e donare coraggio e saggezza.<\/p>\n<p>Veniva utilizzata dai guaritori per aiutare il prossimo, dai guerrieri come protezione in battaglia e da molte donne per ottenere pi\u00f9 fertilit\u00e0. Proprio gli\u00a0antichi Egizi\u00a0collegavano il diaspro rosso al fertile sangue di Iside. Veniva incastonata nelle collane da appendere al collo dei defunti. I Nativi Americani si riferivano a lui come al Sangue della Madre Terra. Lo utilizzavano per portare salute, idee e strategie.<\/p>\n<p>Il diaspro azzurro appartiene alla <strong>famiglia dei quarzi<\/strong> e ha un sistema cristallino triclino.E\u2019 la pietra perfetta per lavorare sul primo chakra. Rafforza il corpo, dona vitalit\u00e0 e resistenza. Utilizzandolo vi sentirete pi\u00f9 determinati, con stabilit\u00e0. Riuscirete a gestire con equilibrio le energie, cos\u00ec da farle durare nel tempo. Aiuta a definire gli obbiettivi e superare le malattie.<\/p>\n<h2 class=\"western\">A chi \u00e8 rivolto il diaspro azzurro?<\/h2>\n<div class=\"code-block code-block-2 ai-viewport-1 ai-viewport-2\">\n<div><\/div>\n<\/div>\n<p>A tutte quelle persone che hanno bisogno di ritrovare la passione, chi si sente stanco di tutto e spesso si sveglia la mattina privo di energia, gi\u00e0 annoiato e assonnato.\u00a0\u00c8 perfetto anche per gli ipocondriaci, in quanto aiuta ad apprezzare lo stato di benessere in cui si trova il corpo, senza concentrarsi su sensazioni fastidiose spesso inesistenti.<\/p>\n<p>Utilizzate il diaspro azzurro se ad esempio state lavorando a un progetto importante e avete bisogno di attingere alla vostra fonte creativa personale.<\/p>\n<h2 class=\"western\">Propriet\u00e0 del diaspro azzurro<\/h2>\n<p>Il diaspro azzurro lavora direttamente sul primo chakra e<strong>\u00a0stimola la Kundalini.<\/strong>\u00a0Viene usato anche per effettuare la pulizia energetica dell\u2019aura. \u00c8 considerata la pietra che riaccende la passione e dona creativit\u00e0. Aiuta a connettersi con la terra, per questo motivo molto appropriata ad esempio durante il radicamento. Vi consiglio di utilizzare un bracciale o un<strong> anello di diaspro azzurro<\/strong>\u00a0per usufruire al meglio delle sue propriet\u00e0. Altrimenti, usatelo in meditazione o a contatto con la pelle, va bene anche nella tasca dei pantaloni.<\/p>\n<h3 class=\"western\">Benefici per il corpo<\/h3>\n<p>Regola le funzioni metaboliche del corpo, dona forza e aumenta la resistenza, soprattutto in coloro che stanno affrontando una malattia debilitante, hanno subito un infortunio o si trovano in ospedale. Si dice che il diaspro rosso aiuti nella rigenerazione del tessuto muscolare e pu\u00f2 migliorare i risultati dell\u2019allenamento fisico. Si pensa che supporta il sistema circolatorio, disintossicandolo. Rafforza il cuore e pu\u00f2 risultare utile durante i trattamenti di anemia.<\/p>\n<p>In\u00a0cristalloterapia\u00a0viene consigliato a chi vuole aumentare la fertilit\u00e0, specialmente a chi sta seguendo dei trattamenti per la fecondazione assistita. La credenza comune \u00e8 quella che aiuta a rendere stabile una\u00a0gravidanza\u00a0e promuove la crescita del feto.\u00a0\u00c8 anche un portafortuna da regalare alla donna che sta partorendo.<\/p>\n<h3 class=\"western\">Benefici per la mente<\/h3>\n<p>\u00c8 una pietra perfetta per resistere ai tentativi altrui di dominarci e allo stesso tempo aiuta a ribellarsi ai casi di violenza fisica e psicologica. Dona coraggio anche al bambino vittima di bullismo. Il diaspro rosso \u00e8 meraviglioso, perch\u00e9 dona tanto coraggio e sostegno. Non \u00e8 una semplice pietra, ma un portafortuna che attrae il pensiero positivo e soprattutto l\u2019amor proprio.<\/p>\n<p>Regalate un diaspro azzurro a quelle persone che hanno perso la passione e la voglia di lottare, che non credono pi\u00f9 in niente e hanno lasciato che l\u2019apatia governi la loro vita. Indossatela se volete risvegliare in voi la creativit\u00e0, se cercate un aiuto per superare un senso di colpa.<\/p>\n<p>Potete trovare in questo cristallo un alleato molto valido nei momenti pi\u00f9 difficili, dove ogni cosa sembra incerta e arriva il momento di mettere in discussione alcuni aspetti della vostra vita.<\/p>\n<h3 class=\"western\">Benefici per lo spirito<\/h3>\n<p>Il suo uso pi\u00f9 importante dal punto di vista spirituale, \u00e8 il risveglio della kundalini, il serpente energetico attorcigliato alla base del nostro sistema energetico, proprio sul primo chakra. Il diaspro azzurro \u00e8 un potente sintonizzatore con l\u2019aspetto pi\u00f9 materiale della vita e con la Madre Terra. Aiuta a correggere le situazioni ingiuste della nostra vita. Per ottenere questo risultato per\u00f2, \u00e8 importante impiegarla nella meditazione. Vi aiuter\u00e0 a esternare i problemi in tempo, prima che siano troppo grandi per poter essere superati. Aiuta a non utilizzare gli schemi sbagliati gi\u00e0 adottati in passato.<\/p>\n<p>Lavorando con il diaspro azzurro in meditazione, potrete bilanciare le energie Yin e Yang, stabilizzare le energie fisiche e riappropriarvi del vostro \u201cqui e ora\u201d. Vi siete mai concentrati sul momento presente, lasciando in disparte ogni singola preoccupazione, per rendervi conto di quanto sia bello VIVERE? Nonostante tutti i problemi, le delusioni e gli impegni della giornata. Concentratevi sul momento stesso che state vivendo e riuscite ad <b>accedere alla vostra scorta infinita di tranquillit\u00e0 e pace<\/b>. Se non ci riuscite, utilizzate un bel diaspro azzurro!<\/p>\n<p>Quando accedete a questo vostro momento speciale, avrete modo di uscire dal letargo, dal pilota automatico. Vi collegherete di nuovo alla realt\u00e0 e riuscirete ad appropriarvi della vostra vita, con equilibrio, resistenza e tanta positivit\u00e0.<\/p>\n<h2 class=\"western\">Leggende e curiosit\u00e0 del diaspro rosso<\/h2>\n<p>Il diaspro azzurro \u00e8 sacro a molte divinit\u00e0, prima tra tutte Cerridwen, dea del Galles dell\u2019ispirazione, della profezia, la magia e la morte. Custodisce la trasformazione spirituale. Onora Iside e pi\u00f9 in generale il divino femminile. La tradizione vuole che il diaspro azzurro sia perfetto per tutti coloro che sono nati nel mese di marzo. A livello zodiacale per\u00f2, \u00e8 perfetta per coloro che sono nati sotto il segno della Vergine e dell\u2019Ariete.<\/p>\n<p>Nel Medioevo veniva indossato come talismano contro i fantasmi e la stregoneria. La leggenda vuole che protegge chi lo indossa dall\u2019annegamento. Gli Indiani d\u2019America lo usavano per proteggersi dai pericoli della notte.<\/p>\n<p>Si pensava che, soprattutto coloro che indossavano un ciondolo di diaspro azzurro fin dalla nascita, erano protetti da annegamento e fantasmi.<\/p>","protected":false},"excerpt":{"rendered":"<div style=\"text-align: left;\">Le charme de cette collection, dans un style parfait\u00a0 <em>VLK<\/em><\/div>\n<div style=\"text-align: left;\">Pour enrichir votre collection, ou pour offrir un cadeau unique \u00e0 une personne sp\u00e9ciale.<br \/>\nTous nos produits sont assembl\u00e9s \u00e0 la main en Italie. Les pierres et les parties en m\u00e9tal (acciaio) conf\u00e8rent \u00e0 leurs imperfections une caract\u00e9ristique sp\u00e9cifique et naturelle.<\/div>\n<div>\n<p>Composizione in filo di cotone: Occhio di Tigre &#8211; Onice Nero &#8211; Diaspro Azzurro &#8211; Croce in Acciaio inossidabile con zircone.<\/p>\n<p>Diametro pietre : mm. 6<\/p>\n<\/div>\n<div>Circonferenza: cm. 60<\/div>","protected":false},"featured_media":20102,"comment_status":"open","ping_status":"closed","template":"","meta":[],"product_cat":[433,218],"product_tag":[],"aioseo_notices":[],"_links":{"self":[{"href":"https:\/\/www.vlkitaly.com\/fr\/wp-json\/wp\/v3\/product\/20101"}],"collection":[{"href":"https:\/\/www.vlkitaly.com\/fr\/wp-json\/wp\/v3\/product"}],"about":[{"href":"https:\/\/www.vlkitaly.com\/fr\/wp-json\/wp\/v2\/types\/product"}],"replies":[{"embeddable":true,"href":"https:\/\/www.vlkitaly.com\/fr\/wp-json\/wp\/v2\/comments?post=20101"}],"wp:featuredmedia":[{"embeddable":true,"href":"https:\/\/www.vlkitaly.com\/fr\/wp-json\/wp\/v2\/media\/20102"}],"wp:attachment":[{"href":"https:\/\/www.vlkitaly.com\/fr\/wp-json\/wp\/v2\/media?parent=20101"}],"wp:term":[{"taxonomy":"product_cat","embeddable":true,"href":"https:\/\/www.vlkitaly.com\/fr\/wp-json\/wp\/v2\/product_cat?post=20101"},{"taxonomy":"product_tag","embeddable":true,"href":"https:\/\/www.vlkitaly.com\/fr\/wp-json\/wp\/v2\/product_tag?post=20101"}],"curies":[{"name":"wp","href":"https:\/\/api.w.org\/{rel}","templated":true}]}}