{"id":19923,"date":"2021-11-05T17:08:21","date_gmt":"2021-11-05T16:08:21","guid":{"rendered":"http:\/\/www.vlkitaly.com\/?post_type=product&#038;p=19923"},"modified":"2025-05-26T08:21:27","modified_gmt":"2025-05-26T06:21:27","slug":"vlk-fc6-87-bracciale-con-filo-in-acciaio-e-pietre-dure-6mm","status":"publish","type":"product","link":"https:\/\/www.vlkitaly.com\/fr\/produit\/vlk-fc6-87-bracciale-con-filo-in-acciaio-e-pietre-dure-6mm\/","title":{"rendered":"[VLK] [FC6-87] BRACONNE AVEC FIL EN ACCIAIO ET PIETRE DURE 6MM"},"content":{"rendered":"<p style=\"text-align: center;\"><img decoding=\"async\" class=\"alignnone size-full wp-image-19871\" src=\"http:\/\/www.vlkitaly.com\/wp-content\/uploads\/2021\/11\/IMMAGINE-DESCRIZIONE-BRACCIALI.jpg\" alt=\"\" width=\"1080\" height=\"314\" srcset=\"https:\/\/www.vlkitaly.com\/wp-content\/uploads\/2021\/11\/IMMAGINE-DESCRIZIONE-BRACCIALI.jpg 1080w, https:\/\/www.vlkitaly.com\/wp-content\/uploads\/2021\/11\/IMMAGINE-DESCRIZIONE-BRACCIALI-800x233.jpg 800w, https:\/\/www.vlkitaly.com\/wp-content\/uploads\/2021\/11\/IMMAGINE-DESCRIZIONE-BRACCIALI-300x87.jpg 300w, https:\/\/www.vlkitaly.com\/wp-content\/uploads\/2021\/11\/IMMAGINE-DESCRIZIONE-BRACCIALI-1024x298.jpg 1024w, https:\/\/www.vlkitaly.com\/wp-content\/uploads\/2021\/11\/IMMAGINE-DESCRIZIONE-BRACCIALI-768x223.jpg 768w, https:\/\/www.vlkitaly.com\/wp-content\/uploads\/2021\/11\/IMMAGINE-DESCRIZIONE-BRACCIALI-600x174.jpg 600w\" sizes=\"(max-width: 1080px) 100vw, 1080px\" \/> <img decoding=\"async\" class=\"alignnone size-full wp-image-19870\" src=\"http:\/\/www.vlkitaly.com\/wp-content\/uploads\/2021\/11\/19-21.jpg\" alt=\"\" width=\"1011\" height=\"358\" srcset=\"https:\/\/www.vlkitaly.com\/wp-content\/uploads\/2021\/11\/19-21.jpg 1011w, https:\/\/www.vlkitaly.com\/wp-content\/uploads\/2021\/11\/19-21-800x283.jpg 800w, https:\/\/www.vlkitaly.com\/wp-content\/uploads\/2021\/11\/19-21-300x106.jpg 300w, https:\/\/www.vlkitaly.com\/wp-content\/uploads\/2021\/11\/19-21-768x272.jpg 768w, https:\/\/www.vlkitaly.com\/wp-content\/uploads\/2021\/11\/19-21-600x212.jpg 600w\" sizes=\"(max-width: 1011px) 100vw, 1011px\" \/><\/p>","protected":false},"excerpt":{"rendered":"<p style=\"text-align: center;\"><img decoding=\"async\" class=\"alignnone size-full wp-image-19882\" src=\"http:\/\/www.vlkitaly.com\/wp-content\/uploads\/2021\/11\/19-21-Allungabile.jpg\" alt=\"\" width=\"500\" height=\"131\" srcset=\"https:\/\/www.vlkitaly.com\/wp-content\/uploads\/2021\/11\/19-21-Allungabile.jpg 500w, https:\/\/www.vlkitaly.com\/wp-content\/uploads\/2021\/11\/19-21-Allungabile-300x79.jpg 300w\" sizes=\"(max-width: 500px) 100vw, 500px\" \/><\/p>\n<ul class=\"a-unordered-list a-vertical a-spacing-mini\">\n<li><span class=\"a-list-item\"> [MAT\u00c9RIEL] : acciaio, pietre dure. La bague est compos\u00e9e de pierres dures. Les perles sont mont\u00e9es sur une cat\u00e9naire ROBUSTE et RESISTANTE en acacia. La bague est l\u00e9g\u00e8re et pratique, elle peut \u00eatre utilis\u00e9e tous les jours et ne s'ab\u00eeme pas au contact de l'eau.<\/span><\/li>\n<li><span class=\"a-list-item\"> [TAGLIA] : le bracelet est r\u00e9glable : il peut \u00eatre utilis\u00e9 de 19 \u00e0 21 cm gr\u00e2ce \u00e0 une corde en acacia qui ne permet pas de l'\u00e9tendre. Les piq\u00fbres ont un diam\u00e8tre de 6mm.<\/span><\/li>\n<li><span class=\"a-list-item\"> [CONFEZIONE REGALO] : le bracelet est livr\u00e9 complet avec une \u00e9l\u00e9gante pochette en coton, sur laquelle est imprim\u00e9 le logo VLK en noir. La simplicit\u00e9 et le soin apport\u00e9 aux d\u00e9tails font de ce bracelet un cadeau pour homme et pour jeune fille adapt\u00e9 \u00e0 toutes les occasions : mariage, anniversaire, Saint Valentin, No\u00ebl, pour le p\u00e8re, le fr\u00e8re, l'ami, le conjoint, le coll\u00e8gue...<\/span><\/li>\n<li><span class=\"a-list-item\"> [MADE IN ITALY] : il bracciale \u00e8 stato realizzato a mano, in Italia.<\/span><\/li>\n<li><span class=\"a-list-item\"> GARANZIA 100% sui nostri bracciali<\/span><\/li>\n<\/ul>","protected":false},"featured_media":19924,"comment_status":"open","ping_status":"closed","template":"","meta":[],"product_cat":[433,115,417],"product_tag":[],"aioseo_notices":[],"_links":{"self":[{"href":"https:\/\/www.vlkitaly.com\/fr\/wp-json\/wp\/v3\/product\/19923"}],"collection":[{"href":"https:\/\/www.vlkitaly.com\/fr\/wp-json\/wp\/v3\/product"}],"about":[{"href":"https:\/\/www.vlkitaly.com\/fr\/wp-json\/wp\/v2\/types\/product"}],"replies":[{"embeddable":true,"href":"https:\/\/www.vlkitaly.com\/fr\/wp-json\/wp\/v2\/comments?post=19923"}],"wp:featuredmedia":[{"embeddable":true,"href":"https:\/\/www.vlkitaly.com\/fr\/wp-json\/wp\/v2\/media\/19924"}],"wp:attachment":[{"href":"https:\/\/www.vlkitaly.com\/fr\/wp-json\/wp\/v2\/media?parent=19923"}],"wp:term":[{"taxonomy":"product_cat","embeddable":true,"href":"https:\/\/www.vlkitaly.com\/fr\/wp-json\/wp\/v2\/product_cat?post=19923"},{"taxonomy":"product_tag","embeddable":true,"href":"https:\/\/www.vlkitaly.com\/fr\/wp-json\/wp\/v2\/product_tag?post=19923"}],"curies":[{"name":"wp","href":"https:\/\/api.w.org\/{rel}","templated":true}]}}