{"id":19365,"date":"2021-04-01T12:21:10","date_gmt":"2021-04-01T10:21:10","guid":{"rendered":"http:\/\/www.vlkitaly.com\/?post_type=product&#038;p=19365"},"modified":"2025-10-14T17:44:50","modified_gmt":"2025-10-14T15:44:50","slug":"vlk-th-7047-occhiale-da-sole-sportivo-polarizzato","status":"publish","type":"product","link":"https:\/\/www.vlkitaly.com\/fr\/produit\/vlk-th-7047-occhiale-da-sole-sportivo-polarizzato\/","title":{"rendered":"[VLK] [TH-7047] Occhiale da sole sportivo polarizzato"},"content":{"rendered":"<h3><img decoding=\"async\" class=\"wp-image-19333 aligncenter\" src=\"http:\/\/www.vlkitaly.com\/wp-content\/uploads\/2021\/04\/Vlk-Occhiali-Nero.png\" alt=\"\" width=\"342\" height=\"127\" srcset=\"https:\/\/www.vlkitaly.com\/wp-content\/uploads\/2021\/04\/Vlk-Occhiali-Nero.png 1778w, https:\/\/www.vlkitaly.com\/wp-content\/uploads\/2021\/04\/Vlk-Occhiali-Nero-800x297.png 800w, https:\/\/www.vlkitaly.com\/wp-content\/uploads\/2021\/04\/Vlk-Occhiali-Nero-300x111.png 300w, https:\/\/www.vlkitaly.com\/wp-content\/uploads\/2021\/04\/Vlk-Occhiali-Nero-1024x380.png 1024w, https:\/\/www.vlkitaly.com\/wp-content\/uploads\/2021\/04\/Vlk-Occhiali-Nero-768x285.png 768w, https:\/\/www.vlkitaly.com\/wp-content\/uploads\/2021\/04\/Vlk-Occhiali-Nero-1536x570.png 1536w, https:\/\/www.vlkitaly.com\/wp-content\/uploads\/2021\/04\/Vlk-Occhiali-Nero-600x223.png 600w\" sizes=\"(max-width: 342px) 100vw, 342px\" \/><\/h3>\n<h3 style=\"text-align: center;\"><strong>Le VLK est un acteur majeur du sport.<\/strong><\/h3>\n<p>&nbsp;<\/p>\n<p><img decoding=\"async\" class=\"size-full wp-image-19330 aligncenter\" src=\"http:\/\/www.vlkitaly.com\/wp-content\/uploads\/2021\/04\/be305504-4620-418c-b458-6597ce4f750c.__CR00970600_PT0_SX970_V1___.jpg\" alt=\"\" width=\"970\" height=\"600\" srcset=\"https:\/\/www.vlkitaly.com\/wp-content\/uploads\/2021\/04\/be305504-4620-418c-b458-6597ce4f750c.__CR00970600_PT0_SX970_V1___.jpg 970w, https:\/\/www.vlkitaly.com\/wp-content\/uploads\/2021\/04\/be305504-4620-418c-b458-6597ce4f750c.__CR00970600_PT0_SX970_V1___-800x495.jpg 800w, https:\/\/www.vlkitaly.com\/wp-content\/uploads\/2021\/04\/be305504-4620-418c-b458-6597ce4f750c.__CR00970600_PT0_SX970_V1___-300x186.jpg 300w, https:\/\/www.vlkitaly.com\/wp-content\/uploads\/2021\/04\/be305504-4620-418c-b458-6597ce4f750c.__CR00970600_PT0_SX970_V1___-768x475.jpg 768w, https:\/\/www.vlkitaly.com\/wp-content\/uploads\/2021\/04\/be305504-4620-418c-b458-6597ce4f750c.__CR00970600_PT0_SX970_V1___-600x371.jpg 600w\" sizes=\"(max-width: 970px) 100vw, 970px\" \/><\/p>\n<h4 class=\"a-spacing-mini\" style=\"text-align: center;\">Lentilles de haute qualit\u00e9<\/h4>\n<p class=\"a-spacing-base\" style=\"text-align: center;\">Les lentilles sont r\u00e9alis\u00e9es avec des mat\u00e9riaux de haute qualit\u00e9 qui augmentent la visibilit\u00e9 du champ visuel.<\/p>\n<p><img decoding=\"async\" class=\"size-full wp-image-19332 aligncenter\" src=\"http:\/\/www.vlkitaly.com\/wp-content\/uploads\/2021\/04\/lenti.jpg\" alt=\"\" width=\"970\" height=\"384\" srcset=\"https:\/\/www.vlkitaly.com\/wp-content\/uploads\/2021\/04\/lenti.jpg 970w, https:\/\/www.vlkitaly.com\/wp-content\/uploads\/2021\/04\/lenti-800x317.jpg 800w, https:\/\/www.vlkitaly.com\/wp-content\/uploads\/2021\/04\/lenti-300x119.jpg 300w, https:\/\/www.vlkitaly.com\/wp-content\/uploads\/2021\/04\/lenti-768x304.jpg 768w, https:\/\/www.vlkitaly.com\/wp-content\/uploads\/2021\/04\/lenti-600x238.jpg 600w\" sizes=\"(max-width: 970px) 100vw, 970px\" \/><\/p>\n<p>&nbsp;<\/p>","protected":false},"excerpt":{"rendered":"<ul class=\"a-unordered-list a-vertical a-spacing-mini\">\n<li><span class=\"a-list-item\">PRATICA SOSTITUZIONE DELLA LENTE : Par rapport \u00e0 d'autres \u00e9quipements sportifs de sol dans lesquels il faut passer plus de temps pour la sustentation de la balle, les \u00e9quipements sportifs VLK permettent de compl\u00e9ter l'op\u00e9ration avec un simple passage. De quelle mani\u00e8re ? Estraendo la lente dal lato sinistro e destro del telaio, sostituirla e fissarla con il telaio.<\/span><\/li>\n<li><span class=\"a-list-item\">TRE LENTI INTERCAMBIABILI: Tutte le lenti presentano un rivestimento protettivo al 100% ai raggi UV400, bloccano anche i raggi UVA e UVB che sono dannosi per i nostri occhi. Le lenti sono polarizzate e non alterano i colori. La lente principale \u00e8 colorata ma esistono lenti grigie per una forte luce solare e anche una lente gialla per aver la possibilit\u00e0 di utilizzarli durante i giri nebbiosi<\/span><\/li>\n<li><span class=\"a-list-item\">MAT\u00c9RIAU DE GOMME MORBIDE : Les nez, r\u00e9alis\u00e9s en silicone morbide, s'adaptent parfaitement au nez. Pendant la pratique d'un sport, comme par exemple la course \u00e0 pied ou le cyclisme, elles resteront fermes, sans subir aucun dommage.<\/span><\/li>\n<li><span class=\"a-list-item\">ACCESSORI E NUMEROSI STILI : VLK se consacre toujours \u00e0 la r\u00e9alisation de produits de haute qualit\u00e9. Nous proposons des accessoires de semelle pour homme et femme, avec une grande vari\u00e9t\u00e9 de couleurs, afin de r\u00e9pondre \u00e0 vos besoins personnels. Les accessoires pr\u00e9sent\u00e9s sont multiples, notamment : une garde rigoureuse, une garde morbide, une plaque de cuisson pour la pulizia des occhiali, une lente grigia et une lente gialla.<\/span><\/li>\n<\/ul>","protected":false},"featured_media":19376,"comment_status":"open","ping_status":"closed","template":"","meta":[],"product_cat":[159,80,112],"product_tag":[210],"aioseo_notices":[],"_links":{"self":[{"href":"https:\/\/www.vlkitaly.com\/fr\/wp-json\/wp\/v3\/product\/19365"}],"collection":[{"href":"https:\/\/www.vlkitaly.com\/fr\/wp-json\/wp\/v3\/product"}],"about":[{"href":"https:\/\/www.vlkitaly.com\/fr\/wp-json\/wp\/v2\/types\/product"}],"replies":[{"embeddable":true,"href":"https:\/\/www.vlkitaly.com\/fr\/wp-json\/wp\/v2\/comments?post=19365"}],"wp:featuredmedia":[{"embeddable":true,"href":"https:\/\/www.vlkitaly.com\/fr\/wp-json\/wp\/v2\/media\/19376"}],"wp:attachment":[{"href":"https:\/\/www.vlkitaly.com\/fr\/wp-json\/wp\/v2\/media?parent=19365"}],"wp:term":[{"taxonomy":"product_cat","embeddable":true,"href":"https:\/\/www.vlkitaly.com\/fr\/wp-json\/wp\/v2\/product_cat?post=19365"},{"taxonomy":"product_tag","embeddable":true,"href":"https:\/\/www.vlkitaly.com\/fr\/wp-json\/wp\/v2\/product_tag?post=19365"}],"curies":[{"name":"wp","href":"https:\/\/api.w.org\/{rel}","templated":true}]}}