{"id":18114,"date":"2020-11-26T16:15:34","date_gmt":"2020-11-26T15:15:34","guid":{"rendered":"http:\/\/www.vlkitaly.com\/?post_type=product&#038;p=18114"},"modified":"2023-03-16T15:55:33","modified_gmt":"2023-03-16T14:55:33","slug":"vlk-lm-1086-h-35-cintura-di-pelle","status":"publish","type":"product","link":"https:\/\/www.vlkitaly.com\/fr\/produit\/vlk-lm-1086-h-35-cintura-di-pelle\/","title":{"rendered":"[VLK] [LM-1086] [H-3,5] Cintura di Pelle"},"content":{"rendered":"<p style=\"text-align: center;\">Chiusura regolabile con fibbia.<br \/>\nCuisson \u00e0 base de l\u00e9gumes, lav\u00e9s et mis en bouteille.<br \/>\nEffetto Vintage<\/p>\n<p style=\"text-align: center;\">Cintura con la possibilit\u00e0 d'essere accorciata<\/p>\n<p style=\"text-align: center;\">Vera Pelle Fabriqu\u00e9 en Italie.<\/p>\n<p style=\"text-align: center;\"><strong>H. 3,5 cm<\/strong><\/p>\n<p><img decoding=\"async\" class=\"size-medium wp-image-20858 aligncenter\" src=\"http:\/\/www.vlkitaly.com\/wp-content\/uploads\/2022\/05\/belts_size-300x135.jpg\" alt=\"\" width=\"300\" height=\"135\" srcset=\"https:\/\/www.vlkitaly.com\/wp-content\/uploads\/2022\/05\/belts_size-300x135.jpg 300w, https:\/\/www.vlkitaly.com\/wp-content\/uploads\/2022\/05\/belts_size.jpg 494w\" sizes=\"(max-width: 300px) 100vw, 300px\" \/><\/p>","protected":false},"excerpt":{"rendered":"<p style=\"text-align: center;\">Chiusura regolabile con fibbia.<br \/>\nCuisson \u00e0 base de l\u00e9gumes, lav\u00e9s et mis en bouteille.<br \/>\nEffetto Vintage<\/p>\n<p style=\"text-align: center;\">Cintura con la possibilit\u00e0 d'essere accorciata<\/p>\n<p style=\"text-align: center;\">Vera Pelle Fabriqu\u00e9 en Italie.<\/p>\n<p style=\"text-align: center;\"><strong>H. 3,5 cm<\/strong><\/p>","protected":false},"featured_media":18126,"comment_status":"open","ping_status":"closed","template":"","meta":[],"product_cat":[100,106,434],"product_tag":[],"aioseo_notices":[],"_links":{"self":[{"href":"https:\/\/www.vlkitaly.com\/fr\/wp-json\/wp\/v3\/product\/18114"}],"collection":[{"href":"https:\/\/www.vlkitaly.com\/fr\/wp-json\/wp\/v3\/product"}],"about":[{"href":"https:\/\/www.vlkitaly.com\/fr\/wp-json\/wp\/v2\/types\/product"}],"replies":[{"embeddable":true,"href":"https:\/\/www.vlkitaly.com\/fr\/wp-json\/wp\/v2\/comments?post=18114"}],"wp:featuredmedia":[{"embeddable":true,"href":"https:\/\/www.vlkitaly.com\/fr\/wp-json\/wp\/v2\/media\/18126"}],"wp:attachment":[{"href":"https:\/\/www.vlkitaly.com\/fr\/wp-json\/wp\/v2\/media?parent=18114"}],"wp:term":[{"taxonomy":"product_cat","embeddable":true,"href":"https:\/\/www.vlkitaly.com\/fr\/wp-json\/wp\/v2\/product_cat?post=18114"},{"taxonomy":"product_tag","embeddable":true,"href":"https:\/\/www.vlkitaly.com\/fr\/wp-json\/wp\/v2\/product_tag?post=18114"}],"curies":[{"name":"wp","href":"https:\/\/api.w.org\/{rel}","templated":true}]}}