{"id":17529,"date":"2020-11-09T18:05:00","date_gmt":"2020-11-09T17:05:00","guid":{"rendered":"http:\/\/www.vlkitaly.com\/?post_type=product&#038;p=17529"},"modified":"2022-11-28T09:58:20","modified_gmt":"2022-11-28T08:58:20","slug":"petcollarc-082h1-dog-collar","status":"publish","type":"product","link":"https:\/\/www.vlkitaly.com\/fr\/produit\/petcollarc-082h1-dog-collar\/","title":{"rendered":"[PET][COLLIER][C-082][H1] Collier pour chien"},"content":{"rendered":"<p><img decoding=\"async\" style=\"display: block; margin-left: auto; margin-right: auto;\" src=\"https:\/\/i.ibb.co\/nbD9Bz1\/Vlk-Italy-Nero.png\" alt=\"\" width=\"640\" height=\"98\" \/><\/p>\n<hr \/>\n<h3 class=\"a-spacing-mini\" style=\"text-align: center;\">VLK C-082, Collare per cani borchiato in vera pelle conciata al vegetale<\/h3>\n<p class=\"a-spacing-base\" style=\"text-align: center;\">Il collare per cani VLK \u00e8 realizzato in vera pelle per i momenti speciali con gli amici a quattro zampe. Il modello C-082 \u00e8 prodotto vera pelle Made in Italy. Dato che la pelle di VLK \u00e8 un prodotto naturale vero e proprio, non solo diventa ogni giorno pi\u00f9 bello con la dovuta manutenzione, ma resiste senza problemi anche alle sollecitazioni di sole, acqua e attrito naturale del mantello.<\/p>\n<h4 class=\"a-spacing-mini\" style=\"text-align: center;\">Un design qui nous est propre<\/h4>\n<p class=\"a-size-small\" style=\"text-align: center;\">VLK propose des produits de qualit\u00e9, fabriqu\u00e9s artisanalement et caract\u00e9ris\u00e9s par un design personnalis\u00e9 et une grande praticit\u00e9.<\/p>\n<h4 class=\"a-spacing-mini\" style=\"text-align: center;\">Notre objectif : la qualit\u00e9<\/h4>\n<p class=\"a-size-small\" style=\"text-align: center;\">Assurant une longue dur\u00e9e de vie, la r\u00e9sistance aux d\u00e9chirures et l'\u00e9lasticit\u00e9 avec le maximum de confort, les produits VLK sont fabriqu\u00e9s artisanalement et dans des processus de production contr\u00f4l\u00e9s selon les normes de qualit\u00e9 italiennes. Chaque produit fait l'objet d'un contr\u00f4le interne individuel avant d'\u00eatre commercialis\u00e9.<\/p>\n<h4 class=\"a-spacing-mini\" style=\"text-align: center;\">Materie prime testate<\/h4>\n<p class=\"a-size-small\" style=\"text-align: center;\">En tant qu'entreprise italienne, l'acquisition durable des produits de qualit\u00e9 est particuli\u00e8rement importante pour VLK, qui soumet les produits de premi\u00e8re qualit\u00e9 \u00e0 plusieurs crit\u00e8res de v\u00e9rification. Seules les pellets et les tesselles qui ne respectent pas les normes communautaires passent \u00e0 l'\u00e9tape de la production.<\/p>\n<p style=\"text-align: center;\"><strong>Pour stabiliser l'\u00e9tiquette du collier, malmener la circonf\u00e9rence du collier de la canne. Utiliser un m\u00e9tro \u00e0 nastro ou une cordelette et une cordelette (ajouter deux dalles en largeur pour ne pas risquer de trop s'\u00e9tirer). Si la conf\u00e9rence se d\u00e9roule \u00e0 l'estremit\u00e0 superiore, il est n\u00e9cessaire d'utiliser une \u00e9tiquette en plus.<\/strong><\/p>","protected":false},"excerpt":{"rendered":"<h3 class=\"a-spacing-mini\" style=\"text-align: center;\">VLK C-082, Collare per cani borchiato in vera pelle conciata al vegetale<\/h3>\n<p class=\"a-spacing-base\" style=\"text-align: center;\">Il collare per cani VLK \u00e8 realizzato in vera pelle per i momenti speciali con gli amici a quattro zampe. Il modello C-082 \u00e8 prodotto vera pelle Made in Italy. Dato che la pelle di VLK \u00e8 un prodotto naturale vero e proprio, non solo diventa ogni giorno pi\u00f9 bello con la dovuta manutenzione, ma resiste senza problemi anche alle sollecitazioni di sole, acqua e attrito naturale del mantello.<\/p>\n<h4 class=\"a-spacing-mini\" style=\"text-align: center;\">Un design qui nous est propre<\/h4>\n<p class=\"a-size-small\" style=\"text-align: center;\">VLK propose des produits de qualit\u00e9, fabriqu\u00e9s artisanalement et caract\u00e9ris\u00e9s par un design personnalis\u00e9 et une grande praticit\u00e9.<\/p>\n<h4 class=\"a-spacing-mini\" style=\"text-align: center;\">Notre objectif : la qualit\u00e9<\/h4>\n<p class=\"a-size-small\" style=\"text-align: center;\">Assurant une longue dur\u00e9e de vie, la r\u00e9sistance aux d\u00e9chirures et l'\u00e9lasticit\u00e9 avec le maximum de confort, les produits VLK sont fabriqu\u00e9s artisanalement et dans des processus de production contr\u00f4l\u00e9s selon les normes de qualit\u00e9 italiennes. Chaque produit fait l'objet d'un contr\u00f4le interne individuel avant d'\u00eatre commercialis\u00e9.<\/p>\n<h4 class=\"a-spacing-mini\" style=\"text-align: center;\">Materie prime testate<\/h4>\n<p class=\"a-size-small\" style=\"text-align: center;\">En tant qu'entreprise italienne, l'acquisition durable des produits de qualit\u00e9 est particuli\u00e8rement importante pour VLK, qui soumet les produits de premi\u00e8re qualit\u00e9 \u00e0 plusieurs crit\u00e8res de v\u00e9rification. Seules les pellets et les tesselles qui ne respectent pas les normes communautaires passent \u00e0 l'\u00e9tape de la production.<\/p>\n<p style=\"text-align: center;\"><strong>Pour stabiliser l'\u00e9tiquette du collier, malmener la circonf\u00e9rence du collier de la canne. Utiliser un m\u00e9tro \u00e0 nastro ou une cordelette et une cordelette (ajouter deux dalles en largeur pour ne pas risquer de trop s'\u00e9tirer). Si la conf\u00e9rence se d\u00e9roule \u00e0 l'estremit\u00e0 superiore, il est n\u00e9cessaire d'utiliser une \u00e9tiquette en plus.<\/strong><\/p>","protected":false},"featured_media":17533,"comment_status":"open","ping_status":"closed","template":"","meta":[],"product_cat":[158,155],"product_tag":[201],"aioseo_notices":[],"_links":{"self":[{"href":"https:\/\/www.vlkitaly.com\/fr\/wp-json\/wp\/v3\/product\/17529"}],"collection":[{"href":"https:\/\/www.vlkitaly.com\/fr\/wp-json\/wp\/v3\/product"}],"about":[{"href":"https:\/\/www.vlkitaly.com\/fr\/wp-json\/wp\/v2\/types\/product"}],"replies":[{"embeddable":true,"href":"https:\/\/www.vlkitaly.com\/fr\/wp-json\/wp\/v2\/comments?post=17529"}],"wp:featuredmedia":[{"embeddable":true,"href":"https:\/\/www.vlkitaly.com\/fr\/wp-json\/wp\/v2\/media\/17533"}],"wp:attachment":[{"href":"https:\/\/www.vlkitaly.com\/fr\/wp-json\/wp\/v2\/media?parent=17529"}],"wp:term":[{"taxonomy":"product_cat","embeddable":true,"href":"https:\/\/www.vlkitaly.com\/fr\/wp-json\/wp\/v2\/product_cat?post=17529"},{"taxonomy":"product_tag","embeddable":true,"href":"https:\/\/www.vlkitaly.com\/fr\/wp-json\/wp\/v2\/product_tag?post=17529"}],"curies":[{"name":"wp","href":"https:\/\/api.w.org\/{rel}","templated":true}]}}