{"id":17492,"date":"2020-11-09T12:04:47","date_gmt":"2020-11-09T11:04:47","guid":{"rendered":"http:\/\/www.vlkitaly.com\/?post_type=product&#038;p=17492"},"modified":"2022-11-28T09:58:55","modified_gmt":"2022-11-28T08:58:55","slug":"petcollarc-006h4-dog-collar","status":"publish","type":"product","link":"https:\/\/www.vlkitaly.com\/fr\/produit\/petcollarc-006h4-dog-collar\/","title":{"rendered":"[PET] [COLLAR] [C-006] [H4] Collier pour chien"},"content":{"rendered":"<p><img decoding=\"async\" style=\"display: block; margin-left: auto; margin-right: auto;\" src=\"https:\/\/i.ibb.co\/nbD9Bz1\/Vlk-Italy-Nero.png\" alt=\"\" width=\"640\" height=\"98\" \/><\/p>\n<hr \/>\n<h3 class=\"a-spacing-mini\" style=\"text-align: center;\">VLK C-006, Collare per cani in vera pelle conciata al vegetale<\/h3>\n<p class=\"a-spacing-base\" style=\"text-align: center;\">Le collier pour chien VLK a \u00e9t\u00e9 r\u00e9alis\u00e9 en cuir v\u00e9ritable pour les moments privil\u00e9gi\u00e9s avec les amis \u00e0 quatre pattes. Le mod\u00e8le C-006 est fabriqu\u00e9 en Italie. \u00c9tant donn\u00e9 que la pelote de VLK est un produit naturel authentique et propre, non seulement elle devient chaque jour plus belle gr\u00e2ce \u00e0 une bonne manipulation, mais elle r\u00e9siste sans probl\u00e8me aux sollicitations de la sole, de l'eau et de l'usure naturelle du manteau.<\/p>\n<h4 class=\"a-spacing-mini\" style=\"text-align: center;\">Un design qui nous est propre<\/h4>\n<p class=\"a-size-small\" style=\"text-align: center;\">VLK propose des produits de qualit\u00e9, fabriqu\u00e9s artisanalement et caract\u00e9ris\u00e9s par un design personnalis\u00e9 et une grande praticit\u00e9.<\/p>\n<h4 class=\"a-spacing-mini\" style=\"text-align: center;\">Notre objectif : la qualit\u00e9<\/h4>\n<p class=\"a-size-small\" style=\"text-align: center;\">Assurant une longue dur\u00e9e de vie, la r\u00e9sistance aux d\u00e9chirures et l'\u00e9lasticit\u00e9 avec le maximum de confort, les produits VLK sont fabriqu\u00e9s artisanalement et dans des processus de production contr\u00f4l\u00e9s selon les normes de qualit\u00e9 italiennes. Chaque produit fait l'objet d'un contr\u00f4le interne individuel avant d'\u00eatre commercialis\u00e9.<\/p>\n<h4 class=\"a-spacing-mini\" style=\"text-align: center;\">Materie prime testate<\/h4>\n<p class=\"a-size-small\" style=\"text-align: center;\">En tant qu'entreprise italienne, l'acquisition durable des produits de qualit\u00e9 est particuli\u00e8rement importante pour VLK, qui soumet les produits de premi\u00e8re qualit\u00e9 \u00e0 plusieurs crit\u00e8res de v\u00e9rification. Seules les pellets et les tesselles qui ne respectent pas les normes communautaires passent \u00e0 l'\u00e9tape de la production.<\/p>\n<p class=\"a-size-small\" style=\"text-align: center;\"><strong>Pour stabiliser l'\u00e9tiquette du collier, malmener la circonf\u00e9rence du collier de la canne. Utiliser un m\u00e9tro \u00e0 nastro ou une cordelette et une cordelette (ajouter deux dalles en largeur pour ne pas risquer de trop s'\u00e9tirer). Si la conf\u00e9rence se d\u00e9roule \u00e0 l'estremit\u00e0 superiore, il est n\u00e9cessaire d'utiliser une \u00e9tiquette en plus.<\/strong><\/p>","protected":false},"excerpt":{"rendered":"<p><img decoding=\"async\" style=\"display: block; margin-left: auto; margin-right: auto;\" src=\"https:\/\/i.ibb.co\/nbD9Bz1\/Vlk-Italy-Nero.png\" alt=\"\" width=\"640\" height=\"98\" \/><\/p>\n<hr \/>\n<h3 class=\"a-spacing-mini\" style=\"text-align: center;\">VLK C-006, Collare per cani in vera pelle conciata al vegetale<\/h3>\n<p class=\"a-spacing-base\" style=\"text-align: center;\">Le collier pour chien VLK a \u00e9t\u00e9 r\u00e9alis\u00e9 en cuir v\u00e9ritable pour les moments privil\u00e9gi\u00e9s avec les amis \u00e0 quatre pattes. Le mod\u00e8le C-006 est fabriqu\u00e9 en Italie. \u00c9tant donn\u00e9 que la pelote de VLK est un produit naturel authentique et propre, non seulement elle devient chaque jour plus belle gr\u00e2ce \u00e0 une bonne manipulation, mais elle r\u00e9siste sans probl\u00e8me aux sollicitations de la sole, de l'eau et de l'usure naturelle du manteau.<\/p>\n<h4 class=\"a-spacing-mini\" style=\"text-align: center;\">Un design qui nous est propre<\/h4>\n<p class=\"a-size-small\" style=\"text-align: center;\">VLK propose des produits de qualit\u00e9, fabriqu\u00e9s artisanalement et caract\u00e9ris\u00e9s par un design personnalis\u00e9 et une grande praticit\u00e9.<\/p>\n<h4 class=\"a-spacing-mini\" style=\"text-align: center;\">Notre objectif : la qualit\u00e9<\/h4>\n<p class=\"a-size-small\" style=\"text-align: center;\">Assurant une longue dur\u00e9e de vie, la r\u00e9sistance aux d\u00e9chirures et l'\u00e9lasticit\u00e9 avec le maximum de confort, les produits VLK sont fabriqu\u00e9s artisanalement et dans des processus de production contr\u00f4l\u00e9s selon les normes de qualit\u00e9 italiennes. Chaque produit fait l'objet d'un contr\u00f4le interne individuel avant d'\u00eatre commercialis\u00e9.<\/p>\n<h4 class=\"a-spacing-mini\" style=\"text-align: center;\">Materie prime testate<\/h4>\n<p class=\"a-size-small\" style=\"text-align: center;\">En tant qu'entreprise italienne, l'acquisition durable des produits de qualit\u00e9 est particuli\u00e8rement importante pour VLK, qui soumet les produits de premi\u00e8re qualit\u00e9 \u00e0 plusieurs crit\u00e8res de v\u00e9rification. Seules les pellets et les tesselles qui ne respectent pas les normes communautaires passent \u00e0 l'\u00e9tape de la production.<\/p>\n<p class=\"a-size-small\" style=\"text-align: center;\"><strong>Pour stabiliser l'\u00e9tiquette du collier, malmener la circonf\u00e9rence du collier de la canne. Utiliser un m\u00e9tro \u00e0 nastro ou une cordelette et une cordelette (ajouter deux dalles en largeur pour ne pas risquer de trop s'\u00e9tirer). Si la conf\u00e9rence se d\u00e9roule \u00e0 l'estremit\u00e0 superiore, il est n\u00e9cessaire d'utiliser une \u00e9tiquette en plus.<\/strong><\/p>","protected":false},"featured_media":17499,"comment_status":"open","ping_status":"closed","template":"","meta":[],"product_cat":[158,155],"product_tag":[199,198],"aioseo_notices":[],"_links":{"self":[{"href":"https:\/\/www.vlkitaly.com\/fr\/wp-json\/wp\/v3\/product\/17492"}],"collection":[{"href":"https:\/\/www.vlkitaly.com\/fr\/wp-json\/wp\/v3\/product"}],"about":[{"href":"https:\/\/www.vlkitaly.com\/fr\/wp-json\/wp\/v2\/types\/product"}],"replies":[{"embeddable":true,"href":"https:\/\/www.vlkitaly.com\/fr\/wp-json\/wp\/v2\/comments?post=17492"}],"wp:featuredmedia":[{"embeddable":true,"href":"https:\/\/www.vlkitaly.com\/fr\/wp-json\/wp\/v2\/media\/17499"}],"wp:attachment":[{"href":"https:\/\/www.vlkitaly.com\/fr\/wp-json\/wp\/v2\/media?parent=17492"}],"wp:term":[{"taxonomy":"product_cat","embeddable":true,"href":"https:\/\/www.vlkitaly.com\/fr\/wp-json\/wp\/v2\/product_cat?post=17492"},{"taxonomy":"product_tag","embeddable":true,"href":"https:\/\/www.vlkitaly.com\/fr\/wp-json\/wp\/v2\/product_tag?post=17492"}],"curies":[{"name":"wp","href":"https:\/\/api.w.org\/{rel}","templated":true}]}}