{"id":17194,"date":"2020-08-28T15:51:00","date_gmt":"2020-08-28T13:51:00","guid":{"rendered":"http:\/\/www.vlkitaly.com\/?post_type=product&#038;p=17194"},"modified":"2023-03-16T15:55:32","modified_gmt":"2023-03-16T14:55:32","slug":"vlk-lm-1118-h-2-cintura-di-pelle","status":"publish","type":"product","link":"https:\/\/www.vlkitaly.com\/fr\/produit\/vlk-lm-1118-h-2-cintura-di-pelle\/","title":{"rendered":"[VLK] [LM-1118] [H-2] Cintura di Pelle"},"content":{"rendered":"<p style=\"text-align: center;\">Chiusura regolabile con fibbia.<br \/>\nCuisson \u00e0 base de l\u00e9gumes, lav\u00e9s et mis en bouteille.<br \/>\nEffetto Vintage<\/p>\n<p style=\"text-align: center;\">Cintura con la possibilit\u00e0 d'essere accorciata<\/p>\n<p style=\"text-align: center;\">Vera Pelle Fabriqu\u00e9 en Italie.<\/p>\n<p style=\"text-align: center;\"><strong>H. 2 cm<\/strong><\/p>\n<p><img decoding=\"async\" class=\"size-medium wp-image-20858 aligncenter\" src=\"http:\/\/www.vlkitaly.com\/wp-content\/uploads\/2022\/05\/belts_size-300x135.jpg\" alt=\"\" width=\"300\" height=\"135\" srcset=\"https:\/\/www.vlkitaly.com\/wp-content\/uploads\/2022\/05\/belts_size-300x135.jpg 300w, https:\/\/www.vlkitaly.com\/wp-content\/uploads\/2022\/05\/belts_size.jpg 494w\" sizes=\"(max-width: 300px) 100vw, 300px\" \/><\/p>","protected":false},"excerpt":{"rendered":"<p style=\"text-align: center;\">Chiusura regolabile con fibbia.<br \/>\nCuisson \u00e0 base de l\u00e9gumes, lav\u00e9s et mis en bouteille.<br \/>\nEffetto Vintage<\/p>\n<p style=\"text-align: center;\">Cintura con la possibilit\u00e0 d'essere accorciata<\/p>\n<p style=\"text-align: center;\">Vera Pelle Fabriqu\u00e9 en Italie.<\/p>\n<p style=\"text-align: center;\"><strong>H. 2 cm<\/strong><\/p>","protected":false},"featured_media":17201,"comment_status":"open","ping_status":"closed","template":"","meta":[],"product_cat":[100,106,434],"product_tag":[],"aioseo_notices":[],"_links":{"self":[{"href":"https:\/\/www.vlkitaly.com\/fr\/wp-json\/wp\/v3\/product\/17194"}],"collection":[{"href":"https:\/\/www.vlkitaly.com\/fr\/wp-json\/wp\/v3\/product"}],"about":[{"href":"https:\/\/www.vlkitaly.com\/fr\/wp-json\/wp\/v2\/types\/product"}],"replies":[{"embeddable":true,"href":"https:\/\/www.vlkitaly.com\/fr\/wp-json\/wp\/v2\/comments?post=17194"}],"wp:featuredmedia":[{"embeddable":true,"href":"https:\/\/www.vlkitaly.com\/fr\/wp-json\/wp\/v2\/media\/17201"}],"wp:attachment":[{"href":"https:\/\/www.vlkitaly.com\/fr\/wp-json\/wp\/v2\/media?parent=17194"}],"wp:term":[{"taxonomy":"product_cat","embeddable":true,"href":"https:\/\/www.vlkitaly.com\/fr\/wp-json\/wp\/v2\/product_cat?post=17194"},{"taxonomy":"product_tag","embeddable":true,"href":"https:\/\/www.vlkitaly.com\/fr\/wp-json\/wp\/v2\/product_tag?post=17194"}],"curies":[{"name":"wp","href":"https:\/\/api.w.org\/{rel}","templated":true}]}}