{"id":21848,"date":"2023-02-25T16:47:48","date_gmt":"2023-02-25T15:47:48","guid":{"rendered":"http:\/\/129.152.23.17:8082\/?page_id=21848"},"modified":"2023-02-25T16:48:43","modified_gmt":"2023-02-25T15:48:43","slug":"shipping-and-delivery","status":"publish","type":"page","link":"https:\/\/www.vlkitaly.com\/fr\/shipping-and-delivery\/","title":{"rendered":"Exp\u00e9dition et livraison"},"content":{"rendered":"<div data-elementor-type=\"wp-page\" data-elementor-id=\"21848\" class=\"elementor elementor-21848\">\n\t\t\t\t\t\t\t\t\t<section class=\"elementor-section elementor-top-section elementor-element elementor-element-3a29bb6 elementor-section-boxed elementor-section-height-default elementor-section-height-default\" data-id=\"3a29bb6\" data-element_type=\"section\">\n\t\t\t\t\t\t<div class=\"elementor-container elementor-column-gap-default\">\n\t\t\t\t\t<div class=\"elementor-column elementor-col-100 elementor-top-column elementor-element elementor-element-3ffbc9a\" data-id=\"3ffbc9a\" data-element_type=\"column\">\n\t\t\t<div class=\"elementor-column-wrap--3ffbc9a elementor-widget-wrap elementor-element-populated\">\n\t\t\t\t\t\t\t\t<div class=\"elementor-element elementor-element-279eaff elementor-widget elementor-widget-text-editor\" data-id=\"279eaff\" data-element_type=\"widget\" data-widget_type=\"text-editor.default\">\n\t\t\t\t<div class=\"elementor-widget-container\">\n\t\t\t<style>\/*! elementor - v3.12.2 - 23-04-2023 *\/\n.elementor-widget-text-editor.elementor-drop-cap-view-stacked .elementor-drop-cap{background-color:#69727d;color:#fff}.elementor-widget-text-editor.elementor-drop-cap-view-framed .elementor-drop-cap{color:#69727d;border:3px solid;background-color:transparent}.elementor-widget-text-editor:not(.elementor-drop-cap-view-default) .elementor-drop-cap{margin-top:8px}.elementor-widget-text-editor:not(.elementor-drop-cap-view-default) .elementor-drop-cap-letter{width:1em;height:1em}.elementor-widget-text-editor .elementor-drop-cap{float:left;text-align:center;line-height:1;font-size:50px}.elementor-widget-text-editor .elementor-drop-cap-letter{display:inline-block}<\/style>\t\t\t\t<p>EXP\u00c9DITIONS<\/p><p>Les colis sont g\u00e9n\u00e9ralement exp\u00e9di\u00e9s en 48h apr\u00e8s r\u00e9ception de votre paiement. Le mode d'exp\u00e9didition standard est le Colissimo suivi, remis sans signature. Les bo\u00eetes sont suffisamment grandes et vos articles sont bien prot\u00e9g\u00e9s. Les colis sont g\u00e9n\u00e9ralement livr\u00e9s dans les d\u00e9lais impartis par le service de messagerie de GLS, soit entre 24 et 48 heures \u00e0 compter de la date d'exp\u00e9dition.<\/p><p>Pour les demandes d'exp\u00e9dition sp\u00e9ciales, contacter : info@visionlook.eu<\/p><p>Pour obtenir un code de suivi, contactez : info@visionlook.eu en indiquant dans l'objet du message :<br \/>CODE DE SUIVI nom \/ montant total<\/p><p>Pour obtenir de l'aide concernant les envois, veuillez contacter : info@visionlook.eu<\/p><p>Pour obtenir de l'aide sur les retours de marchandises, veuillez contacter : info@visionlook.eu<\/p>\t\t\t\t\t\t<\/div>\n\t\t\t\t<\/div>\n\t\t\t\t\t<\/div>\n\t\t<\/div>\n\t\t\t\t\t\t\t<\/div>\n\t\t<\/section>\n\t\t\t\t\t\t\t<\/div>","protected":false},"excerpt":{"rendered":"<p>SHIPMENTS Packages are generally sent within 2 days after receipt of payment and are shipped via GLS with tracking and delivery without signature. Boxes are appropriately large in size and your items are well protected. Parcels are usually delivered within the timeframe of the GLS courier &#8211; between 24 and 48 from shipment. For special [&hellip;]<\/p>","protected":false},"author":7,"featured_media":0,"parent":0,"menu_order":0,"comment_status":"closed","ping_status":"closed","template":"","meta":[],"aioseo_notices":[],"acf":[],"_links":{"self":[{"href":"https:\/\/www.vlkitaly.com\/fr\/wp-json\/wp\/v2\/pages\/21848"}],"collection":[{"href":"https:\/\/www.vlkitaly.com\/fr\/wp-json\/wp\/v2\/pages"}],"about":[{"href":"https:\/\/www.vlkitaly.com\/fr\/wp-json\/wp\/v2\/types\/page"}],"author":[{"embeddable":true,"href":"https:\/\/www.vlkitaly.com\/fr\/wp-json\/wp\/v2\/users\/7"}],"replies":[{"embeddable":true,"href":"https:\/\/www.vlkitaly.com\/fr\/wp-json\/wp\/v2\/comments?post=21848"}],"version-history":[{"count":0,"href":"https:\/\/www.vlkitaly.com\/fr\/wp-json\/wp\/v2\/pages\/21848\/revisions"}],"wp:attachment":[{"href":"https:\/\/www.vlkitaly.com\/fr\/wp-json\/wp\/v2\/media?parent=21848"}],"curies":[{"name":"wp","href":"https:\/\/api.w.org\/{rel}","templated":true}]}}