{"id":26849,"date":"2026-04-10T15:50:15","date_gmt":"2026-04-10T13:50:15","guid":{"rendered":"https:\/\/www.vlkitaly.com\/?post_type=product&#038;p=26849"},"modified":"2026-04-24T01:39:03","modified_gmt":"2026-04-23T23:39:03","slug":"vision-look-ac06014p-clip-on","status":"publish","type":"product","link":"https:\/\/www.vlkitaly.com\/es\/producto\/vision-look-ac06014p-clip-on\/","title":{"rendered":"[Vision Look] [AC06014P] Gafas clip-on"},"content":{"rendered":"<p class=\" translation-block\">Las gafas con clip son las m\u00e1s vers\u00e1tiles de todas. Se aplican a sus anteojos multiuso, lo que le permite proteger sus ojos de los da\u00f1inos rayos UV.<\/p>","protected":false},"excerpt":{"rendered":"<p class=\" translation-block\">Las gafas con clip son las m\u00e1s vers\u00e1tiles de todas. Se aplican a sus anteojos multiuso, lo que le permite proteger sus ojos de los da\u00f1inos rayos UV.<\/p>","protected":false},"featured_media":26857,"comment_status":"open","ping_status":"closed","template":"","meta":[],"product_cat":[15,123,125],"product_tag":[484,485,480,481],"aioseo_notices":[],"_links":{"self":[{"href":"https:\/\/www.vlkitaly.com\/es\/wp-json\/wp\/v3\/product\/26849"}],"collection":[{"href":"https:\/\/www.vlkitaly.com\/es\/wp-json\/wp\/v3\/product"}],"about":[{"href":"https:\/\/www.vlkitaly.com\/es\/wp-json\/wp\/v2\/types\/product"}],"replies":[{"embeddable":true,"href":"https:\/\/www.vlkitaly.com\/es\/wp-json\/wp\/v2\/comments?post=26849"}],"wp:featuredmedia":[{"embeddable":true,"href":"https:\/\/www.vlkitaly.com\/es\/wp-json\/wp\/v2\/media\/26857"}],"wp:attachment":[{"href":"https:\/\/www.vlkitaly.com\/es\/wp-json\/wp\/v2\/media?parent=26849"}],"wp:term":[{"taxonomy":"product_cat","embeddable":true,"href":"https:\/\/www.vlkitaly.com\/es\/wp-json\/wp\/v2\/product_cat?post=26849"},{"taxonomy":"product_tag","embeddable":true,"href":"https:\/\/www.vlkitaly.com\/es\/wp-json\/wp\/v2\/product_tag?post=26849"}],"curies":[{"name":"wp","href":"https:\/\/api.w.org\/{rel}","templated":true}]}}