{"id":26837,"date":"2026-04-10T15:27:20","date_gmt":"2026-04-10T13:27:20","guid":{"rendered":"https:\/\/www.vlkitaly.com\/?post_type=product&#038;p=26837"},"modified":"2026-04-24T01:39:18","modified_gmt":"2026-04-23T23:39:18","slug":"vision-look-ac06017pa-clip-on","status":"publish","type":"product","link":"https:\/\/www.vlkitaly.com\/es\/producto\/vision-look-ac06017pa-clip-on\/","title":{"rendered":"[Vision Look] [AC06017PA] Gafas clip-on"},"content":{"rendered":"<p class=\" translation-block\">Las gafas con clip son las m\u00e1s vers\u00e1tiles de todas. Se aplican a sus anteojos multiuso, lo que le permite proteger sus ojos de los da\u00f1inos rayos UV.<\/p>","protected":false},"excerpt":{"rendered":"<p class=\" translation-block\">Las gafas con clip son las m\u00e1s vers\u00e1tiles de todas. Se aplican a sus anteojos multiuso, lo que le permite proteger sus ojos de los da\u00f1inos rayos UV.<\/p>","protected":false},"featured_media":26841,"comment_status":"open","ping_status":"closed","template":"","meta":[],"product_cat":[15,123,125],"product_tag":[484,485,480,481],"aioseo_notices":[],"_links":{"self":[{"href":"https:\/\/www.vlkitaly.com\/es\/wp-json\/wp\/v3\/product\/26837"}],"collection":[{"href":"https:\/\/www.vlkitaly.com\/es\/wp-json\/wp\/v3\/product"}],"about":[{"href":"https:\/\/www.vlkitaly.com\/es\/wp-json\/wp\/v2\/types\/product"}],"replies":[{"embeddable":true,"href":"https:\/\/www.vlkitaly.com\/es\/wp-json\/wp\/v2\/comments?post=26837"}],"wp:featuredmedia":[{"embeddable":true,"href":"https:\/\/www.vlkitaly.com\/es\/wp-json\/wp\/v2\/media\/26841"}],"wp:attachment":[{"href":"https:\/\/www.vlkitaly.com\/es\/wp-json\/wp\/v2\/media?parent=26837"}],"wp:term":[{"taxonomy":"product_cat","embeddable":true,"href":"https:\/\/www.vlkitaly.com\/es\/wp-json\/wp\/v2\/product_cat?post=26837"},{"taxonomy":"product_tag","embeddable":true,"href":"https:\/\/www.vlkitaly.com\/es\/wp-json\/wp\/v2\/product_tag?post=26837"}],"curies":[{"name":"wp","href":"https:\/\/api.w.org\/{rel}","templated":true}]}}