{"id":26830,"date":"2026-04-10T15:05:17","date_gmt":"2026-04-10T13:05:17","guid":{"rendered":"https:\/\/www.vlkitaly.com\/?post_type=product&#038;p=26830"},"modified":"2026-04-24T01:39:26","modified_gmt":"2026-04-23T23:39:26","slug":"vision-look-ac06004p-clip-on-2","status":"publish","type":"product","link":"https:\/\/www.vlkitaly.com\/es\/producto\/vision-look-ac06004p-clip-on-2\/","title":{"rendered":"[Vision Look] [AC06004P] Gafas clip-on"},"content":{"rendered":"<p class=\" translation-block\">Las gafas con clip son las m\u00e1s vers\u00e1tiles de todas. Se aplican a sus anteojos multiuso, lo que le permite proteger sus ojos de los da\u00f1inos rayos UV.<\/p>","protected":false},"excerpt":{"rendered":"<p class=\" translation-block\">Las gafas con clip son las m\u00e1s vers\u00e1tiles de todas. Se aplican a sus anteojos multiuso, lo que le permite proteger sus ojos de los da\u00f1inos rayos UV.<\/p>","protected":false},"featured_media":26834,"comment_status":"open","ping_status":"closed","template":"","meta":[],"product_cat":[15,123,125],"product_tag":[484,485,480,481],"aioseo_notices":[],"_links":{"self":[{"href":"https:\/\/www.vlkitaly.com\/es\/wp-json\/wp\/v3\/product\/26830"}],"collection":[{"href":"https:\/\/www.vlkitaly.com\/es\/wp-json\/wp\/v3\/product"}],"about":[{"href":"https:\/\/www.vlkitaly.com\/es\/wp-json\/wp\/v2\/types\/product"}],"replies":[{"embeddable":true,"href":"https:\/\/www.vlkitaly.com\/es\/wp-json\/wp\/v2\/comments?post=26830"}],"wp:featuredmedia":[{"embeddable":true,"href":"https:\/\/www.vlkitaly.com\/es\/wp-json\/wp\/v2\/media\/26834"}],"wp:attachment":[{"href":"https:\/\/www.vlkitaly.com\/es\/wp-json\/wp\/v2\/media?parent=26830"}],"wp:term":[{"taxonomy":"product_cat","embeddable":true,"href":"https:\/\/www.vlkitaly.com\/es\/wp-json\/wp\/v2\/product_cat?post=26830"},{"taxonomy":"product_tag","embeddable":true,"href":"https:\/\/www.vlkitaly.com\/es\/wp-json\/wp\/v2\/product_tag?post=26830"}],"curies":[{"name":"wp","href":"https:\/\/api.w.org\/{rel}","templated":true}]}}