{"id":20953,"date":"2022-10-24T18:09:23","date_gmt":"2022-10-24T16:09:23","guid":{"rendered":"http:\/\/www.vlkitaly.com\/?post_type=product&#038;p=20953"},"modified":"2023-03-02T17:53:12","modified_gmt":"2023-03-02T16:53:12","slug":"catena-jeans-kristine","status":"publish","type":"product","link":"https:\/\/www.vlkitaly.com\/es\/producto\/catena-jeans-kristine\/","title":{"rendered":"Catena Jeans Kristine"},"content":{"rendered":"<p style=\"text-align: center;\">Kristine \u00e8 una catena da pantaloni realizzata a mano in cui materiali di diversa composizione e colore vengono abilmente abbinati. A rifinire il tutto un moschettone in un lato e un gancio dall&#8217;altro.<br \/>\nLos catenos para pantalones son accesorios muy de moda en los \u00faltimos a\u00f1os, sobre todo si se hacen con pieles naturales.<br \/>\nA menudo y err\u00f3neamente se piensa que estos accesorios son s\u00f3lo muy masculinos, pero en realidad son ampliamente adquiridos tambi\u00e9n por las mujeres, sobre todo en Estados Unidos.<\/p>","protected":false},"excerpt":{"rendered":"<p style=\"text-align: center;\">Kristine \u00e8 una catena da pantaloni realizzata a mano in cui materiali di diversa composizione e colore vengono abilmente abbinati. A rifinire il tutto un moschettone in un lato e un gancio dall&#8217;altro.<br \/>\nLos catenos para pantalones son accesorios muy de moda en los \u00faltimos a\u00f1os, sobre todo si se hacen con pieles naturales.<br \/>\nA menudo y err\u00f3neamente se piensa que estos accesorios son s\u00f3lo muy masculinos, pero en realidad son ampliamente adquiridos tambi\u00e9n por las mujeres, sobre todo en Estados Unidos.<\/p>","protected":false},"featured_media":20954,"comment_status":"open","ping_status":"closed","template":"","meta":[],"product_cat":[433,221],"product_tag":[],"aioseo_notices":[],"_links":{"self":[{"href":"https:\/\/www.vlkitaly.com\/es\/wp-json\/wp\/v3\/product\/20953"}],"collection":[{"href":"https:\/\/www.vlkitaly.com\/es\/wp-json\/wp\/v3\/product"}],"about":[{"href":"https:\/\/www.vlkitaly.com\/es\/wp-json\/wp\/v2\/types\/product"}],"replies":[{"embeddable":true,"href":"https:\/\/www.vlkitaly.com\/es\/wp-json\/wp\/v2\/comments?post=20953"}],"wp:featuredmedia":[{"embeddable":true,"href":"https:\/\/www.vlkitaly.com\/es\/wp-json\/wp\/v2\/media\/20954"}],"wp:attachment":[{"href":"https:\/\/www.vlkitaly.com\/es\/wp-json\/wp\/v2\/media?parent=20953"}],"wp:term":[{"taxonomy":"product_cat","embeddable":true,"href":"https:\/\/www.vlkitaly.com\/es\/wp-json\/wp\/v2\/product_cat?post=20953"},{"taxonomy":"product_tag","embeddable":true,"href":"https:\/\/www.vlkitaly.com\/es\/wp-json\/wp\/v2\/product_tag?post=20953"}],"curies":[{"name":"wp","href":"https:\/\/api.w.org\/{rel}","templated":true}]}}