{"id":20938,"date":"2022-10-24T17:50:28","date_gmt":"2022-10-24T15:50:28","guid":{"rendered":"http:\/\/www.vlkitaly.com\/?post_type=product&#038;p=20938"},"modified":"2024-12-16T21:47:58","modified_gmt":"2024-12-16T20:47:58","slug":"catena-jeans-kaira","status":"publish","type":"product","link":"https:\/\/www.vlkitaly.com\/es\/producto\/catena-jeans-kaira\/","title":{"rendered":"Catena Jeans Kaira"},"content":{"rendered":"<p style=\"text-align: center;\">Kaira \u00e8 una catena da pantaloni realizzata a mano. A rifinire il tutto un moschettone in un lato e un gancio dall&#8217;altro.<br \/>\nLos catenos para pantalones son accesorios muy de moda en los \u00faltimos a\u00f1os, sobre todo si se hacen con pieles naturales.<br \/>\nA menudo y err\u00f3neamente se piensa que estos accesorios son s\u00f3lo muy masculinos, pero en realidad son ampliamente adquiridos tambi\u00e9n por las mujeres, sobre todo en Estados Unidos.<\/p>","protected":false},"excerpt":{"rendered":"<p style=\"text-align: center;\">Kaira \u00e8 una catena da pantaloni realizzata a mano. A rifinire il tutto un moschettone in un lato e un gancio dall&#8217;altro.<br \/>\nLos catenos para pantalones son accesorios muy de moda en los \u00faltimos a\u00f1os, sobre todo si se hacen con pieles naturales.<br \/>\nA menudo y err\u00f3neamente se piensa que estos accesorios son s\u00f3lo muy masculinos, pero en realidad son ampliamente adquiridos tambi\u00e9n por las mujeres, sobre todo en Estados Unidos.<\/p>","protected":false},"featured_media":20939,"comment_status":"open","ping_status":"closed","template":"","meta":[],"product_cat":[433,221],"product_tag":[],"aioseo_notices":[],"_links":{"self":[{"href":"https:\/\/www.vlkitaly.com\/es\/wp-json\/wp\/v3\/product\/20938"}],"collection":[{"href":"https:\/\/www.vlkitaly.com\/es\/wp-json\/wp\/v3\/product"}],"about":[{"href":"https:\/\/www.vlkitaly.com\/es\/wp-json\/wp\/v2\/types\/product"}],"replies":[{"embeddable":true,"href":"https:\/\/www.vlkitaly.com\/es\/wp-json\/wp\/v2\/comments?post=20938"}],"wp:featuredmedia":[{"embeddable":true,"href":"https:\/\/www.vlkitaly.com\/es\/wp-json\/wp\/v2\/media\/20939"}],"wp:attachment":[{"href":"https:\/\/www.vlkitaly.com\/es\/wp-json\/wp\/v2\/media?parent=20938"}],"wp:term":[{"taxonomy":"product_cat","embeddable":true,"href":"https:\/\/www.vlkitaly.com\/es\/wp-json\/wp\/v2\/product_cat?post=20938"},{"taxonomy":"product_tag","embeddable":true,"href":"https:\/\/www.vlkitaly.com\/es\/wp-json\/wp\/v2\/product_tag?post=20938"}],"curies":[{"name":"wp","href":"https:\/\/api.w.org\/{rel}","templated":true}]}}