{"id":20702,"date":"2022-06-20T16:07:55","date_gmt":"2022-06-20T14:07:55","guid":{"rendered":"http:\/\/www.vlkitaly.com\/?post_type=product&#038;p=20702"},"modified":"2023-03-02T17:53:11","modified_gmt":"2023-03-02T16:53:11","slug":"catena-jeans-bergliot","status":"publish","type":"product","link":"https:\/\/www.vlkitaly.com\/es\/producto\/catena-jeans-bergliot\/","title":{"rendered":"Catena Jeans Bergliot"},"content":{"rendered":"<p style=\"text-align: center;\">Bergliot es una gama de pantalones hechos a mano con materiales de diferentes composiciones y colores. Para rematar el conjunto, un mosquet\u00f3n en un lado y un gancho en el otro.<\/p>\n<p style=\"text-align: center;\">Los catenos para pantalones son accesorios muy de moda en los \u00faltimos a\u00f1os, sobre todo si se hacen con pieles naturales.<\/p>\n<p style=\"text-align: center;\">A menudo y err\u00f3neamente se piensa que estos accesorios son s\u00f3lo muy masculinos, pero en realidad son ampliamente adquiridos tambi\u00e9n por las mujeres, sobre todo en Estados Unidos.<\/p>","protected":false},"excerpt":{"rendered":"<p style=\"text-align: center;\">Bergliot es una gama de pantalones hechos a mano con materiales de diferentes composiciones y colores. Para rematar el conjunto, un mosquet\u00f3n en un lado y un gancho en el otro.<\/p>\n<p style=\"text-align: center;\">Los catenos para pantalones son accesorios muy de moda en los \u00faltimos a\u00f1os, sobre todo si se hacen con pieles naturales.<\/p>\n<p style=\"text-align: center;\">A menudo y err\u00f3neamente se piensa que estos accesorios son s\u00f3lo muy masculinos, pero en realidad son ampliamente adquiridos tambi\u00e9n por las mujeres, sobre todo en Estados Unidos.<\/p>","protected":false},"featured_media":20703,"comment_status":"open","ping_status":"closed","template":"","meta":[],"product_cat":[433,221],"product_tag":[],"aioseo_notices":[],"_links":{"self":[{"href":"https:\/\/www.vlkitaly.com\/es\/wp-json\/wp\/v3\/product\/20702"}],"collection":[{"href":"https:\/\/www.vlkitaly.com\/es\/wp-json\/wp\/v3\/product"}],"about":[{"href":"https:\/\/www.vlkitaly.com\/es\/wp-json\/wp\/v2\/types\/product"}],"replies":[{"embeddable":true,"href":"https:\/\/www.vlkitaly.com\/es\/wp-json\/wp\/v2\/comments?post=20702"}],"wp:featuredmedia":[{"embeddable":true,"href":"https:\/\/www.vlkitaly.com\/es\/wp-json\/wp\/v2\/media\/20703"}],"wp:attachment":[{"href":"https:\/\/www.vlkitaly.com\/es\/wp-json\/wp\/v2\/media?parent=20702"}],"wp:term":[{"taxonomy":"product_cat","embeddable":true,"href":"https:\/\/www.vlkitaly.com\/es\/wp-json\/wp\/v2\/product_cat?post=20702"},{"taxonomy":"product_tag","embeddable":true,"href":"https:\/\/www.vlkitaly.com\/es\/wp-json\/wp\/v2\/product_tag?post=20702"}],"curies":[{"name":"wp","href":"https:\/\/api.w.org\/{rel}","templated":true}]}}