{"id":20316,"date":"2021-12-28T15:58:40","date_gmt":"2021-12-28T14:58:40","guid":{"rendered":"http:\/\/www.vlkitaly.com\/?post_type=product&#038;p=20316"},"modified":"2025-03-07T18:20:44","modified_gmt":"2025-03-07T17:20:44","slug":"vlk-fc9-39-bracciale-con-filo-in-acciaio-e-pietre-dure-9mm","status":"publish","type":"product","link":"https:\/\/www.vlkitaly.com\/es\/producto\/vlk-fc9-39-bracciale-con-filo-in-acciaio-e-pietre-dure-9mm\/","title":{"rendered":"[VLK] [FC9-39] BRACCIALE CON FILO IN ACCIAIO E PIETRE DURE 9MM"},"content":{"rendered":"<p style=\"text-align: center;\"><img decoding=\"async\" class=\"alignnone size-full wp-image-19871\" src=\"http:\/\/www.vlkitaly.com\/wp-content\/uploads\/2021\/11\/IMMAGINE-DESCRIZIONE-BRACCIALI.jpg\" alt=\"\" width=\"1080\" height=\"314\" srcset=\"https:\/\/www.vlkitaly.com\/wp-content\/uploads\/2021\/11\/IMMAGINE-DESCRIZIONE-BRACCIALI.jpg 1080w, https:\/\/www.vlkitaly.com\/wp-content\/uploads\/2021\/11\/IMMAGINE-DESCRIZIONE-BRACCIALI-800x233.jpg 800w, https:\/\/www.vlkitaly.com\/wp-content\/uploads\/2021\/11\/IMMAGINE-DESCRIZIONE-BRACCIALI-300x87.jpg 300w, https:\/\/www.vlkitaly.com\/wp-content\/uploads\/2021\/11\/IMMAGINE-DESCRIZIONE-BRACCIALI-1024x298.jpg 1024w, https:\/\/www.vlkitaly.com\/wp-content\/uploads\/2021\/11\/IMMAGINE-DESCRIZIONE-BRACCIALI-768x223.jpg 768w, https:\/\/www.vlkitaly.com\/wp-content\/uploads\/2021\/11\/IMMAGINE-DESCRIZIONE-BRACCIALI-600x174.jpg 600w\" sizes=\"(max-width: 1080px) 100vw, 1080px\" \/> <img decoding=\"async\" class=\"alignnone size-full wp-image-19870\" src=\"http:\/\/www.vlkitaly.com\/wp-content\/uploads\/2021\/11\/19-21.jpg\" alt=\"\" width=\"1011\" height=\"358\" srcset=\"https:\/\/www.vlkitaly.com\/wp-content\/uploads\/2021\/11\/19-21.jpg 1011w, https:\/\/www.vlkitaly.com\/wp-content\/uploads\/2021\/11\/19-21-800x283.jpg 800w, https:\/\/www.vlkitaly.com\/wp-content\/uploads\/2021\/11\/19-21-300x106.jpg 300w, https:\/\/www.vlkitaly.com\/wp-content\/uploads\/2021\/11\/19-21-768x272.jpg 768w, https:\/\/www.vlkitaly.com\/wp-content\/uploads\/2021\/11\/19-21-600x212.jpg 600w\" sizes=\"(max-width: 1011px) 100vw, 1011px\" \/><\/p>","protected":false},"excerpt":{"rendered":"<p style=\"text-align: center;\"><img decoding=\"async\" class=\"alignnone size-full wp-image-19882\" src=\"http:\/\/www.vlkitaly.com\/wp-content\/uploads\/2021\/11\/19-21-Allungabile.jpg\" alt=\"\" width=\"500\" height=\"131\" srcset=\"https:\/\/www.vlkitaly.com\/wp-content\/uploads\/2021\/11\/19-21-Allungabile.jpg 500w, https:\/\/www.vlkitaly.com\/wp-content\/uploads\/2021\/11\/19-21-Allungabile-300x79.jpg 300w\" sizes=\"(max-width: 500px) 100vw, 500px\" \/><\/p>\n<ul class=\"a-unordered-list a-vertical a-spacing-mini\">\n<li><span class=\"a-list-item\"> [MATERIALES: acero, piedra dura. El brazalete est\u00e1 compuesto por VARIAS piedras duras. Los pernos est\u00e1n montados en una robusta y resistente cadena de acero. El brazalete es ligero y c\u00f3modo; se puede llevar puesto todos los d\u00edas y no entra en contacto con el agua.<\/span><\/li>\n<li><span class=\"a-list-item\"> [TAGLIA]: il braccialetto \u00e8 regolabile: veste perfettamente un polso dai 19 ai 21cm grazie a una catena in acciaio che ne permette l\u2019estensione. Le pietre hanno un diametro di 9mm.<\/span><\/li>\n<li><span class=\"a-list-item\"> [CONFEZIONE REGALO]: el brazalete se entrega completo con una elegante bolsa de algod\u00f3n, con la marca VLK impresa en color negro. La sencillez y el cuidado de los detalles hacen de este brazalete un regalo para hombre y ni\u00f1o ideal para cualquier ocasi\u00f3n: boda, cumplea\u00f1os, San Valent\u00edn, Navidad, para el pap\u00e1, un hermano, un amigo, el novio, un colega...<\/span><\/li>\n<li><span class=\"a-list-item\"> [MADE IN ITALY]: el bracciale \u00e8 stato realizzato a mano, in Italia.<\/span><\/li>\n<li><span class=\"a-list-item\"> GARANZIA 100% sui nostri bracciali<\/span><\/li>\n<\/ul>","protected":false},"featured_media":20315,"comment_status":"closed","ping_status":"closed","template":"","meta":[],"product_cat":[433,115,417],"product_tag":[],"aioseo_notices":[],"_links":{"self":[{"href":"https:\/\/www.vlkitaly.com\/es\/wp-json\/wp\/v3\/product\/20316"}],"collection":[{"href":"https:\/\/www.vlkitaly.com\/es\/wp-json\/wp\/v3\/product"}],"about":[{"href":"https:\/\/www.vlkitaly.com\/es\/wp-json\/wp\/v2\/types\/product"}],"replies":[{"embeddable":true,"href":"https:\/\/www.vlkitaly.com\/es\/wp-json\/wp\/v2\/comments?post=20316"}],"wp:featuredmedia":[{"embeddable":true,"href":"https:\/\/www.vlkitaly.com\/es\/wp-json\/wp\/v2\/media\/20315"}],"wp:attachment":[{"href":"https:\/\/www.vlkitaly.com\/es\/wp-json\/wp\/v2\/media?parent=20316"}],"wp:term":[{"taxonomy":"product_cat","embeddable":true,"href":"https:\/\/www.vlkitaly.com\/es\/wp-json\/wp\/v2\/product_cat?post=20316"},{"taxonomy":"product_tag","embeddable":true,"href":"https:\/\/www.vlkitaly.com\/es\/wp-json\/wp\/v2\/product_tag?post=20316"}],"curies":[{"name":"wp","href":"https:\/\/api.w.org\/{rel}","templated":true}]}}