{"id":20085,"date":"2021-11-16T11:04:17","date_gmt":"2021-11-16T10:04:17","guid":{"rendered":"http:\/\/www.vlkitaly.com\/?post_type=product&#038;p=20085"},"modified":"2023-02-25T17:32:36","modified_gmt":"2023-02-25T16:32:36","slug":"vlk-ftmq8-3-bracciale-con-filo-intrecciato-in-ematite-da-9-mm","status":"publish","type":"product","link":"https:\/\/www.vlkitaly.com\/es\/producto\/vlk-ftmq8-3-bracciale-con-filo-intrecciato-in-ematite-da-9-mm\/","title":{"rendered":"[VLK] [FTMQ8-3] BRACCIALE CON FILO INTRECCIATO IN EMATITE DA 9 MM"},"content":{"rendered":"<p><img decoding=\"async\" class=\"size-full wp-image-19885 aligncenter\" src=\"http:\/\/www.vlkitaly.com\/wp-content\/uploads\/2019\/12\/Misura-descrizione-20-23-cm.jpg\" alt=\"\" width=\"1011\" height=\"358\" srcset=\"https:\/\/www.vlkitaly.com\/wp-content\/uploads\/2019\/12\/Misura-descrizione-20-23-cm.jpg 1011w, https:\/\/www.vlkitaly.com\/wp-content\/uploads\/2019\/12\/Misura-descrizione-20-23-cm-800x283.jpg 800w, https:\/\/www.vlkitaly.com\/wp-content\/uploads\/2019\/12\/Misura-descrizione-20-23-cm-300x106.jpg 300w, https:\/\/www.vlkitaly.com\/wp-content\/uploads\/2019\/12\/Misura-descrizione-20-23-cm-768x272.jpg 768w, https:\/\/www.vlkitaly.com\/wp-content\/uploads\/2019\/12\/Misura-descrizione-20-23-cm-600x212.jpg 600w\" sizes=\"(max-width: 1011px) 100vw, 1011px\" \/><\/p>","protected":false},"excerpt":{"rendered":"<p style=\"text-align: center;\"><img decoding=\"async\" class=\"alignnone size-full wp-image-19887\" src=\"http:\/\/www.vlkitaly.com\/wp-content\/uploads\/2019\/12\/20-23.jpg\" alt=\"\" width=\"500\" height=\"82\" srcset=\"https:\/\/www.vlkitaly.com\/wp-content\/uploads\/2019\/12\/20-23.jpg 500w, https:\/\/www.vlkitaly.com\/wp-content\/uploads\/2019\/12\/20-23-300x49.jpg 300w\" sizes=\"(max-width: 500px) 100vw, 500px\" \/><\/p>\n<ul class=\"a-unordered-list a-vertical a-spacing-mini\">\n<li><span class=\"a-list-item\"> [MATERIALES: cord\u00f3n de nylon, piedra dura. El brazalete est\u00e1 compuesto por VARIAS piedras duras. Los pernos est\u00e1n montados en un cord\u00f3n de nailon ROBUSTO y RESISTENTE. El brazalete es ligero y c\u00f3modo; se puede llevar puesto todos los d\u00edas y no entra en contacto con el agua.<\/span><\/li>\n<li><span class=\"a-list-item\"> [TAGLIA]: il braccialetto \u00e8 regolabile: veste perfettamente un polso dai 20 ai 23cm grazie a un laccio regolabile che ne permette l'estensione. Le pietre hanno un diametro di 6mm.<\/span><\/li>\n<li><span class=\"a-list-item\"> [CONFEZIONE REGALO]: el brazalete se entrega completo con una elegante bolsa de algod\u00f3n, con la marca VLK impresa en color negro. La sencillez y el cuidado de los detalles hacen de este brazalete un regalo para hombre y ni\u00f1o ideal para cualquier ocasi\u00f3n: boda, cumplea\u00f1os, San Valent\u00edn, Navidad, para el pap\u00e1, un hermano, un amigo, el novio, un colega...<\/span><\/li>\n<li><span class=\"a-list-item\"> [MADE IN ITALY]: el bracciale \u00e8 stato realizzato a mano, in Italia.<\/span><\/li>\n<li><span class=\"a-list-item\"> GARANZIA 100% sui nostri bracciali<\/span><\/li>\n<\/ul>","protected":false},"featured_media":20087,"comment_status":"open","ping_status":"closed","template":"","meta":[],"product_cat":[433,115,418],"product_tag":[],"aioseo_notices":[],"_links":{"self":[{"href":"https:\/\/www.vlkitaly.com\/es\/wp-json\/wp\/v3\/product\/20085"}],"collection":[{"href":"https:\/\/www.vlkitaly.com\/es\/wp-json\/wp\/v3\/product"}],"about":[{"href":"https:\/\/www.vlkitaly.com\/es\/wp-json\/wp\/v2\/types\/product"}],"replies":[{"embeddable":true,"href":"https:\/\/www.vlkitaly.com\/es\/wp-json\/wp\/v2\/comments?post=20085"}],"wp:featuredmedia":[{"embeddable":true,"href":"https:\/\/www.vlkitaly.com\/es\/wp-json\/wp\/v2\/media\/20087"}],"wp:attachment":[{"href":"https:\/\/www.vlkitaly.com\/es\/wp-json\/wp\/v2\/media?parent=20085"}],"wp:term":[{"taxonomy":"product_cat","embeddable":true,"href":"https:\/\/www.vlkitaly.com\/es\/wp-json\/wp\/v2\/product_cat?post=20085"},{"taxonomy":"product_tag","embeddable":true,"href":"https:\/\/www.vlkitaly.com\/es\/wp-json\/wp\/v2\/product_tag?post=20085"}],"curies":[{"name":"wp","href":"https:\/\/api.w.org\/{rel}","templated":true}]}}