{"id":19943,"date":"2021-11-08T09:28:16","date_gmt":"2021-11-08T08:28:16","guid":{"rendered":"http:\/\/www.vlkitaly.com\/?post_type=product&#038;p=19943"},"modified":"2023-02-25T17:32:34","modified_gmt":"2023-02-25T16:32:34","slug":"vlk-fc6-90-bracciale-con-filo-in-acciaio-e-pietre-dure-6mm","status":"publish","type":"product","link":"https:\/\/www.vlkitaly.com\/es\/producto\/vlk-fc6-90-bracciale-con-filo-in-acciaio-e-pietre-dure-6mm\/","title":{"rendered":"[VLK] [FC6-90] BRACCIALE CON FILO IN ACCIAIO E PIETRE DURE 6MM"},"content":{"rendered":"<p style=\"text-align: center;\"><img decoding=\"async\" class=\"alignnone size-full wp-image-19871\" src=\"http:\/\/www.vlkitaly.com\/wp-content\/uploads\/2021\/11\/IMMAGINE-DESCRIZIONE-BRACCIALI.jpg\" alt=\"\" width=\"1080\" height=\"314\" srcset=\"https:\/\/www.vlkitaly.com\/wp-content\/uploads\/2021\/11\/IMMAGINE-DESCRIZIONE-BRACCIALI.jpg 1080w, https:\/\/www.vlkitaly.com\/wp-content\/uploads\/2021\/11\/IMMAGINE-DESCRIZIONE-BRACCIALI-800x233.jpg 800w, https:\/\/www.vlkitaly.com\/wp-content\/uploads\/2021\/11\/IMMAGINE-DESCRIZIONE-BRACCIALI-300x87.jpg 300w, https:\/\/www.vlkitaly.com\/wp-content\/uploads\/2021\/11\/IMMAGINE-DESCRIZIONE-BRACCIALI-1024x298.jpg 1024w, https:\/\/www.vlkitaly.com\/wp-content\/uploads\/2021\/11\/IMMAGINE-DESCRIZIONE-BRACCIALI-768x223.jpg 768w, https:\/\/www.vlkitaly.com\/wp-content\/uploads\/2021\/11\/IMMAGINE-DESCRIZIONE-BRACCIALI-600x174.jpg 600w\" sizes=\"(max-width: 1080px) 100vw, 1080px\" \/> <img decoding=\"async\" class=\"alignnone size-full wp-image-19878\" src=\"http:\/\/www.vlkitaly.com\/wp-content\/uploads\/2021\/06\/20-22.jpg\" alt=\"\" width=\"1011\" height=\"358\" srcset=\"https:\/\/www.vlkitaly.com\/wp-content\/uploads\/2021\/06\/20-22.jpg 1011w, https:\/\/www.vlkitaly.com\/wp-content\/uploads\/2021\/06\/20-22-800x283.jpg 800w, https:\/\/www.vlkitaly.com\/wp-content\/uploads\/2021\/06\/20-22-300x106.jpg 300w, https:\/\/www.vlkitaly.com\/wp-content\/uploads\/2021\/06\/20-22-768x272.jpg 768w, https:\/\/www.vlkitaly.com\/wp-content\/uploads\/2021\/06\/20-22-600x212.jpg 600w\" sizes=\"(max-width: 1011px) 100vw, 1011px\" \/><\/p>","protected":false},"excerpt":{"rendered":"<p style=\"text-align: center;\"><img decoding=\"async\" class=\"alignnone size-full wp-image-19883\" src=\"http:\/\/www.vlkitaly.com\/wp-content\/uploads\/2021\/11\/20-22-ALLUNGABILE.jpg\" alt=\"\" width=\"500\" height=\"131\" srcset=\"https:\/\/www.vlkitaly.com\/wp-content\/uploads\/2021\/11\/20-22-ALLUNGABILE.jpg 500w, https:\/\/www.vlkitaly.com\/wp-content\/uploads\/2021\/11\/20-22-ALLUNGABILE-300x79.jpg 300w\" sizes=\"(max-width: 500px) 100vw, 500px\" \/><\/p>\n<ul class=\"a-unordered-list a-vertical a-spacing-mini\">\n<li><span class=\"a-list-item\"> [MATERIALES: acero, piedra dura. El brazalete est\u00e1 compuesto por VARIAS piedras duras. Los pernos est\u00e1n montados en una robusta y resistente cadena de acero. El brazalete es ligero y c\u00f3modo; se puede llevar puesto todos los d\u00edas y no entra en contacto con el agua.<\/span><\/li>\n<li><span class=\"a-list-item\"> [TAGLIA]: il braccialetto \u00e8 regolabile: veste perfettamente un polso dai 20 ai 22cm grazie a una catena in acciaio che ne permette l'estensione. Le pietre hanno un diametro di 6mm.<\/span><\/li>\n<li><span class=\"a-list-item\"> [CONFEZIONE REGALO]: el brazalete se entrega completo con una elegante bolsa de algod\u00f3n, con la marca VLK impresa en color negro. La sencillez y el cuidado de los detalles hacen de este brazalete un regalo para hombre y ni\u00f1o ideal para cualquier ocasi\u00f3n: boda, cumplea\u00f1os, San Valent\u00edn, Navidad, para el pap\u00e1, un hermano, un amigo, el novio, un colega...<\/span><\/li>\n<li><span class=\"a-list-item\"> [MADE IN ITALY]: el bracciale \u00e8 stato realizzato a mano, in Italia.<\/span><\/li>\n<li><span class=\"a-list-item\"> GARANZIA 100% sui nostri bracciali<\/span><\/li>\n<\/ul>","protected":false},"featured_media":19944,"comment_status":"open","ping_status":"closed","template":"","meta":[],"product_cat":[433,115,417],"product_tag":[],"aioseo_notices":[],"_links":{"self":[{"href":"https:\/\/www.vlkitaly.com\/es\/wp-json\/wp\/v3\/product\/19943"}],"collection":[{"href":"https:\/\/www.vlkitaly.com\/es\/wp-json\/wp\/v3\/product"}],"about":[{"href":"https:\/\/www.vlkitaly.com\/es\/wp-json\/wp\/v2\/types\/product"}],"replies":[{"embeddable":true,"href":"https:\/\/www.vlkitaly.com\/es\/wp-json\/wp\/v2\/comments?post=19943"}],"wp:featuredmedia":[{"embeddable":true,"href":"https:\/\/www.vlkitaly.com\/es\/wp-json\/wp\/v2\/media\/19944"}],"wp:attachment":[{"href":"https:\/\/www.vlkitaly.com\/es\/wp-json\/wp\/v2\/media?parent=19943"}],"wp:term":[{"taxonomy":"product_cat","embeddable":true,"href":"https:\/\/www.vlkitaly.com\/es\/wp-json\/wp\/v2\/product_cat?post=19943"},{"taxonomy":"product_tag","embeddable":true,"href":"https:\/\/www.vlkitaly.com\/es\/wp-json\/wp\/v2\/product_tag?post=19943"}],"curies":[{"name":"wp","href":"https:\/\/api.w.org\/{rel}","templated":true}]}}