{"id":19334,"date":"2021-04-01T11:54:08","date_gmt":"2021-04-01T09:54:08","guid":{"rendered":"http:\/\/www.vlkitaly.com\/?post_type=product&#038;p=19334"},"modified":"2026-04-02T21:48:40","modified_gmt":"2026-04-02T19:48:40","slug":"vlk-th-6393-occhiale-da-sole-sportivo-uv400","status":"publish","type":"product","link":"https:\/\/www.vlkitaly.com\/es\/producto\/vlk-th-6393-occhiale-da-sole-sportivo-uv400\/","title":{"rendered":"[VLK] [TH-6393] Suela deportiva uv400"},"content":{"rendered":"<h3><img decoding=\"async\" class=\"wp-image-19333 aligncenter\" src=\"http:\/\/www.vlkitaly.com\/wp-content\/uploads\/2021\/04\/Vlk-Occhiali-Nero.png\" alt=\"\" width=\"342\" height=\"127\" srcset=\"https:\/\/www.vlkitaly.com\/wp-content\/uploads\/2021\/04\/Vlk-Occhiali-Nero.png 1778w, https:\/\/www.vlkitaly.com\/wp-content\/uploads\/2021\/04\/Vlk-Occhiali-Nero-800x297.png 800w, https:\/\/www.vlkitaly.com\/wp-content\/uploads\/2021\/04\/Vlk-Occhiali-Nero-300x111.png 300w, https:\/\/www.vlkitaly.com\/wp-content\/uploads\/2021\/04\/Vlk-Occhiali-Nero-1024x380.png 1024w, https:\/\/www.vlkitaly.com\/wp-content\/uploads\/2021\/04\/Vlk-Occhiali-Nero-768x285.png 768w, https:\/\/www.vlkitaly.com\/wp-content\/uploads\/2021\/04\/Vlk-Occhiali-Nero-1536x570.png 1536w, https:\/\/www.vlkitaly.com\/wp-content\/uploads\/2021\/04\/Vlk-Occhiali-Nero-600x223.png 600w\" sizes=\"(max-width: 342px) 100vw, 342px\" \/><\/h3>\n<h3 style=\"text-align: center;\"><strong>VLK migliora lo sport.<\/strong><\/h3>\n<p>&nbsp;<\/p>\n<p><img decoding=\"async\" class=\"size-full wp-image-19330 aligncenter\" src=\"http:\/\/www.vlkitaly.com\/wp-content\/uploads\/2021\/04\/be305504-4620-418c-b458-6597ce4f750c.__CR00970600_PT0_SX970_V1___.jpg\" alt=\"\" width=\"970\" height=\"600\" srcset=\"https:\/\/www.vlkitaly.com\/wp-content\/uploads\/2021\/04\/be305504-4620-418c-b458-6597ce4f750c.__CR00970600_PT0_SX970_V1___.jpg 970w, https:\/\/www.vlkitaly.com\/wp-content\/uploads\/2021\/04\/be305504-4620-418c-b458-6597ce4f750c.__CR00970600_PT0_SX970_V1___-800x495.jpg 800w, https:\/\/www.vlkitaly.com\/wp-content\/uploads\/2021\/04\/be305504-4620-418c-b458-6597ce4f750c.__CR00970600_PT0_SX970_V1___-300x186.jpg 300w, https:\/\/www.vlkitaly.com\/wp-content\/uploads\/2021\/04\/be305504-4620-418c-b458-6597ce4f750c.__CR00970600_PT0_SX970_V1___-768x475.jpg 768w, https:\/\/www.vlkitaly.com\/wp-content\/uploads\/2021\/04\/be305504-4620-418c-b458-6597ce4f750c.__CR00970600_PT0_SX970_V1___-600x371.jpg 600w\" sizes=\"(max-width: 970px) 100vw, 970px\" \/><\/p>\n<h4 class=\"a-spacing-mini\" style=\"text-align: center;\">Lentes de alta calidad<\/h4>\n<p class=\"a-spacing-base\" style=\"text-align: center;\">Los cristales est\u00e1n fabricados con materiales de alta calidad que maximizan la visibilidad del campo visual.<\/p>\n<p><img decoding=\"async\" class=\"size-full wp-image-19332 aligncenter\" src=\"http:\/\/www.vlkitaly.com\/wp-content\/uploads\/2021\/04\/lenti.jpg\" alt=\"\" width=\"970\" height=\"384\" srcset=\"https:\/\/www.vlkitaly.com\/wp-content\/uploads\/2021\/04\/lenti.jpg 970w, https:\/\/www.vlkitaly.com\/wp-content\/uploads\/2021\/04\/lenti-800x317.jpg 800w, https:\/\/www.vlkitaly.com\/wp-content\/uploads\/2021\/04\/lenti-300x119.jpg 300w, https:\/\/www.vlkitaly.com\/wp-content\/uploads\/2021\/04\/lenti-768x304.jpg 768w, https:\/\/www.vlkitaly.com\/wp-content\/uploads\/2021\/04\/lenti-600x238.jpg 600w\" sizes=\"(max-width: 970px) 100vw, 970px\" \/><\/p>\n<p>&nbsp;<\/p>","protected":false},"excerpt":{"rendered":"<ul class=\"a-unordered-list a-vertical a-spacing-mini\">\n<li><span class=\"a-list-item\">PRATICA SOSTITUZIONE DELLA LENTE: Rispetto agli altri occhiali da sole sportivi in cui si deve passare da pi\u00f9 fasi per la sostituzione della lente, gli occhiali sportivi VLK permettono di completare l'operazione con un semplice passaggio. \u00bfDe qu\u00e9 manera? Retire la lente del lado siniestro y destructor de la tela, col\u00f3quela en su sitio y f\u00edjela con la tela.<\/span><\/li>\n<li><span class=\"a-list-item\">TRE LENTI INTERCAMBIABILI: Tutte le lenti presentano un rivestimento protettivo al 100% ai raggi UV400, bloccano anche i raggi UVA e UVB che sono dannosi per i nostri occhi. Las lentes no alteran el color. La lente principal es de color, pero hay lentes grises para una luz solar m\u00e1s intensa y tambi\u00e9n una lente amarilla para poder utilizarlas durante las noches de verano.<\/span><\/li>\n<li><span class=\"a-list-item\">MATERIAL DE GOMA MORBIDA: Los tapones, fabricados en silicona morbida, se adaptan perfectamente a la nariz. Durante la pr\u00e1ctica de deporte, como por ejemplo ciclismo o corsa, se mantendr\u00e1n firmes, sin sufrir ning\u00fan tipo de desgaste.<\/span><\/li>\n<li><span class=\"a-list-item\">ACCESORIOS Y N\u00daMEROS S\u00d3LIDOS: VLK se dedica siempre a la realizaci\u00f3n de productos de alta calidad. Ofrecemos occhiali da sole per uomo e donna con una variet\u00e0 di colori al fine di soddisfare le esigenze personalizzate. Los accesorios disponibles son muy variados, entre ellos: una funda r\u00edgida, una funda r\u00edgida, un pa\u00f1o limpio para la limpieza de los occipitales, una lente gris y una lente amarilla.<\/span><\/li>\n<\/ul>","protected":false},"featured_media":19343,"comment_status":"open","ping_status":"closed","template":"","meta":[],"product_cat":[159,80,112],"product_tag":[210],"aioseo_notices":[],"_links":{"self":[{"href":"https:\/\/www.vlkitaly.com\/es\/wp-json\/wp\/v3\/product\/19334"}],"collection":[{"href":"https:\/\/www.vlkitaly.com\/es\/wp-json\/wp\/v3\/product"}],"about":[{"href":"https:\/\/www.vlkitaly.com\/es\/wp-json\/wp\/v2\/types\/product"}],"replies":[{"embeddable":true,"href":"https:\/\/www.vlkitaly.com\/es\/wp-json\/wp\/v2\/comments?post=19334"}],"wp:featuredmedia":[{"embeddable":true,"href":"https:\/\/www.vlkitaly.com\/es\/wp-json\/wp\/v2\/media\/19343"}],"wp:attachment":[{"href":"https:\/\/www.vlkitaly.com\/es\/wp-json\/wp\/v2\/media?parent=19334"}],"wp:term":[{"taxonomy":"product_cat","embeddable":true,"href":"https:\/\/www.vlkitaly.com\/es\/wp-json\/wp\/v2\/product_cat?post=19334"},{"taxonomy":"product_tag","embeddable":true,"href":"https:\/\/www.vlkitaly.com\/es\/wp-json\/wp\/v2\/product_tag?post=19334"}],"curies":[{"name":"wp","href":"https:\/\/api.w.org\/{rel}","templated":true}]}}