{"id":17503,"date":"2020-11-09T16:01:18","date_gmt":"2020-11-09T15:01:18","guid":{"rendered":"http:\/\/www.vlkitaly.com\/?post_type=product&#038;p=17503"},"modified":"2022-11-28T09:58:38","modified_gmt":"2022-11-28T08:58:38","slug":"petcollarc-059h6-dog-collar","status":"publish","type":"product","link":"https:\/\/www.vlkitaly.com\/es\/producto\/petcollarc-059h6-dog-collar\/","title":{"rendered":"[PET][COLLAR][C-059][H6] Collar de perro"},"content":{"rendered":"<p><img decoding=\"async\" style=\"display: block; margin-left: auto; margin-right: auto;\" src=\"https:\/\/i.ibb.co\/nbD9Bz1\/Vlk-Italy-Nero.png\" alt=\"\" width=\"640\" height=\"98\" \/><\/p>\n<hr \/>\n<h3 class=\"a-spacing-mini\" style=\"text-align: center;\">VLK C-059, Collare per cani a strozzo in vera pelle conciata al vegetale<\/h3>\n<p class=\"a-spacing-base\" style=\"text-align: center;\">Il collare per cani VLK \u00e8 realizzato in vera pelle per i momenti speciali con gli amici a quattro zampe. Il modello C-059 \u00e8 prodotto vera pelle Made in Italy. Dato che la pelle di VLK \u00e8 un prodotto naturale vero e proprio, non solo diventa ogni giorno pi\u00f9 bello con la dovuta manutenzione, ma resiste senza problemi anche alle sollecitazioni di sole, acqua e attrito naturale del mantello.<\/p>\n<h4 class=\"a-spacing-mini\" style=\"text-align: center;\">Un dise\u00f1o totalmente nuestro<\/h4>\n<p class=\"a-size-small\" style=\"text-align: center;\">VLK ofrece productos de calidad, fabricados artesanalmente y caracterizados por un dise\u00f1o personalizado y un alto grado de funcionalidad.<\/p>\n<h4 class=\"a-spacing-mini\" style=\"text-align: center;\">Nuestro lema es: calidad<\/h4>\n<p class=\"a-size-small\" style=\"text-align: center;\">Garantizando una larga duraci\u00f3n, resistencia a los tirones y elasticidad con el m\u00e1ximo confort, los productos VLK se fabrican artesanalmente y en procesos de producci\u00f3n controlados conforme a los est\u00e1ndares de calidad italianos. Todos los productos se someten a controles internos individuales antes de autorizar su comercializaci\u00f3n.<\/p>\n<h4 class=\"a-spacing-mini\" style=\"text-align: center;\">Materie prime testate<\/h4>\n<p class=\"a-size-small\" style=\"text-align: center;\">Siendo una empresa italiana, la adquisici\u00f3n sostenible de los productos es especialmente importante para VLK, que somete sus materias primas a estrictos criterios de verificaci\u00f3n. S\u00f3lo la piel y los tejidos que no cumplen las normas industriales pasan a la fase de producci\u00f3n.<\/p>\n<p style=\"text-align: center;\"><strong>Per stabilire la taglia del collare, misurare la circonferenza del collo del cane. Utilizzare un metro a nastro o una cordicella e un righello (aggiungere due dita in larghezza in modo da non risultare troppo stretto). Si la conferencia se celebra en la esquina superior, es necesario a\u00f1adir una etiqueta m\u00e1s.<\/strong><\/p>\n<p class=\"a-size-small\" style=\"text-align: center;\"><strong>TAGLIA UNICA<\/strong><\/p>\n<p style=\"text-align: center;\"><strong>COLLARE APERTO TAGLIA 40\u00a0 &#8211;\u00a0 COLLARE STROZZATO TAGLIA 30<\/strong><\/p>\n<p style=\"text-align: center;\">","protected":false},"excerpt":{"rendered":"<p><img decoding=\"async\" style=\"display: block; margin-left: auto; margin-right: auto;\" src=\"https:\/\/i.ibb.co\/nbD9Bz1\/Vlk-Italy-Nero.png\" alt=\"\" width=\"640\" height=\"98\" \/><\/p>\n<hr \/>\n<h3 class=\"a-spacing-mini\" style=\"text-align: center;\">VLK C-0059, Collare per cani a strozzo in vera pelle conciata al vegetale<\/h3>\n<p class=\"a-spacing-base\" style=\"text-align: center;\">Il collare per cani VLK \u00e8 realizzato in vera pelle per i momenti speciali con gli amici a quattro zampe. Il modello C-059 \u00e8 prodotto vera pelle Made in Italy. Dato che la pelle di VLK \u00e8 un prodotto naturale vero e proprio, non solo diventa ogni giorno pi\u00f9 bello con la dovuta manutenzione, ma resiste senza problemi anche alle sollecitazioni di sole, acqua e attrito naturale del mantello.<\/p>\n<h4 class=\"a-spacing-mini\" style=\"text-align: center;\">Un dise\u00f1o totalmente nuestro<\/h4>\n<p class=\"a-size-small\" style=\"text-align: center;\">VLK ofrece productos de calidad, fabricados artesanalmente y caracterizados por un dise\u00f1o personalizado y un alto grado de funcionalidad.<\/p>\n<h4 class=\"a-spacing-mini\" style=\"text-align: center;\">Nuestro lema es: calidad<\/h4>\n<p class=\"a-size-small\" style=\"text-align: center;\">Garantizando una larga duraci\u00f3n, resistencia a los tirones y elasticidad con el m\u00e1ximo confort, los productos VLK se fabrican artesanalmente y en procesos de producci\u00f3n controlados conforme a los est\u00e1ndares de calidad italianos. Todos los productos se someten a controles internos individuales antes de autorizar su comercializaci\u00f3n.<\/p>\n<h4 class=\"a-spacing-mini\" style=\"text-align: center;\">Materie prime testate<\/h4>\n<p class=\"a-size-small\" style=\"text-align: center;\">Siendo una empresa italiana, la adquisici\u00f3n sostenible de los productos es especialmente importante para VLK, que somete sus materias primas a estrictos criterios de verificaci\u00f3n. S\u00f3lo la piel y los tejidos que no cumplen las normas industriales pasan a la fase de producci\u00f3n.<\/p>\n<p style=\"text-align: center;\"><strong>Per stabilire la taglia del collare, misurare la circonferenza del collo del cane. Utilizzare un metro a nastro o una cordicella e un righello (aggiungere due dita in larghezza in modo da non risultare troppo stretto). Si la conferencia se celebra en la esquina superior, es necesario a\u00f1adir una etiqueta m\u00e1s.<\/strong><\/p>\n<p class=\"a-size-small\" style=\"text-align: center;\"><strong>TAGLIA UNICA<\/strong><\/p>\n<p style=\"text-align: center;\"><strong>COLLARE APERTO TAGLIA 40\u00a0 &#8211;\u00a0 COLLARE STROZZATO TAGLIA 30<\/strong><\/p>","protected":false},"featured_media":17508,"comment_status":"open","ping_status":"closed","template":"","meta":[],"product_cat":[158,155],"product_tag":[199,198],"aioseo_notices":[],"_links":{"self":[{"href":"https:\/\/www.vlkitaly.com\/es\/wp-json\/wp\/v3\/product\/17503"}],"collection":[{"href":"https:\/\/www.vlkitaly.com\/es\/wp-json\/wp\/v3\/product"}],"about":[{"href":"https:\/\/www.vlkitaly.com\/es\/wp-json\/wp\/v2\/types\/product"}],"replies":[{"embeddable":true,"href":"https:\/\/www.vlkitaly.com\/es\/wp-json\/wp\/v2\/comments?post=17503"}],"wp:featuredmedia":[{"embeddable":true,"href":"https:\/\/www.vlkitaly.com\/es\/wp-json\/wp\/v2\/media\/17508"}],"wp:attachment":[{"href":"https:\/\/www.vlkitaly.com\/es\/wp-json\/wp\/v2\/media?parent=17503"}],"wp:term":[{"taxonomy":"product_cat","embeddable":true,"href":"https:\/\/www.vlkitaly.com\/es\/wp-json\/wp\/v2\/product_cat?post=17503"},{"taxonomy":"product_tag","embeddable":true,"href":"https:\/\/www.vlkitaly.com\/es\/wp-json\/wp\/v2\/product_tag?post=17503"}],"curies":[{"name":"wp","href":"https:\/\/api.w.org\/{rel}","templated":true}]}}