{"id":17492,"date":"2020-11-09T12:04:47","date_gmt":"2020-11-09T11:04:47","guid":{"rendered":"http:\/\/www.vlkitaly.com\/?post_type=product&#038;p=17492"},"modified":"2022-11-28T09:58:55","modified_gmt":"2022-11-28T08:58:55","slug":"petcollarc-006h4-dog-collar","status":"publish","type":"product","link":"https:\/\/www.vlkitaly.com\/es\/producto\/petcollarc-006h4-dog-collar\/","title":{"rendered":"[PET][COLLAR][C-006][H4] Collar de perro"},"content":{"rendered":"<p><img decoding=\"async\" style=\"display: block; margin-left: auto; margin-right: auto;\" src=\"https:\/\/i.ibb.co\/nbD9Bz1\/Vlk-Italy-Nero.png\" alt=\"\" width=\"640\" height=\"98\" \/><\/p>\n<hr \/>\n<h3 class=\"a-spacing-mini\" style=\"text-align: center;\">VLK C-006, Collar para perros de piel de vacuno con recubrimiento vegetal<\/h3>\n<p class=\"a-spacing-base\" style=\"text-align: center;\">El collar para perros VLK est\u00e1 hecho de piel para los momentos especiales con los amigos de cuatro patas. El modelo C-006 est\u00e1 fabricado en piel aut\u00e9ntica Made in Italy. Dado que la piel de VLK es un producto natural aut\u00e9ntico y propio, no s\u00f3lo se vuelve cada d\u00eda m\u00e1s bonita con el mantenimiento adecuado, sino que resiste sin problemas tambi\u00e9n a la suciedad del suelo, el agua y el desgaste natural del manto.<\/p>\n<h4 class=\"a-spacing-mini\" style=\"text-align: center;\">Un dise\u00f1o totalmente nuestro<\/h4>\n<p class=\"a-size-small\" style=\"text-align: center;\">VLK ofrece productos de calidad, fabricados artesanalmente y caracterizados por un dise\u00f1o personalizado y un alto grado de funcionalidad.<\/p>\n<h4 class=\"a-spacing-mini\" style=\"text-align: center;\">Nuestro lema es: calidad<\/h4>\n<p class=\"a-size-small\" style=\"text-align: center;\">Garantizando una larga duraci\u00f3n, resistencia a los tirones y elasticidad con el m\u00e1ximo confort, los productos VLK se fabrican artesanalmente y en procesos de producci\u00f3n controlados conforme a los est\u00e1ndares de calidad italianos. Todos los productos se someten a controles internos individuales antes de autorizar su comercializaci\u00f3n.<\/p>\n<h4 class=\"a-spacing-mini\" style=\"text-align: center;\">Materie prime testate<\/h4>\n<p class=\"a-size-small\" style=\"text-align: center;\">Siendo una empresa italiana, la adquisici\u00f3n sostenible de los productos es especialmente importante para VLK, que somete sus materias primas a estrictos criterios de verificaci\u00f3n. S\u00f3lo la piel y los tejidos que no cumplen las normas industriales pasan a la fase de producci\u00f3n.<\/p>\n<p class=\"a-size-small\" style=\"text-align: center;\"><strong>Per stabilire la taglia del collare, misurare la circonferenza del collo del cane. Utilizzare un metro a nastro o una cordicella e un righello (aggiungere due dita in larghezza in modo da non risultare troppo stretto). Si la conferencia se celebra en la esquina superior, es necesario a\u00f1adir una etiqueta m\u00e1s.<\/strong><\/p>","protected":false},"excerpt":{"rendered":"<p><img decoding=\"async\" style=\"display: block; margin-left: auto; margin-right: auto;\" src=\"https:\/\/i.ibb.co\/nbD9Bz1\/Vlk-Italy-Nero.png\" alt=\"\" width=\"640\" height=\"98\" \/><\/p>\n<hr \/>\n<h3 class=\"a-spacing-mini\" style=\"text-align: center;\">VLK C-006, Collar para perros de piel de vacuno con recubrimiento vegetal<\/h3>\n<p class=\"a-spacing-base\" style=\"text-align: center;\">El collar para perros VLK est\u00e1 hecho de piel para los momentos especiales con los amigos de cuatro patas. El modelo C-006 est\u00e1 fabricado en piel aut\u00e9ntica Made in Italy. Dado que la piel de VLK es un producto natural aut\u00e9ntico y propio, no s\u00f3lo se vuelve cada d\u00eda m\u00e1s bonita con el mantenimiento adecuado, sino que resiste sin problemas tambi\u00e9n a la suciedad del suelo, el agua y el desgaste natural del manto.<\/p>\n<h4 class=\"a-spacing-mini\" style=\"text-align: center;\">Un dise\u00f1o totalmente nuestro<\/h4>\n<p class=\"a-size-small\" style=\"text-align: center;\">VLK ofrece productos de calidad, fabricados artesanalmente y caracterizados por un dise\u00f1o personalizado y un alto grado de funcionalidad.<\/p>\n<h4 class=\"a-spacing-mini\" style=\"text-align: center;\">Nuestro lema es: calidad<\/h4>\n<p class=\"a-size-small\" style=\"text-align: center;\">Garantizando una larga duraci\u00f3n, resistencia a los tirones y elasticidad con el m\u00e1ximo confort, los productos VLK se fabrican artesanalmente y en procesos de producci\u00f3n controlados conforme a los est\u00e1ndares de calidad italianos. Todos los productos se someten a controles internos individuales antes de autorizar su comercializaci\u00f3n.<\/p>\n<h4 class=\"a-spacing-mini\" style=\"text-align: center;\">Materie prime testate<\/h4>\n<p class=\"a-size-small\" style=\"text-align: center;\">Siendo una empresa italiana, la adquisici\u00f3n sostenible de los productos es especialmente importante para VLK, que somete sus materias primas a estrictos criterios de verificaci\u00f3n. S\u00f3lo la piel y los tejidos que no cumplen las normas industriales pasan a la fase de producci\u00f3n.<\/p>\n<p class=\"a-size-small\" style=\"text-align: center;\"><strong>Per stabilire la taglia del collare, misurare la circonferenza del collo del cane. Utilizzare un metro a nastro o una cordicella e un righello (aggiungere due dita in larghezza in modo da non risultare troppo stretto). Si la conferencia se celebra en la esquina superior, es necesario a\u00f1adir una etiqueta m\u00e1s.<\/strong><\/p>","protected":false},"featured_media":17499,"comment_status":"open","ping_status":"closed","template":"","meta":[],"product_cat":[158,155],"product_tag":[199,198],"aioseo_notices":[],"_links":{"self":[{"href":"https:\/\/www.vlkitaly.com\/es\/wp-json\/wp\/v3\/product\/17492"}],"collection":[{"href":"https:\/\/www.vlkitaly.com\/es\/wp-json\/wp\/v3\/product"}],"about":[{"href":"https:\/\/www.vlkitaly.com\/es\/wp-json\/wp\/v2\/types\/product"}],"replies":[{"embeddable":true,"href":"https:\/\/www.vlkitaly.com\/es\/wp-json\/wp\/v2\/comments?post=17492"}],"wp:featuredmedia":[{"embeddable":true,"href":"https:\/\/www.vlkitaly.com\/es\/wp-json\/wp\/v2\/media\/17499"}],"wp:attachment":[{"href":"https:\/\/www.vlkitaly.com\/es\/wp-json\/wp\/v2\/media?parent=17492"}],"wp:term":[{"taxonomy":"product_cat","embeddable":true,"href":"https:\/\/www.vlkitaly.com\/es\/wp-json\/wp\/v2\/product_cat?post=17492"},{"taxonomy":"product_tag","embeddable":true,"href":"https:\/\/www.vlkitaly.com\/es\/wp-json\/wp\/v2\/product_tag?post=17492"}],"curies":[{"name":"wp","href":"https:\/\/api.w.org\/{rel}","templated":true}]}}