{"id":26780,"date":"2026-04-10T14:37:37","date_gmt":"2026-04-10T12:37:37","guid":{"rendered":"https:\/\/www.vlkitaly.com\/?post_type=product&#038;p=26780"},"modified":"2026-04-24T01:40:00","modified_gmt":"2026-04-23T23:40:00","slug":"vision-look-208093-occhiale-da-sole-uv400-polarizzato-uomo","status":"publish","type":"product","link":"https:\/\/www.vlkitaly.com\/de\/produkt\/vision-look-208093-occhiale-da-sole-uv400-polarizzato-uomo\/","title":{"rendered":"[Vision Look] [208093] UV400 polarisierte Sonnenbrille f\u00fcr Herren"},"content":{"rendered":"<p>Diese Sonnenbrille ist con hochwertigen TAC-Premium-Gl\u00e4sern ausgestattet. Die Qualit\u00e4tsgl\u00e4ser bieten 100 % Schutz vor sch\u00e4dlichen UVA-, UVB- und UVC-Strahlen und reduzieren die Erm\u00fcdung der Augen. Der ultraleichte Rahmen aus hochwertigem PC (Polycarbonat) und die integrierten Nasenpads garantieren ein komfortables Tragegef\u00fchl.<br \/>\nOcchiale da sole UV400 Polarizzato fornito con astuccio e fazzolettino<\/p>","protected":false},"excerpt":{"rendered":"<p>Diese Sonnenbrille ist con hochwertigen TAC-Premium-Gl\u00e4sern ausgestattet. Die Qualit\u00e4tsgl\u00e4ser bieten 100 % Schutz vor sch\u00e4dlichen UVA-, UVB- und UVC-Strahlen und reduzieren die Erm\u00fcdung der Augen. Der ultraleichte Rahmen aus hochwertigem PC (Polycarbonat) und die integrierten Nasenpads garantieren ein komfortables Tragegef\u00fchl.<br \/>\nOcchiale da sole UV400 Polarizzato fornito con astuccio e fazzolettino<\/p>","protected":false},"featured_media":26789,"comment_status":"open","ping_status":"closed","template":"","meta":[],"product_cat":[159,123,125,111],"product_tag":[484,485,480,481],"aioseo_notices":[],"_links":{"self":[{"href":"https:\/\/www.vlkitaly.com\/de\/wp-json\/wp\/v3\/product\/26780"}],"collection":[{"href":"https:\/\/www.vlkitaly.com\/de\/wp-json\/wp\/v3\/product"}],"about":[{"href":"https:\/\/www.vlkitaly.com\/de\/wp-json\/wp\/v2\/types\/product"}],"replies":[{"embeddable":true,"href":"https:\/\/www.vlkitaly.com\/de\/wp-json\/wp\/v2\/comments?post=26780"}],"wp:featuredmedia":[{"embeddable":true,"href":"https:\/\/www.vlkitaly.com\/de\/wp-json\/wp\/v2\/media\/26789"}],"wp:attachment":[{"href":"https:\/\/www.vlkitaly.com\/de\/wp-json\/wp\/v2\/media?parent=26780"}],"wp:term":[{"taxonomy":"product_cat","embeddable":true,"href":"https:\/\/www.vlkitaly.com\/de\/wp-json\/wp\/v2\/product_cat?post=26780"},{"taxonomy":"product_tag","embeddable":true,"href":"https:\/\/www.vlkitaly.com\/de\/wp-json\/wp\/v2\/product_tag?post=26780"}],"curies":[{"name":"wp","href":"https:\/\/api.w.org\/{rel}","templated":true}]}}