{"id":26703,"date":"2026-04-10T13:42:47","date_gmt":"2026-04-10T11:42:47","guid":{"rendered":"https:\/\/www.vlkitaly.com\/?post_type=product&#038;p=26703"},"modified":"2026-04-24T01:40:44","modified_gmt":"2026-04-23T23:40:44","slug":"vision-look-78248-occhiale-da-sole-uv400-kids","status":"publish","type":"product","link":"https:\/\/www.vlkitaly.com\/de\/produkt\/vision-look-78248-occhiale-da-sole-uv400-kids\/","title":{"rendered":"[Vision Look] [78248] UV400 Kinder-Unisex-Sonnenbrille"},"content":{"rendered":"<p>Diese Sonnenbrille ist con hochwertigen TAC-Premium-Gl\u00e4sern ausgestattet. Die Qualit\u00e4tsgl\u00e4ser bieten 100 % Schutz vor sch\u00e4dlichen UVA-, UVB- und UVC-Strahlen und reduzieren die Erm\u00fcdung der Augen. Der ultraleichte Rahmen aus hochwertigem PC (Polycarbonat) und die integrierten Nasenpads garantieren ein komfortables Tragegef\u00fchl.<br \/>\nUV400-Sonnenbrille, inklusive Etui und Taschentuch<\/p>","protected":false},"excerpt":{"rendered":"<p>Diese Sonnenbrille ist con hochwertigen TAC-Premium-Gl\u00e4sern ausgestattet. Die Qualit\u00e4tsgl\u00e4ser bieten 100 % Schutz vor sch\u00e4dlichen UVA-, UVB- und UVC-Strahlen und reduzieren die Erm\u00fcdung der Augen. Der ultraleichte Rahmen aus hochwertigem PC (Polycarbonat) und die integrierten Nasenpads garantieren ein komfortables Tragegef\u00fchl.<br \/>\nUV400-Sonnenbrille, inklusive Etui und Taschentuch<\/p>","protected":false},"featured_media":26713,"comment_status":"open","ping_status":"closed","template":"","meta":[],"product_cat":[159,128,129,123,125],"product_tag":[487,480,481],"aioseo_notices":[],"_links":{"self":[{"href":"https:\/\/www.vlkitaly.com\/de\/wp-json\/wp\/v3\/product\/26703"}],"collection":[{"href":"https:\/\/www.vlkitaly.com\/de\/wp-json\/wp\/v3\/product"}],"about":[{"href":"https:\/\/www.vlkitaly.com\/de\/wp-json\/wp\/v2\/types\/product"}],"replies":[{"embeddable":true,"href":"https:\/\/www.vlkitaly.com\/de\/wp-json\/wp\/v2\/comments?post=26703"}],"wp:featuredmedia":[{"embeddable":true,"href":"https:\/\/www.vlkitaly.com\/de\/wp-json\/wp\/v2\/media\/26713"}],"wp:attachment":[{"href":"https:\/\/www.vlkitaly.com\/de\/wp-json\/wp\/v2\/media?parent=26703"}],"wp:term":[{"taxonomy":"product_cat","embeddable":true,"href":"https:\/\/www.vlkitaly.com\/de\/wp-json\/wp\/v2\/product_cat?post=26703"},{"taxonomy":"product_tag","embeddable":true,"href":"https:\/\/www.vlkitaly.com\/de\/wp-json\/wp\/v2\/product_tag?post=26703"}],"curies":[{"name":"wp","href":"https:\/\/api.w.org\/{rel}","templated":true}]}}