{"id":21026,"date":"2022-11-07T09:55:43","date_gmt":"2022-11-07T08:55:43","guid":{"rendered":"http:\/\/www.vlkitaly.com\/?post_type=product&#038;p=21026"},"modified":"2023-02-25T17:32:46","modified_gmt":"2023-02-25T16:32:46","slug":"vlk-fc6-105-bracciale-con-filo-in-acciaio-e-pietre-dure-6mm","status":"publish","type":"product","link":"https:\/\/www.vlkitaly.com\/de\/produkt\/vlk-fc6-105-bracciale-con-filo-in-acciaio-e-pietre-dure-6mm\/","title":{"rendered":"[VLK] [FC6-105] BRACCIALE CON FILO IN ACCIAIO E PIETRE DURE 6MM"},"content":{"rendered":"<p><img decoding=\"async\" class=\"size-full wp-image-19871 aligncenter\" src=\"http:\/\/www.vlkitaly.com\/wp-content\/uploads\/2021\/11\/IMMAGINE-DESCRIZIONE-BRACCIALI.jpg\" alt=\"\" width=\"1080\" height=\"314\" srcset=\"https:\/\/www.vlkitaly.com\/wp-content\/uploads\/2021\/11\/IMMAGINE-DESCRIZIONE-BRACCIALI.jpg 1080w, https:\/\/www.vlkitaly.com\/wp-content\/uploads\/2021\/11\/IMMAGINE-DESCRIZIONE-BRACCIALI-800x233.jpg 800w, https:\/\/www.vlkitaly.com\/wp-content\/uploads\/2021\/11\/IMMAGINE-DESCRIZIONE-BRACCIALI-300x87.jpg 300w, https:\/\/www.vlkitaly.com\/wp-content\/uploads\/2021\/11\/IMMAGINE-DESCRIZIONE-BRACCIALI-1024x298.jpg 1024w, https:\/\/www.vlkitaly.com\/wp-content\/uploads\/2021\/11\/IMMAGINE-DESCRIZIONE-BRACCIALI-768x223.jpg 768w, https:\/\/www.vlkitaly.com\/wp-content\/uploads\/2021\/11\/IMMAGINE-DESCRIZIONE-BRACCIALI-600x174.jpg 600w\" sizes=\"(max-width: 1080px) 100vw, 1080px\" \/> <img decoding=\"async\" class=\"size-full wp-image-19891 aligncenter\" src=\"http:\/\/www.vlkitaly.com\/wp-content\/uploads\/2021\/11\/17-19-misura.jpg\" alt=\"\" width=\"1011\" height=\"358\" srcset=\"https:\/\/www.vlkitaly.com\/wp-content\/uploads\/2021\/11\/17-19-misura.jpg 1011w, https:\/\/www.vlkitaly.com\/wp-content\/uploads\/2021\/11\/17-19-misura-800x283.jpg 800w, https:\/\/www.vlkitaly.com\/wp-content\/uploads\/2021\/11\/17-19-misura-300x106.jpg 300w, https:\/\/www.vlkitaly.com\/wp-content\/uploads\/2021\/11\/17-19-misura-768x272.jpg 768w, https:\/\/www.vlkitaly.com\/wp-content\/uploads\/2021\/11\/17-19-misura-600x212.jpg 600w\" sizes=\"(max-width: 1011px) 100vw, 1011px\" \/><\/p>","protected":false},"excerpt":{"rendered":"<p><img decoding=\"async\" class=\"alignnone size-full wp-image-19890 aligncenter\" src=\"http:\/\/www.vlkitaly.com\/wp-content\/uploads\/2021\/11\/17-21-allungabile.jpg\" alt=\"\" width=\"500\" height=\"131\" srcset=\"https:\/\/www.vlkitaly.com\/wp-content\/uploads\/2021\/11\/17-21-allungabile.jpg 500w, https:\/\/www.vlkitaly.com\/wp-content\/uploads\/2021\/11\/17-21-allungabile-300x79.jpg 300w\" sizes=\"(max-width: 500px) 100vw, 500px\" \/><\/p>\n<ul class=\"a-unordered-list a-vertical a-spacing-mini\">\n<li><span class=\"a-list-item\"> [MATERIALI]: acciaio, pietre dure. Il bracciale \u00e8 composto da VERE pietre dure. Le perline sono montate su una ROBUSTA e RESISTENTE catenina in acciaio. Il bracciale \u00e8 leggero e comodo; pu\u00f2 essere indossato tutti i giorni e non si rovina a contatto con l'acqua.<\/span><\/li>\n<li><span class=\"a-list-item\"> [TAGLIA: Der B\u00fcgel ist regulierbar: Er passt perfekt zu einer L\u00e4nge von 17 bis 19 cm, da er mit einer Kette aus Kunststoff versehen ist, die eine Vergr\u00f6\u00dferung erm\u00f6glicht. Le pietre hanno un diametro di 6mm.<\/span><\/li>\n<li><span class=\"a-list-item\"> [CONFEZIONE REGALO]: Der Armreif wird komplett mit einer eleganten Tasche aus Stoff geliefert, auf der die Marke VLK in der Farbe Nero abgebildet ist. Die Schlichtheit und die Sorgfalt bei den Details machen diesen Armreif zu einem Geschenk f\u00fcr M\u00e4nner und Frauen, das zu jedem Anlass passt: zum Geburtstag, zur Hochzeit, zum Heiligen Abend, zur Geburt, f\u00fcr den Vater, den Bruder, den Freund, den Freundeskreis, den Kollegen.<\/span><\/li>\n<li><span class=\"a-list-item\"> [MADE IN ITALY]: Der B\u00fcgel wurde von Hand in Italien hergestellt.<\/span><\/li>\n<li><span class=\"a-list-item\"> GARANZIA 100% f\u00fcr alle unsere Produkte<\/span><\/li>\n<\/ul>","protected":false},"featured_media":21015,"comment_status":"open","ping_status":"closed","template":"","meta":[],"product_cat":[433,115,417],"product_tag":[],"aioseo_notices":[],"_links":{"self":[{"href":"https:\/\/www.vlkitaly.com\/de\/wp-json\/wp\/v3\/product\/21026"}],"collection":[{"href":"https:\/\/www.vlkitaly.com\/de\/wp-json\/wp\/v3\/product"}],"about":[{"href":"https:\/\/www.vlkitaly.com\/de\/wp-json\/wp\/v2\/types\/product"}],"replies":[{"embeddable":true,"href":"https:\/\/www.vlkitaly.com\/de\/wp-json\/wp\/v2\/comments?post=21026"}],"wp:featuredmedia":[{"embeddable":true,"href":"https:\/\/www.vlkitaly.com\/de\/wp-json\/wp\/v2\/media\/21015"}],"wp:attachment":[{"href":"https:\/\/www.vlkitaly.com\/de\/wp-json\/wp\/v2\/media?parent=21026"}],"wp:term":[{"taxonomy":"product_cat","embeddable":true,"href":"https:\/\/www.vlkitaly.com\/de\/wp-json\/wp\/v2\/product_cat?post=21026"},{"taxonomy":"product_tag","embeddable":true,"href":"https:\/\/www.vlkitaly.com\/de\/wp-json\/wp\/v2\/product_tag?post=21026"}],"curies":[{"name":"wp","href":"https:\/\/api.w.org\/{rel}","templated":true}]}}