{"id":20951,"date":"2022-10-24T18:07:37","date_gmt":"2022-10-24T16:07:37","guid":{"rendered":"http:\/\/www.vlkitaly.com\/?post_type=product&#038;p=20951"},"modified":"2023-03-02T17:53:12","modified_gmt":"2023-03-02T16:53:12","slug":"catena-jeans-karoline","status":"publish","type":"product","link":"https:\/\/www.vlkitaly.com\/de\/produkt\/catena-jeans-karoline\/","title":{"rendered":"Catena Jeans Karoline"},"content":{"rendered":"<p style=\"text-align: center;\">Karoline ist eine von Hand gefertigte H\u00f6hlenkollektion, bei der verschiedene Materialien und Farben miteinander kombiniert werden k\u00f6nnen. Zur Vervollst\u00e4ndigung des Ganzen eine Masche an einer Seite und eine andere an der anderen.<br \/>\nLe catene per pantaloni sono accessori molto in voga negli ultimi anni, soprattutto se realizzate con pietre naturali.<br \/>\nSpesso ed erroneamente si pensa che questi accessori siano solo prettamente maschili, ma in realt\u00e0 sono ampiamente indossate anche dalle donne, soprattutto in America.<\/p>","protected":false},"excerpt":{"rendered":"<p style=\"text-align: center;\">Karoline ist eine von Hand gefertigte H\u00f6hlenkollektion, bei der verschiedene Materialien und Farben miteinander kombiniert werden k\u00f6nnen. Zur Vervollst\u00e4ndigung des Ganzen eine Masche an einer Seite und eine andere an der anderen.<br \/>\nLe catene per pantaloni sono accessori molto in voga negli ultimi anni, soprattutto se realizzate con pietre naturali.<br \/>\nSpesso ed erroneamente si pensa che questi accessori siano solo prettamente maschili, ma in realt\u00e0 sono ampiamente indossate anche dalle donne, soprattutto in America.<\/p>","protected":false},"featured_media":20952,"comment_status":"open","ping_status":"closed","template":"","meta":[],"product_cat":[433,221],"product_tag":[],"aioseo_notices":[],"_links":{"self":[{"href":"https:\/\/www.vlkitaly.com\/de\/wp-json\/wp\/v3\/product\/20951"}],"collection":[{"href":"https:\/\/www.vlkitaly.com\/de\/wp-json\/wp\/v3\/product"}],"about":[{"href":"https:\/\/www.vlkitaly.com\/de\/wp-json\/wp\/v2\/types\/product"}],"replies":[{"embeddable":true,"href":"https:\/\/www.vlkitaly.com\/de\/wp-json\/wp\/v2\/comments?post=20951"}],"wp:featuredmedia":[{"embeddable":true,"href":"https:\/\/www.vlkitaly.com\/de\/wp-json\/wp\/v2\/media\/20952"}],"wp:attachment":[{"href":"https:\/\/www.vlkitaly.com\/de\/wp-json\/wp\/v2\/media?parent=20951"}],"wp:term":[{"taxonomy":"product_cat","embeddable":true,"href":"https:\/\/www.vlkitaly.com\/de\/wp-json\/wp\/v2\/product_cat?post=20951"},{"taxonomy":"product_tag","embeddable":true,"href":"https:\/\/www.vlkitaly.com\/de\/wp-json\/wp\/v2\/product_tag?post=20951"}],"curies":[{"name":"wp","href":"https:\/\/api.w.org\/{rel}","templated":true}]}}