{"id":20947,"date":"2022-10-24T18:03:30","date_gmt":"2022-10-24T16:03:30","guid":{"rendered":"http:\/\/www.vlkitaly.com\/?post_type=product&#038;p=20947"},"modified":"2026-04-12T22:56:04","modified_gmt":"2026-04-12T20:56:04","slug":"catena-jeans-kaia","status":"publish","type":"product","link":"https:\/\/www.vlkitaly.com\/de\/produkt\/catena-jeans-kaia\/","title":{"rendered":"Catena Jeans Kaia"},"content":{"rendered":"<p style=\"text-align: center;\">Kaia ist eine von Hand gefertigte H\u00f6hlenkollektion aus verschiedenen Materialien und Farben, die sich beliebig miteinander kombinieren lassen. Zur Vervollst\u00e4ndigung des Ganzen eine Masche auf einer Seite und ein G\u00fcrtel auf der anderen.<br \/>\nLe catene per pantaloni sono accessori molto in voga negli ultimi anni, soprattutto se realizzate con pietre naturali.<br \/>\nSpesso ed erroneamente si pensa che questi accessori siano solo prettamente maschili, ma in realt\u00e0 sono ampiamente indossate anche dalle donne, soprattutto in America.<\/p>","protected":false},"excerpt":{"rendered":"<p style=\"text-align: center;\">Kaia ist eine von Hand gefertigte H\u00f6hlenkollektion aus verschiedenen Materialien und Farben, die sich beliebig miteinander kombinieren lassen. Zur Vervollst\u00e4ndigung des Ganzen eine Masche auf einer Seite und ein G\u00fcrtel auf der anderen.<br \/>\nLe catene per pantaloni sono accessori molto in voga negli ultimi anni, soprattutto se realizzate con pietre naturali.<br \/>\nSpesso ed erroneamente si pensa che questi accessori siano solo prettamente maschili, ma in realt\u00e0 sono ampiamente indossate anche dalle donne, soprattutto in America.<\/p>","protected":false},"featured_media":20948,"comment_status":"open","ping_status":"closed","template":"","meta":[],"product_cat":[433,221],"product_tag":[],"aioseo_notices":[],"_links":{"self":[{"href":"https:\/\/www.vlkitaly.com\/de\/wp-json\/wp\/v3\/product\/20947"}],"collection":[{"href":"https:\/\/www.vlkitaly.com\/de\/wp-json\/wp\/v3\/product"}],"about":[{"href":"https:\/\/www.vlkitaly.com\/de\/wp-json\/wp\/v2\/types\/product"}],"replies":[{"embeddable":true,"href":"https:\/\/www.vlkitaly.com\/de\/wp-json\/wp\/v2\/comments?post=20947"}],"wp:featuredmedia":[{"embeddable":true,"href":"https:\/\/www.vlkitaly.com\/de\/wp-json\/wp\/v2\/media\/20948"}],"wp:attachment":[{"href":"https:\/\/www.vlkitaly.com\/de\/wp-json\/wp\/v2\/media?parent=20947"}],"wp:term":[{"taxonomy":"product_cat","embeddable":true,"href":"https:\/\/www.vlkitaly.com\/de\/wp-json\/wp\/v2\/product_cat?post=20947"},{"taxonomy":"product_tag","embeddable":true,"href":"https:\/\/www.vlkitaly.com\/de\/wp-json\/wp\/v2\/product_tag?post=20947"}],"curies":[{"name":"wp","href":"https:\/\/api.w.org\/{rel}","templated":true}]}}