{"id":17564,"date":"2020-11-10T10:35:43","date_gmt":"2020-11-10T09:35:43","guid":{"rendered":"http:\/\/www.vlkitaly.com\/?post_type=product&#038;p=17564"},"modified":"2022-11-28T09:57:42","modified_gmt":"2022-11-28T08:57:42","slug":"petcollarc-075h1-dog-collar","status":"publish","type":"product","link":"https:\/\/www.vlkitaly.com\/de\/produkt\/petcollarc-075h1-dog-collar\/","title":{"rendered":"[PET][COLLAR][C-075][H1] Hundehalsband"},"content":{"rendered":"<p><img decoding=\"async\" style=\"display: block; margin-left: auto; margin-right: auto;\" src=\"https:\/\/i.ibb.co\/nbD9Bz1\/Vlk-Italy-Nero.png\" alt=\"\" width=\"640\" height=\"98\" \/><\/p>\n<hr \/>\n<h3 class=\"a-spacing-mini\" style=\"text-align: center;\">VLK C-075, Halterung f\u00fcr Kaninchen aus Pflanzenpelle, die auf Pflanzen abgestimmt ist<\/h3>\n<p class=\"a-spacing-base\" style=\"text-align: center;\">Il collare per cani VLK \u00e8 realizzato in vera pelle per i momenti speciali con gli amici a quattro zampe. Das Modell C-075 ist aus echtem Leder und wird in Italien hergestellt. Da es sich bei VLK um ein echtes Naturprodukt handelt, wird es nicht nur durch die richtige Pflege jeden Tag sch\u00f6ner, sondern widersteht auch problemlos den Einfl\u00fcssen von Seezunge, Wasser und dem nat\u00fcrlichen Abrieb des Mantels.<\/p>\n<h4 class=\"a-spacing-mini\" style=\"text-align: center;\">Ein eigenes Design<\/h4>\n<p class=\"a-size-small\" style=\"text-align: center;\">VLK bietet qualitativ hochwertige Produkte an, die handwerklich hergestellt werden und sich durch ein individuelles Design und eine hohe Qualit\u00e4t auszeichnen.<\/p>\n<h4 class=\"a-spacing-mini\" style=\"text-align: center;\">Unser Motto lautet: Qualit\u00e4t<\/h4>\n<p class=\"a-size-small\" style=\"text-align: center;\">Die VLK-Produkte, die eine lange Lebensdauer, Strapazierf\u00e4higkeit und Elastizit\u00e4t bei h\u00f6chstem Komfort gew\u00e4hrleisten, werden handwerklich und in kontrollierten Produktionsprozessen nach italienischem Qualit\u00e4tsstandard hergestellt. Jedes Produkt unterliegt einer individuellen internen Kontrolle, bevor es in den Handel kommt.<\/p>\n<h4 class=\"a-spacing-mini\" style=\"text-align: center;\">Materie prime testate<\/h4>\n<p class=\"a-size-small\" style=\"text-align: center;\">Als italienisches Unternehmen ist die nachhaltige Beschaffung von Rohstoffen f\u00fcr VLK besonders wichtig, da die wichtigsten Materialien nach strengen Pr\u00fcfkriterien ausgew\u00e4hlt werden. Nur das Holz und die Materialien, die den Standardanforderungen entsprechen, werden in die Arbeitsphase \u00fcbernommen.<\/p>\n<p style=\"text-align: center;\"><strong>Zur Stabilisierung des Kordelzuges den Kreis des Kordelzuges verzerren. Utilizzare un metro a nastro o una cordicella e un righello (aggiungere due dita in larghezza in modo da non risultare troppo stretto). Se la circonferenza si trova all'estremit\u00e0 superiore, \u00e8 necessario consigliare una taglia in pi\u00f9.<\/strong><\/p>","protected":false},"excerpt":{"rendered":"<p><img decoding=\"async\" style=\"display: block; margin-left: auto; margin-right: auto;\" src=\"https:\/\/i.ibb.co\/nbD9Bz1\/Vlk-Italy-Nero.png\" alt=\"\" width=\"640\" height=\"98\" \/><\/p>\n<hr \/>\n<h3 class=\"a-spacing-mini\" style=\"text-align: center;\">VLK C-075, Halterung f\u00fcr Kaninchen aus Pflanzenpelle, die auf Pflanzen abgestimmt ist<\/h3>\n<p class=\"a-spacing-base\" style=\"text-align: center;\">Il collare per cani VLK \u00e8 realizzato in vera pelle per i momenti speciali con gli amici a quattro zampe. Das Modell C-075 ist aus echtem Leder und wird in Italien hergestellt. Da es sich bei VLK um ein echtes Naturprodukt handelt, wird es nicht nur durch die richtige Pflege jeden Tag sch\u00f6ner, sondern widersteht auch problemlos den Einfl\u00fcssen von Seezunge, Wasser und dem nat\u00fcrlichen Abrieb des Mantels.<\/p>\n<h4 class=\"a-spacing-mini\" style=\"text-align: center;\">Ein eigenes Design<\/h4>\n<p class=\"a-size-small\" style=\"text-align: center;\">VLK bietet qualitativ hochwertige Produkte an, die handwerklich hergestellt werden und sich durch ein individuelles Design und eine hohe Qualit\u00e4t auszeichnen.<\/p>\n<h4 class=\"a-spacing-mini\" style=\"text-align: center;\">Unser Motto lautet: Qualit\u00e4t<\/h4>\n<p class=\"a-size-small\" style=\"text-align: center;\">Die VLK-Produkte, die eine lange Lebensdauer, Strapazierf\u00e4higkeit und Elastizit\u00e4t bei h\u00f6chstem Komfort gew\u00e4hrleisten, werden handwerklich und in kontrollierten Produktionsprozessen nach italienischem Qualit\u00e4tsstandard hergestellt. Jedes Produkt unterliegt einer individuellen internen Kontrolle, bevor es in den Handel kommt.<\/p>\n<h4 class=\"a-spacing-mini\" style=\"text-align: center;\">Materie prime testate<\/h4>\n<p class=\"a-size-small\" style=\"text-align: center;\">Als italienisches Unternehmen ist die nachhaltige Beschaffung von Rohstoffen f\u00fcr VLK besonders wichtig, da die wichtigsten Materialien nach strengen Pr\u00fcfkriterien ausgew\u00e4hlt werden. Nur das Holz und die Materialien, die den Standardanforderungen entsprechen, werden in die Arbeitsphase \u00fcbernommen.<\/p>\n<p style=\"text-align: center;\"><strong>Zur Stabilisierung des Kordelzuges den Kreis des Kordelzuges verzerren. Utilizzare un metro a nastro o una cordicella e un righello (aggiungere due dita in larghezza in modo da non risultare troppo stretto). Se la circonferenza si trova all'estremit\u00e0 superiore, \u00e8 necessario consigliare una taglia in pi\u00f9.<\/strong><\/p>","protected":false},"featured_media":17565,"comment_status":"open","ping_status":"closed","template":"","meta":[],"product_cat":[158,155],"product_tag":[202],"aioseo_notices":[],"_links":{"self":[{"href":"https:\/\/www.vlkitaly.com\/de\/wp-json\/wp\/v3\/product\/17564"}],"collection":[{"href":"https:\/\/www.vlkitaly.com\/de\/wp-json\/wp\/v3\/product"}],"about":[{"href":"https:\/\/www.vlkitaly.com\/de\/wp-json\/wp\/v2\/types\/product"}],"replies":[{"embeddable":true,"href":"https:\/\/www.vlkitaly.com\/de\/wp-json\/wp\/v2\/comments?post=17564"}],"wp:featuredmedia":[{"embeddable":true,"href":"https:\/\/www.vlkitaly.com\/de\/wp-json\/wp\/v2\/media\/17565"}],"wp:attachment":[{"href":"https:\/\/www.vlkitaly.com\/de\/wp-json\/wp\/v2\/media?parent=17564"}],"wp:term":[{"taxonomy":"product_cat","embeddable":true,"href":"https:\/\/www.vlkitaly.com\/de\/wp-json\/wp\/v2\/product_cat?post=17564"},{"taxonomy":"product_tag","embeddable":true,"href":"https:\/\/www.vlkitaly.com\/de\/wp-json\/wp\/v2\/product_tag?post=17564"}],"curies":[{"name":"wp","href":"https:\/\/api.w.org\/{rel}","templated":true}]}}