{"id":14544,"date":"2020-05-21T17:58:48","date_gmt":"2020-05-21T15:58:48","guid":{"rendered":"http:\/\/www.vlkitaly.com\/?post_type=product&#038;p=14544"},"modified":"2026-02-21T17:14:38","modified_gmt":"2026-02-21T16:14:38","slug":"vlk-kids-pantos-sunglasses-with-modern-design-for-kids","status":"publish","type":"product","link":"https:\/\/www.vlkitaly.com\/de\/produkt\/vlk-kids-pantos-sunglasses-with-modern-design-for-kids\/","title":{"rendered":"Vlk Kids - Pantos-Sonnenbrille mit modernem Design f\u00fcr Kinder"},"content":{"rendered":"<p>Entdecken Sie die Vlk Kids Sonnenbrillen, die perfekte Kombination aus Stil, Komfort und Schutz f\u00fcr Ihre Kinder. Diese Sonnenbrille mit Pantos-Rahmen ist in einer Vielzahl von hellen und auff\u00e4lligen Farben erh\u00e4ltlich und bietet einen modernen und lustigen Look f\u00fcr die Kleinen.<\/p>\n<p>Wesentliche Merkmale:<\/p>\n<ul>\n<li>Farbenfroher Pantos-Rahmen: Der Pantos-Rahmen mit seinem runden und leicht ovalen Design ist in einer Vielzahl von leuchtenden Farben erh\u00e4ltlich, die zum Stil und zur Pers\u00f6nlichkeit eines jeden Kindes passen.<\/li>\n<li>Flexible B\u00fcgel aus Bambusholz: Die B\u00fcgel bestehen aus Bambusholz, einem langlebigen, nachhaltigen Material, das eine hervorragende Flexibilit\u00e4t und einen bequemen Sitz f\u00fcr Kinder im Wachstum bietet.<\/li>\n<li>Polarisierende Gl\u00e4ser: Die Sonnenbrillen von Vlk Kids sind mit polarisierten Gl\u00e4sern ausgestattet, die Blendeffekte reduzieren und die Sicht verbessern und so die empfindlichen Augen Ihrer Kinder optimal sch\u00fctzen.<\/li>\n<li>Inklusive Zubeh\u00f6r: Jede Vlk Kids Sonnenbrille wird mit einem Brillenetui und einem Reinigungstuch geliefert, beide mit der Marke Vlk. Das Etui sch\u00fctzt die Brille vor Kratzern und Besch\u00e4digungen, wenn sie nicht in Gebrauch ist, w\u00e4hrend das Tuch ideal ist, um sie sauber und fleckenfrei zu halten.<\/li>\n<li>Nachhaltiges, hochwertiges Design: Die Sonnenbrillen von Vlk Kids werden aus hochwertigen, nachhaltigen Materialien hergestellt, die eine au\u00dfergew\u00f6hnliche Haltbarkeit und einen hohen Tragekomfort f\u00fcr Ihre Kinder gew\u00e4hrleisten.<\/li>\n<\/ul>\n<p>W\u00e4hlen Sie die Vlk Kids Sonnenbrille f\u00fcr Ihre Kinder und bieten Sie ihnen einzigartigen Stil, unvergleichlichen Komfort und optimalen Schutz an sonnigen Tagen.<\/p>","protected":false},"excerpt":{"rendered":"<p>Vlk Kids - Pantos-Sonnenbrillen f\u00fcr Kinder:<\/p>\n<ul>\n<li>Pantos-Rahmen in verschiedenen leuchtenden Farben<\/li>\n<li>Flexible und nachhaltige Arme aus Bambusholz<\/li>\n<li>Polarisierte Gl\u00e4ser f\u00fcr weniger Blendung und zum Schutz der Augen<\/li>\n<li>Inklusive Zubeh\u00f6r: Brillenetui und Taschentuch der Marke Vlk<\/li>\n<li>Qualit\u00e4t, Komfort und nachhaltiges Design<\/li>\n<\/ul>","protected":false},"featured_media":14546,"comment_status":"open","ping_status":"closed","template":"","meta":[],"product_cat":[159,128,411],"product_tag":[],"aioseo_notices":[],"_links":{"self":[{"href":"https:\/\/www.vlkitaly.com\/de\/wp-json\/wp\/v3\/product\/14544"}],"collection":[{"href":"https:\/\/www.vlkitaly.com\/de\/wp-json\/wp\/v3\/product"}],"about":[{"href":"https:\/\/www.vlkitaly.com\/de\/wp-json\/wp\/v2\/types\/product"}],"replies":[{"embeddable":true,"href":"https:\/\/www.vlkitaly.com\/de\/wp-json\/wp\/v2\/comments?post=14544"}],"wp:featuredmedia":[{"embeddable":true,"href":"https:\/\/www.vlkitaly.com\/de\/wp-json\/wp\/v2\/media\/14546"}],"wp:attachment":[{"href":"https:\/\/www.vlkitaly.com\/de\/wp-json\/wp\/v2\/media?parent=14544"}],"wp:term":[{"taxonomy":"product_cat","embeddable":true,"href":"https:\/\/www.vlkitaly.com\/de\/wp-json\/wp\/v2\/product_cat?post=14544"},{"taxonomy":"product_tag","embeddable":true,"href":"https:\/\/www.vlkitaly.com\/de\/wp-json\/wp\/v2\/product_tag?post=14544"}],"curies":[{"name":"wp","href":"https:\/\/api.w.org\/{rel}","templated":true}]}}