{"id":14534,"date":"2020-05-21T17:52:11","date_gmt":"2020-05-21T15:52:11","guid":{"rendered":"http:\/\/www.vlkitaly.com\/?post_type=product&#038;p=14534"},"modified":"2024-05-05T09:59:28","modified_gmt":"2024-05-05T07:59:28","slug":"vlk-kids-iconic-style-wayfarer-sunglasses-for-kids","status":"publish","type":"product","link":"https:\/\/www.vlkitaly.com\/de\/produkt\/vlk-kids-iconic-style-wayfarer-sunglasses-for-kids\/","title":{"rendered":"Vlk Kids - Ikonische Wayfarer-Sonnenbrille f\u00fcr Kinder"},"content":{"rendered":"<p>Die neue Vlk Kids Sonnenbrille ist die ideale L\u00f6sung, um die Augen Ihrer Kinder mit Stil, Komfort und au\u00dfergew\u00f6hnlicher Qualit\u00e4t zu sch\u00fctzen. Diese Sonnenbrille mit Wayfarer-Rahmen wurde speziell f\u00fcr die Kleinsten entwickelt und bietet einen modischen Look und einen bequemen Sitz.<\/p>\n<p>Wesentliche Merkmale:<\/p>\n<ul>\n<li>Bunte Wayfarer-Fassung: Der klassische Wayfarer-Rahmen ist in einer Reihe von leuchtenden, auff\u00e4lligen Farben erh\u00e4ltlich, mit denen Ihre Kinder ihre Pers\u00f6nlichkeit und ihren Stil zum Ausdruck bringen k\u00f6nnen.<\/li>\n<li>Flexible B\u00fcgel aus Bambusholz: Die B\u00fcgel dieser Sonnenbrille sind aus Bambusholz gefertigt, einem leichten, umweltfreundlichen und flexiblen Material, das Komfort und Anpassungsf\u00e4higkeit an Kindergesichter bietet.<\/li>\n<li>Polarisierende Gl\u00e4ser: Die Sonnenbrillen von Vlk Kids sind mit polarisierten Gl\u00e4sern ausgestattet, die Blendeffekte reduzieren und den Kontrast verbessern, was eine sch\u00e4rfere und komfortablere Sicht an sonnigen Tagen erm\u00f6glicht.<\/li>\n<li>Inklusive Zubeh\u00f6r: Jede Vlk Kids Sonnenbrille wird mit einem Brillenetui und einem Reinigungstuch geliefert, beide mit der Marke Vlk. Das Etui sch\u00fctzt die Brille vor Kratzern und Besch\u00e4digungen, wenn sie nicht in Gebrauch ist, w\u00e4hrend das Tuch ideal ist, um sie sauber und fleckenfrei zu halten.<\/li>\n<li>Qualit\u00e4t und Design: Die Sonnenbrillen von Vlk Kids werden aus hochwertigen Materialien hergestellt und sorgf\u00e4ltig verarbeitet, um eine au\u00dfergew\u00f6hnliche Haltbarkeit und einen hohen Tragekomfort f\u00fcr Ihre Kinder zu gew\u00e4hrleisten.<\/li>\n<\/ul>\n<p>G\u00f6nnen Sie Ihren Kindern eine Sonnenbrille von Vlk Kids und bieten Sie ihnen Schutz, Stil und Komfort bei Abenteuern in der Natur, wobei Sie dank der B\u00fcgel aus Bambusholz auch einen Beitrag zur \u00f6kologischen Nachhaltigkeit leisten.<\/p>","protected":false},"excerpt":{"rendered":"<p>Vlk Kids - Farbige Wayfarer-Sonnenbrille f\u00fcr Kinder<\/p>\n<ul>\n<li>Wayfarer-Rahmen in verschiedenen leuchtenden Farben<\/li>\n<li>Flexible Arme aus umweltfreundlichem Bambusholz<\/li>\n<li>Polarisierte Gl\u00e4ser f\u00fcr weniger Blendung und besseren Kontrast<\/li>\n<li>Inklusive Zubeh\u00f6r: Brillenetui und Taschentuch der Marke Vlk<\/li>\n<li>Hohe Qualit\u00e4t, Komfort und nachhaltiges Design<\/li>\n<\/ul>","protected":false},"featured_media":14536,"comment_status":"open","ping_status":"closed","template":"","meta":[],"product_cat":[159,128,411],"product_tag":[],"aioseo_notices":[],"_links":{"self":[{"href":"https:\/\/www.vlkitaly.com\/de\/wp-json\/wp\/v3\/product\/14534"}],"collection":[{"href":"https:\/\/www.vlkitaly.com\/de\/wp-json\/wp\/v3\/product"}],"about":[{"href":"https:\/\/www.vlkitaly.com\/de\/wp-json\/wp\/v2\/types\/product"}],"replies":[{"embeddable":true,"href":"https:\/\/www.vlkitaly.com\/de\/wp-json\/wp\/v2\/comments?post=14534"}],"wp:featuredmedia":[{"embeddable":true,"href":"https:\/\/www.vlkitaly.com\/de\/wp-json\/wp\/v2\/media\/14536"}],"wp:attachment":[{"href":"https:\/\/www.vlkitaly.com\/de\/wp-json\/wp\/v2\/media?parent=14534"}],"wp:term":[{"taxonomy":"product_cat","embeddable":true,"href":"https:\/\/www.vlkitaly.com\/de\/wp-json\/wp\/v2\/product_cat?post=14534"},{"taxonomy":"product_tag","embeddable":true,"href":"https:\/\/www.vlkitaly.com\/de\/wp-json\/wp\/v2\/product_tag?post=14534"}],"curies":[{"name":"wp","href":"https:\/\/api.w.org\/{rel}","templated":true}]}}