{"id":14469,"date":"2020-05-21T17:09:36","date_gmt":"2020-05-21T15:09:36","guid":{"rendered":"http:\/\/www.vlkitaly.com\/?post_type=product&#038;p=14469"},"modified":"2024-09-05T20:36:22","modified_gmt":"2024-09-05T18:36:22","slug":"vision-look-kids-childrens-sunglasses-with-tinted-wayfarer-frames-and-wood-effect-temples-uv400-protection","status":"publish","type":"product","link":"https:\/\/www.vlkitaly.com\/de\/produkt\/vision-look-kids-childrens-sunglasses-with-tinted-wayfarer-frames-and-wood-effect-temples-uv400-protection\/","title":{"rendered":"Vision Look Kids - Kindersonnenbrille mit get\u00f6ntem Wayfarer-Rahmen und B\u00fcgeln in Holzoptik, UV400-Schutz"},"content":{"rendered":"<p>Die neue Vision Look Kids Sonnenbrille ist die perfekte Wahl, um die Augen Ihrer Kinder mit Stil, Komfort und au\u00dfergew\u00f6hnlicher Qualit\u00e4t zu sch\u00fctzen. Diese Sonnenbrille mit Wayfarer-Rahmen wurde speziell f\u00fcr die Kleinsten entwickelt und sorgt f\u00fcr einen modischen Look und bequemen Sitz.<\/p>\n<p>Wesentliche Merkmale:<\/p>\n<ul>\n<li>Wayfarer-Rahmen in einer Vielzahl von Farben: Die klassische Wayfarer-Fassung gibt es in einer Reihe von leuchtenden, auff\u00e4lligen Farben, mit denen Ihre Kinder ihre Pers\u00f6nlichkeit und ihren Stil zum Ausdruck bringen k\u00f6nnen.<\/li>\n<li>B\u00fcgel mit Holzeffekt: Die B\u00fcgel dieser Sonnenbrille sind mit einem eleganten Holzeffekt versehen, der dem Design einen einzigartigen Hauch von Nat\u00fcrlichkeit und Stil verleiht.<\/li>\n<li>UV400-Schutz: Die Sonnenbrille Vision Look Kids ist mit UV400-Gl\u00e4sern ausgestattet, die einen vollst\u00e4ndigen Schutz vor UVA- und UVB-Strahlen bieten und so die Sicherheit der Augen Ihrer Kinder an sonnigen Tagen gew\u00e4hrleisten.<\/li>\n<li>Inklusive Zubeh\u00f6r: Jede Vision Look Kids Sonnenbrille wird mit einem Brillenetui und einem Reinigungstuch geliefert, beides Markenprodukte von Vision Look. Das Etui sch\u00fctzt die Brille vor Kratzern und Sch\u00e4den, wenn sie nicht in Gebrauch ist, w\u00e4hrend das Tuch ideal ist, um sie sauber und fleckenfrei zu halten.<\/li>\n<li>Qualit\u00e4t und Design: Die Vision Look Kids Sonnenbrillen werden aus hochwertigen Materialien hergestellt und sorgf\u00e4ltig verarbeitet, um eine au\u00dfergew\u00f6hnliche Haltbarkeit und einen hohen Tragekomfort f\u00fcr Ihre Kinder zu gew\u00e4hrleisten.<\/li>\n<\/ul>\n<p>G\u00f6nnen Sie Ihren Kindern eine Sonnenbrille von Vision Look Kids und bieten Sie ihnen Schutz, Stil und Komfort bei Abenteuern im Freien.<\/p>","protected":false},"excerpt":{"rendered":"<p>Vision Look Kids - Sonnenbrillen f\u00fcr Kinder:<\/p>\n<ul>\n<li>Wayfarer-Rahmen in einer Vielzahl von leuchtenden Farben erh\u00e4ltlich<\/li>\n<li>Armlehnen mit eleganter Holzoptik<\/li>\n<li>UV400-Schutz: Gl\u00e4ser, die UVA- und UVB-Strahlen blockieren<\/li>\n<li>Inklusive Zubeh\u00f6r: Brillentasche und Taschentuch der Marke Vision Look<\/li>\n<li>Hohe Qualit\u00e4t, Komfort und modisches Design<\/li>\n<\/ul>","protected":false},"featured_media":14470,"comment_status":"open","ping_status":"closed","template":"","meta":[],"product_cat":[159,128,129],"product_tag":[],"aioseo_notices":[],"_links":{"self":[{"href":"https:\/\/www.vlkitaly.com\/de\/wp-json\/wp\/v3\/product\/14469"}],"collection":[{"href":"https:\/\/www.vlkitaly.com\/de\/wp-json\/wp\/v3\/product"}],"about":[{"href":"https:\/\/www.vlkitaly.com\/de\/wp-json\/wp\/v2\/types\/product"}],"replies":[{"embeddable":true,"href":"https:\/\/www.vlkitaly.com\/de\/wp-json\/wp\/v2\/comments?post=14469"}],"wp:featuredmedia":[{"embeddable":true,"href":"https:\/\/www.vlkitaly.com\/de\/wp-json\/wp\/v2\/media\/14470"}],"wp:attachment":[{"href":"https:\/\/www.vlkitaly.com\/de\/wp-json\/wp\/v2\/media?parent=14469"}],"wp:term":[{"taxonomy":"product_cat","embeddable":true,"href":"https:\/\/www.vlkitaly.com\/de\/wp-json\/wp\/v2\/product_cat?post=14469"},{"taxonomy":"product_tag","embeddable":true,"href":"https:\/\/www.vlkitaly.com\/de\/wp-json\/wp\/v2\/product_tag?post=14469"}],"curies":[{"name":"wp","href":"https:\/\/api.w.org\/{rel}","templated":true}]}}