{"id":14333,"date":"2020-05-20T17:11:52","date_gmt":"2020-05-20T15:11:52","guid":{"rendered":"http:\/\/www.vlkitaly.com\/?post_type=product&#038;p=14333"},"modified":"2023-03-16T20:04:34","modified_gmt":"2023-03-16T19:04:34","slug":"vision-look-kids-childrens-sunglasses-with-latex-wrap-frame-various-colors-and-polarized-lenses","status":"publish","type":"product","link":"https:\/\/www.vlkitaly.com\/de\/produkt\/vision-look-kids-childrens-sunglasses-with-latex-wrap-frame-various-colors-and-polarized-lenses\/","title":{"rendered":"Vision Look Kids - Kindersonnenbrille mit Latex-Wrap-Rahmen, verschiedenen Farben und polarisierten Gl\u00e4sern"},"content":{"rendered":"<p>Die neue Vision Look Kids Sonnenbrille ist die perfekte Wahl, um die Augen Ihrer Kinder mit Stil, Komfort und h\u00f6chster Qualit\u00e4t zu sch\u00fctzen. Diese Sonnenbrille mit Latex-Wrap-Rahmen wurde speziell f\u00fcr die Kleinen entwickelt und bietet ein sportliches Design und einen sicheren, bequemen Sitz.<\/p>\n<p>Wesentliche Merkmale:<\/p>\n<ul>\n<li>Wickelrahmen aus Latex und verschiedene Farben: Der Wickelrahmen besteht aus flexiblem Latex und ist in verschiedenen leuchtenden und auff\u00e4lligen Farben erh\u00e4ltlich, mit denen Ihre Kinder ihre Pers\u00f6nlichkeit und ihren Stil zum Ausdruck bringen k\u00f6nnen.<\/li>\n<li>Sportliches Design: Der Wrap-Rahmen bietet ein sportliches und dynamisches Design, ideal f\u00fcr aktive Kinder, die gerne Zeit im Freien verbringen und Sport treiben.<\/li>\n<li>Polarisierende Gl\u00e4ser: Die Sonnenbrillen von Vision Look Kids sind mit polarisierten Gl\u00e4sern ausgestattet, die Blendeffekte reduzieren und eine sch\u00e4rfere, komfortablere Sicht erm\u00f6glichen, um die Augen Ihrer Kinder an sonnigen Tagen zu sch\u00fctzen.<\/li>\n<li>Inklusive Zubeh\u00f6r: Jede Vision Look Kids Sonnenbrille wird mit einem Brillenetui und einem Reinigungstuch geliefert, beides Markenprodukte von Vision Look. Das Etui sch\u00fctzt die Brille vor Kratzern und Sch\u00e4den, wenn sie nicht in Gebrauch ist, w\u00e4hrend das Tuch ideal ist, um sie sauber und fleckenfrei zu halten.<\/li>\n<li>Qualit\u00e4t und Design: Die Vision Look Kids Sonnenbrillen werden aus hochwertigen Materialien hergestellt und sorgf\u00e4ltig verarbeitet, um eine au\u00dfergew\u00f6hnliche Haltbarkeit und einen hohen Tragekomfort f\u00fcr Ihre Kinder zu gew\u00e4hrleisten.<\/li>\n<\/ul>\n<p>W\u00e4hlen Sie Vision Look Kids Sonnenbrillen f\u00fcr Ihre Kinder und bieten Sie ihnen Schutz, Stil und Komfort bei Abenteuern und sportlichen Aktivit\u00e4ten im Freien.<\/p>","protected":false},"excerpt":{"rendered":"<p>Vision Look Kids - Kindersonnenbrillen:<\/p>\n<ul>\n<li>Flexibler Latex-Wickelrahmen in einer Vielzahl von leuchtenden Farben erh\u00e4ltlich<\/li>\n<li>Sportliches, dynamisches Design, ideal f\u00fcr Outdoor-Aktivit\u00e4ten<\/li>\n<li>Polarisierte Gl\u00e4ser zur Reduzierung von Blendeffekten und Verbesserung der Sicht<\/li>\n<li>Mitgeliefertes Zubeh\u00f6r: Brillenbeutel und Taschentuch der Marke Vision Look<\/li>\n<li>Hohe Qualit\u00e4t, Komfort und Haltbarkeit f\u00fcr die Kleinen<\/li>\n<\/ul>","protected":false},"featured_media":14334,"comment_status":"open","ping_status":"closed","template":"","meta":[],"product_cat":[159,128,130],"product_tag":[],"aioseo_notices":[],"_links":{"self":[{"href":"https:\/\/www.vlkitaly.com\/de\/wp-json\/wp\/v3\/product\/14333"}],"collection":[{"href":"https:\/\/www.vlkitaly.com\/de\/wp-json\/wp\/v3\/product"}],"about":[{"href":"https:\/\/www.vlkitaly.com\/de\/wp-json\/wp\/v2\/types\/product"}],"replies":[{"embeddable":true,"href":"https:\/\/www.vlkitaly.com\/de\/wp-json\/wp\/v2\/comments?post=14333"}],"wp:featuredmedia":[{"embeddable":true,"href":"https:\/\/www.vlkitaly.com\/de\/wp-json\/wp\/v2\/media\/14334"}],"wp:attachment":[{"href":"https:\/\/www.vlkitaly.com\/de\/wp-json\/wp\/v2\/media?parent=14333"}],"wp:term":[{"taxonomy":"product_cat","embeddable":true,"href":"https:\/\/www.vlkitaly.com\/de\/wp-json\/wp\/v2\/product_cat?post=14333"},{"taxonomy":"product_tag","embeddable":true,"href":"https:\/\/www.vlkitaly.com\/de\/wp-json\/wp\/v2\/product_tag?post=14333"}],"curies":[{"name":"wp","href":"https:\/\/api.w.org\/{rel}","templated":true}]}}