{"id":21870,"date":"2023-02-25T17:05:52","date_gmt":"2023-02-25T16:05:52","guid":{"rendered":"http:\/\/129.152.23.17:8082\/?page_id=21870"},"modified":"2023-03-04T11:35:43","modified_gmt":"2023-03-04T10:35:43","slug":"about-us","status":"publish","type":"page","link":"https:\/\/www.vlkitaly.com\/de\/about-us\/","title":{"rendered":"About us"},"content":{"rendered":"<div data-elementor-type=\"wp-page\" data-elementor-id=\"21870\" class=\"elementor elementor-21870\">\n\t\t\t\t\t\t\t\t\t<section class=\"elementor-section elementor-top-section elementor-element elementor-element-61250d3b elementor-section-boxed elementor-section-height-default elementor-section-height-default\" data-id=\"61250d3b\" data-element_type=\"section\">\n\t\t\t\t\t\t<div class=\"elementor-container elementor-column-gap-default\">\n\t\t\t\t\t<div class=\"elementor-column elementor-col-100 elementor-top-column elementor-element elementor-element-44067b82\" data-id=\"44067b82\" data-element_type=\"column\">\n\t\t\t<div class=\"elementor-column-wrap--44067b82 elementor-widget-wrap elementor-element-populated\">\n\t\t\t\t\t\t\t\t<div class=\"elementor-element elementor-element-335a5376 elementor-widget elementor-widget-heading\" data-id=\"335a5376\" data-element_type=\"widget\" data-widget_type=\"heading.default\">\n\t\t\t\t<div class=\"elementor-widget-container\">\n\t\t\t<style>\/*! elementor - v3.12.2 - 23-04-2023 *\/\n.elementor-heading-title{padding:0;margin:0;line-height:1}.elementor-widget-heading .elementor-heading-title[class*=elementor-size-]>a{color:inherit;font-size:inherit;line-height:inherit}.elementor-widget-heading .elementor-heading-title.elementor-size-small{font-size:15px}.elementor-widget-heading .elementor-heading-title.elementor-size-medium{font-size:19px}.elementor-widget-heading .elementor-heading-title.elementor-size-large{font-size:29px}.elementor-widget-heading .elementor-heading-title.elementor-size-xl{font-size:39px}.elementor-widget-heading .elementor-heading-title.elementor-size-xxl{font-size:59px}<\/style><h1 class=\"elementor-heading-title elementor-size-xxl\">Unsere Geschichte<\/h1>\t\t<\/div>\n\t\t\t\t<\/div>\n\t\t\t\t<div class=\"elementor-element elementor-element-2c3e4d7b elementor-widget__width-initial --il--stretch --il--tablet-stretch elementor-widget elementor-widget-text-editor\" data-id=\"2c3e4d7b\" data-element_type=\"widget\" data-widget_type=\"text-editor.default\">\n\t\t\t\t<div class=\"elementor-widget-container\">\n\t\t\t<style>\/*! elementor - v3.12.2 - 23-04-2023 *\/\n.elementor-widget-text-editor.elementor-drop-cap-view-stacked .elementor-drop-cap{background-color:#69727d;color:#fff}.elementor-widget-text-editor.elementor-drop-cap-view-framed .elementor-drop-cap{color:#69727d;border:3px solid;background-color:transparent}.elementor-widget-text-editor:not(.elementor-drop-cap-view-default) .elementor-drop-cap{margin-top:8px}.elementor-widget-text-editor:not(.elementor-drop-cap-view-default) .elementor-drop-cap-letter{width:1em;height:1em}.elementor-widget-text-editor .elementor-drop-cap{float:left;text-align:center;line-height:1;font-size:50px}.elementor-widget-text-editor .elementor-drop-cap-letter{display:inline-block}<\/style>\t\t\t\t<p>Informieren Sie sich \u00fcber uns<\/p>\t\t\t\t\t\t<\/div>\n\t\t\t\t<\/div>\n\t\t\t\t\t<\/div>\n\t\t<\/div>\n\t\t\t\t\t\t\t<\/div>\n\t\t<\/section>\n\t\t\t\t<section class=\"elementor-section elementor-top-section elementor-element elementor-element-496f567 elementor-section-content-middle elementor-section-boxed elementor-section-height-default elementor-section-height-default\" data-id=\"496f567\" data-element_type=\"section\">\n\t\t\t\t\t\t<div class=\"elementor-container elementor-column-gap-wider\">\n\t\t\t\t\t<div class=\"elementor-column elementor-col-100 elementor-top-column elementor-element elementor-element-70cc56f1\" data-id=\"70cc56f1\" data-element_type=\"column\">\n\t\t\t<div class=\"elementor-column-wrap--70cc56f1 elementor-widget-wrap elementor-element-populated\">\n\t\t\t\t\t\t\t\t<div class=\"elementor-element elementor-element-6a9c2f9 elementor-widget__width-auto elementor-absolute elementor-hidden-tablet elementor-hidden-phone elementor-widget-divider--view-line elementor-widget elementor-widget-divider\" data-id=\"6a9c2f9\" data-element_type=\"widget\" data-settings=\"{&quot;_position&quot;:&quot;absolute&quot;}\" data-widget_type=\"divider.default\">\n\t\t\t\t<div class=\"elementor-widget-container\">\n\t\t\t<style>\/*! elementor - v3.12.2 - 23-04-2023 *\/\n.elementor-widget-divider{--divider-border-style:none;--divider-border-width:1px;--divider-color:#0c0d0e;--divider-icon-size:20px;--divider-element-spacing:10px;--divider-pattern-height:24px;--divider-pattern-size:20px;--divider-pattern-url:none;--divider-pattern-repeat:repeat-x}.elementor-widget-divider .elementor-divider{display:flex}.elementor-widget-divider .elementor-divider__text{font-size:15px;line-height:1;max-width:95%}.elementor-widget-divider .elementor-divider__element{margin:0 var(--divider-element-spacing);flex-shrink:0}.elementor-widget-divider .elementor-icon{font-size:var(--divider-icon-size)}.elementor-widget-divider .elementor-divider-separator{display:flex;margin:0;direction:ltr}.elementor-widget-divider--view-line_icon .elementor-divider-separator,.elementor-widget-divider--view-line_text .elementor-divider-separator{align-items:center}.elementor-widget-divider--view-line_icon .elementor-divider-separator:after,.elementor-widget-divider--view-line_icon .elementor-divider-separator:before,.elementor-widget-divider--view-line_text .elementor-divider-separator:after,.elementor-widget-divider--view-line_text .elementor-divider-separator:before{display:block;content:\"\";border-bottom:0;flex-grow:1;border-top:var(--divider-border-width) var(--divider-border-style) var(--divider-color)}.elementor-widget-divider--element-align-left .elementor-divider .elementor-divider-separator>.elementor-divider__svg:first-of-type{flex-grow:0;flex-shrink:100}.elementor-widget-divider--element-align-left .elementor-divider-separator:before{content:none}.elementor-widget-divider--element-align-left .elementor-divider__element{margin-left:0}.elementor-widget-divider--element-align-right .elementor-divider .elementor-divider-separator>.elementor-divider__svg:last-of-type{flex-grow:0;flex-shrink:100}.elementor-widget-divider--element-align-right .elementor-divider-separator:after{content:none}.elementor-widget-divider--element-align-right .elementor-divider__element{margin-right:0}.elementor-widget-divider:not(.elementor-widget-divider--view-line_text):not(.elementor-widget-divider--view-line_icon) .elementor-divider-separator{border-top:var(--divider-border-width) var(--divider-border-style) var(--divider-color)}.elementor-widget-divider--separator-type-pattern{--divider-border-style:none}.elementor-widget-divider--separator-type-pattern.elementor-widget-divider--view-line .elementor-divider-separator,.elementor-widget-divider--separator-type-pattern:not(.elementor-widget-divider--view-line) .elementor-divider-separator:after,.elementor-widget-divider--separator-type-pattern:not(.elementor-widget-divider--view-line) .elementor-divider-separator:before,.elementor-widget-divider--separator-type-pattern:not([class*=elementor-widget-divider--view]) .elementor-divider-separator{width:100%;min-height:var(--divider-pattern-height);-webkit-mask-size:var(--divider-pattern-size) 100%;mask-size:var(--divider-pattern-size) 100%;-webkit-mask-repeat:var(--divider-pattern-repeat);mask-repeat:var(--divider-pattern-repeat);background-color:var(--divider-color);-webkit-mask-image:var(--divider-pattern-url);mask-image:var(--divider-pattern-url)}.elementor-widget-divider--no-spacing{--divider-pattern-size:auto}.elementor-widget-divider--bg-round{--divider-pattern-repeat:round}.rtl .elementor-widget-divider .elementor-divider__text{direction:rtl}.e-con-inner>.elementor-widget-divider,.e-con>.elementor-widget-divider{width:var(--container-widget-width,100%);--flex-grow:var(--container-widget-flex-grow)}<\/style>\t\t<div class=\"elementor-divider\">\n\t\t\t<span class=\"elementor-divider-separator\">\n\t\t\t\t\t\t<\/span>\n\t\t<\/div>\n\t\t\t\t<\/div>\n\t\t\t\t<\/div>\n\t\t\t\t<div class=\"elementor-element elementor-element-407c9290 elementor-widget elementor-widget-heading\" data-id=\"407c9290\" data-element_type=\"widget\" data-widget_type=\"heading.default\">\n\t\t\t\t<div class=\"elementor-widget-container\">\n\t\t\t<h2 class=\"elementor-heading-title elementor-size-default\">VISION LOOK S.R.L.<\/h2>\t\t<\/div>\n\t\t\t\t<\/div>\n\t\t\t\t<div class=\"elementor-element elementor-element-32e2d193 elementor-widget elementor-widget-text-editor\" data-id=\"32e2d193\" data-element_type=\"widget\" data-widget_type=\"text-editor.default\">\n\t\t\t\t<div class=\"elementor-widget-container\">\n\t\t\t\t\t\t\t<p>Vision Look ist ein 1997 gegr\u00fcndetes Familienunternehmen, das sich auf das Design und die Herstellung von Produkten spezialisiert hat, die ausschlie\u00dflich in Italien hergestellt werden. Dazu geh\u00f6ren Armb\u00e4nder, G\u00fcrtel, Taschen und Heimtierartikel, die alle aus feinem und hochwertigem Leder bestehen. Die Materialrecherche ist der erste Schritt im Produktionsprozess, denn Qualit\u00e4t steht f\u00fcr uns an erster Stelle. Unsere Designer entwickeln die Produkte im Einklang mit einem unverwechselbaren Stil und unserer Unternehmensphilosophie.<\/p><p>Unser Rock-Stil zeichnet sich durch sorgf\u00e4ltige Verarbeitung und Details aus, um die unterschiedlichen Bed\u00fcrfnisse und Anforderungen der Kunden bestm\u00f6glich zu erf\u00fcllen. Durch sorgf\u00e4ltige Lederverarbeitungstechniken wenden wir spezielle Behandlungen wie Tumbeln oder F\u00e4rben, B\u00fcrsten und Wachsen an, die mit Nieten, Cabochons und Swarovski-Strasssteinen verziert werden, um Vintage- und moderne Designmuster zu erzielen.<\/p><p>Unsere Lederprodukte werden ausschlie\u00dflich aus hochwertigen italienischen Materialien und in bester Verarbeitung hergestellt, w\u00e4hrend die Metallbeschl\u00e4ge nickelfrei sind. Unsere Sonnenbrillenkollektion ist detailreich, immer auf dem neuesten Stand und aus hochwertigen Materialien wie Holz, Bambus, Holz-Baumwolle, Acetat, Edelstahl und Kunststoff gefertigt.<\/p><p>Wir verfolgen st\u00e4ndig die Markttrends und die Entwicklung der Mode, um unseren Kunden innovative Accessoires zu bieten, die ihren Bed\u00fcrfnissen entsprechen.<\/p>\t\t\t\t\t\t<\/div>\n\t\t\t\t<\/div>\n\t\t\t\t\t<\/div>\n\t\t<\/div>\n\t\t\t\t\t\t\t<\/div>\n\t\t<\/section>\n\t\t\t\t<section class=\"elementor-section elementor-top-section elementor-element elementor-element-55f80b0d elementor-section-boxed elementor-section-height-default elementor-section-height-default\" data-id=\"55f80b0d\" data-element_type=\"section\">\n\t\t\t\t\t\t<div class=\"elementor-container elementor-column-gap-default\">\n\t\t\t\t\t<div class=\"elementor-column elementor-col-100 elementor-top-column elementor-element elementor-element-1a5dfee7\" data-id=\"1a5dfee7\" data-element_type=\"column\">\n\t\t\t<div class=\"elementor-column-wrap--1a5dfee7 elementor-widget-wrap elementor-element-populated\">\n\t\t\t\t\t\t\t\t<div class=\"elementor-element elementor-element-691fed24 elementor-widget elementor-widget-text-editor\" data-id=\"691fed24\" data-element_type=\"widget\" data-widget_type=\"text-editor.default\">\n\t\t\t\t<div class=\"elementor-widget-container\">\n\t\t\t\t\t\t\t<h3>Est. 1997 Weltweite Lieferung<\/h3>\t\t\t\t\t\t<\/div>\n\t\t\t\t<\/div>\n\t\t\t\t<div class=\"elementor-element elementor-element-1efefb25 elementor-widget elementor-widget-text-editor\" data-id=\"1efefb25\" data-element_type=\"widget\" data-widget_type=\"text-editor.default\">\n\t\t\t\t<div class=\"elementor-widget-container\">\n\t\t\t\t\t\t\t<p>Wir versenden weltweit mit der gr\u00f6\u00dftm\u00f6glichen Sorgfalt f\u00fcr das Material<\/p>\t\t\t\t\t\t<\/div>\n\t\t\t\t<\/div>\n\t\t\t\t\t<\/div>\n\t\t<\/div>\n\t\t\t\t\t\t\t<\/div>\n\t\t<\/section>\n\t\t\t\t<section class=\"elementor-section elementor-top-section elementor-element elementor-element-41249866 elementor-section-content-middle elementor-section-boxed elementor-section-height-default elementor-section-height-default\" data-id=\"41249866\" data-element_type=\"section\">\n\t\t\t\t\t\t<div class=\"elementor-container elementor-column-gap-wider\">\n\t\t\t\t\t<div class=\"elementor-column elementor-col-50 elementor-top-column elementor-element elementor-element-2b1ea20a\" data-id=\"2b1ea20a\" data-element_type=\"column\">\n\t\t\t<div class=\"elementor-column-wrap--2b1ea20a elementor-widget-wrap elementor-element-populated\">\n\t\t\t\t\t\t\t\t<div class=\"elementor-element elementor-element-4ecf4dfa elementor-widget__width-auto elementor-absolute elementor-hidden-tablet elementor-hidden-phone elementor-widget-divider--view-line elementor-widget elementor-widget-divider\" data-id=\"4ecf4dfa\" data-element_type=\"widget\" data-settings=\"{&quot;_position&quot;:&quot;absolute&quot;}\" data-widget_type=\"divider.default\">\n\t\t\t\t<div class=\"elementor-widget-container\">\n\t\t\t\t\t<div class=\"elementor-divider\">\n\t\t\t<span class=\"elementor-divider-separator\">\n\t\t\t\t\t\t<\/span>\n\t\t<\/div>\n\t\t\t\t<\/div>\n\t\t\t\t<\/div>\n\t\t\t\t<div class=\"elementor-element elementor-element-71c619ef elementor-widget__width-auto elementor-widget elementor-widget-heading\" data-id=\"71c619ef\" data-element_type=\"widget\" data-widget_type=\"heading.default\">\n\t\t\t\t<div class=\"elementor-widget-container\">\n\t\t\t<h2 class=\"elementor-heading-title elementor-size-default\">Befreie dein Leben<\/h2>\t\t<\/div>\n\t\t\t\t<\/div>\n\t\t\t\t<div class=\"elementor-element elementor-element-35ddeb11 elementor-widget elementor-widget-text-editor\" data-id=\"35ddeb11\" data-element_type=\"widget\" data-widget_type=\"text-editor.default\">\n\t\t\t\t<div class=\"elementor-widget-container\">\n\t\t\t\t\t\t\t<p>Die Materialrecherche ist die erste Phase. Die Qualit\u00e4t ist grundlegend. Dann entwickeln die Designer die Produkte auf der Grundlage eines Stils, der f\u00fcr uns unverwechselbar sein und unserer Philosophie entsprechen muss<\/p>\t\t\t\t\t\t<\/div>\n\t\t\t\t<\/div>\n\t\t\t\t<div class=\"elementor-element elementor-element-49fd2a52 elementor-widget elementor-widget-image\" data-id=\"49fd2a52\" data-element_type=\"widget\" data-widget_type=\"image.default\">\n\t\t\t\t<div class=\"elementor-widget-container\">\n\t\t\t<style>\/*! elementor - v3.12.2 - 23-04-2023 *\/\n.elementor-widget-image{text-align:center}.elementor-widget-image a{display:inline-block}.elementor-widget-image a img[src$=\".svg\"]{width:48px}.elementor-widget-image img{vertical-align:middle;display:inline-block}<\/style>\t\t\t\t\t\t\t\t\t\t\t\t<img decoding=\"async\" width=\"120\" height=\"120\" src=\"https:\/\/www.vlkitaly.com\/wp-content\/uploads\/2023\/03\/Made_In_Italy.png\" class=\"attachment-large size-large wp-image-22464\" alt=\"\" srcset=\"https:\/\/www.vlkitaly.com\/wp-content\/uploads\/2023\/03\/Made_In_Italy.png 120w, https:\/\/www.vlkitaly.com\/wp-content\/uploads\/2023\/03\/Made_In_Italy-12x12.png 12w, https:\/\/www.vlkitaly.com\/wp-content\/uploads\/2023\/03\/Made_In_Italy-100x100.png 100w\" sizes=\"(max-width: 120px) 100vw, 120px\" \/>\t\t\t\t\t\t\t\t\t\t\t\t\t\t\t<\/div>\n\t\t\t\t<\/div>\n\t\t\t\t\t<\/div>\n\t\t<\/div>\n\t\t\t\t<div class=\"elementor-column elementor-col-50 elementor-top-column elementor-element elementor-element-3286b384\" data-id=\"3286b384\" data-element_type=\"column\">\n\t\t\t<div class=\"elementor-column-wrap--3286b384 elementor-widget-wrap elementor-element-populated\">\n\t\t\t\t\t\t\t\t<div class=\"elementor-element elementor-element-3f4c87a2 u-hover-img-animation --zindexed-1 elementor-widget elementor-widget-image\" data-id=\"3f4c87a2\" data-element_type=\"widget\" data-widget_type=\"image.default\">\n\t\t\t\t<div class=\"elementor-widget-container\">\n\t\t\t\t\t\t\t\t\t\t\t\t\t\t\t\t<a href=\"#\">\n\t\t\t\t\t\t\t<img decoding=\"async\" width=\"555\" height=\"370\" src=\"https:\/\/www.vlkitaly.com\/wp-content\/uploads\/2023\/03\/Presentation_Home_Banner.jpg\" class=\"attachment-large size-large wp-image-22465\" alt=\"\" srcset=\"https:\/\/www.vlkitaly.com\/wp-content\/uploads\/2023\/03\/Presentation_Home_Banner.jpg 555w, https:\/\/www.vlkitaly.com\/wp-content\/uploads\/2023\/03\/Presentation_Home_Banner-300x200.jpg 300w, https:\/\/www.vlkitaly.com\/wp-content\/uploads\/2023\/03\/Presentation_Home_Banner-18x12.jpg 18w\" sizes=\"(max-width: 555px) 100vw, 555px\" \/>\t\t\t\t\t\t\t\t<\/a>\n\t\t\t\t\t\t\t\t\t\t\t\t\t\t\t<\/div>\n\t\t\t\t<\/div>\n\t\t\t\t\t<\/div>\n\t\t<\/div>\n\t\t\t\t\t\t\t<\/div>\n\t\t<\/section>\n\t\t\t\t\t\t\t<\/div>","protected":false},"excerpt":{"rendered":"<p>Our Story Find out about us VISION LOOK S.R.L. Vision Look is a family-owned company founded in 1997, specializing in the design and manufacture of exclusively Made in Italy products, including bracelets, belts, bags and pet items, all made with fine leathers and high quality leather. Material research is the initial step in the production [&hellip;]<\/p>","protected":false},"author":7,"featured_media":0,"parent":0,"menu_order":0,"comment_status":"closed","ping_status":"closed","template":"template-builder.php","meta":[],"aioseo_notices":[],"acf":[],"_links":{"self":[{"href":"https:\/\/www.vlkitaly.com\/de\/wp-json\/wp\/v2\/pages\/21870"}],"collection":[{"href":"https:\/\/www.vlkitaly.com\/de\/wp-json\/wp\/v2\/pages"}],"about":[{"href":"https:\/\/www.vlkitaly.com\/de\/wp-json\/wp\/v2\/types\/page"}],"author":[{"embeddable":true,"href":"https:\/\/www.vlkitaly.com\/de\/wp-json\/wp\/v2\/users\/7"}],"replies":[{"embeddable":true,"href":"https:\/\/www.vlkitaly.com\/de\/wp-json\/wp\/v2\/comments?post=21870"}],"version-history":[{"count":0,"href":"https:\/\/www.vlkitaly.com\/de\/wp-json\/wp\/v2\/pages\/21870\/revisions"}],"wp:attachment":[{"href":"https:\/\/www.vlkitaly.com\/de\/wp-json\/wp\/v2\/media?parent=21870"}],"curies":[{"name":"wp","href":"https:\/\/api.w.org\/{rel}","templated":true}]}}