{"id":21848,"date":"2023-02-25T16:47:48","date_gmt":"2023-02-25T15:47:48","guid":{"rendered":"http:\/\/129.152.23.17:8082\/?page_id=21848"},"modified":"2023-02-25T16:48:43","modified_gmt":"2023-02-25T15:48:43","slug":"shipping-and-delivery","status":"publish","type":"page","link":"https:\/\/www.vlkitaly.com\/de\/shipping-and-delivery\/","title":{"rendered":"Versand und Lieferung"},"content":{"rendered":"<div data-elementor-type=\"wp-page\" data-elementor-id=\"21848\" class=\"elementor elementor-21848\">\n\t\t\t\t\t\t\t\t\t<section class=\"elementor-section elementor-top-section elementor-element elementor-element-3a29bb6 elementor-section-boxed elementor-section-height-default elementor-section-height-default\" data-id=\"3a29bb6\" data-element_type=\"section\">\n\t\t\t\t\t\t<div class=\"elementor-container elementor-column-gap-default\">\n\t\t\t\t\t<div class=\"elementor-column elementor-col-100 elementor-top-column elementor-element elementor-element-3ffbc9a\" data-id=\"3ffbc9a\" data-element_type=\"column\">\n\t\t\t<div class=\"elementor-column-wrap--3ffbc9a elementor-widget-wrap elementor-element-populated\">\n\t\t\t\t\t\t\t\t<div class=\"elementor-element elementor-element-279eaff elementor-widget elementor-widget-text-editor\" data-id=\"279eaff\" data-element_type=\"widget\" data-widget_type=\"text-editor.default\">\n\t\t\t\t<div class=\"elementor-widget-container\">\n\t\t\t<style>\/*! elementor - v3.12.2 - 23-04-2023 *\/\n.elementor-widget-text-editor.elementor-drop-cap-view-stacked .elementor-drop-cap{background-color:#69727d;color:#fff}.elementor-widget-text-editor.elementor-drop-cap-view-framed .elementor-drop-cap{color:#69727d;border:3px solid;background-color:transparent}.elementor-widget-text-editor:not(.elementor-drop-cap-view-default) .elementor-drop-cap{margin-top:8px}.elementor-widget-text-editor:not(.elementor-drop-cap-view-default) .elementor-drop-cap-letter{width:1em;height:1em}.elementor-widget-text-editor .elementor-drop-cap{float:left;text-align:center;line-height:1;font-size:50px}.elementor-widget-text-editor .elementor-drop-cap-letter{display:inline-block}<\/style>\t\t\t\t<p>SHIPMENTS<\/p><p>Pakete werden in der Regel innerhalb von 2 Tagen nach Zahlungseingang versendet und werden \u00fcber GLS mit Tracking und Lieferung ohne Unterschrift versendet. Die Kartons sind angemessen gro\u00df und Ihre Artikel sind gut gesch\u00fctzt. Die Pakete werden in der Regel innerhalb des Zeitrahmens des GLS-Kuriers zugestellt - zwischen 24 und 48 Tagen nach dem Versand.<\/p><p>F\u00fcr besondere Versandw\u00fcnsche wenden Sie sich bitte an: info@visionlook.eu<\/p><p>F\u00fcr den Tracking-Code wenden Sie sich bitte an: info@visionlook.eu, indem Sie in die Betreffzeile eingeben:<br \/>TRACKING CODE Name \/ Gesamtbetrag<\/p><p>F\u00fcr Hilfe bei Sendungen wenden Sie sich bitte an: info@visionlook.eu<\/p><p>F\u00fcr Unterst\u00fctzung bei der R\u00fcckgabe von Waren wenden Sie sich bitte an: info@visionlook.eu<\/p>\t\t\t\t\t\t<\/div>\n\t\t\t\t<\/div>\n\t\t\t\t\t<\/div>\n\t\t<\/div>\n\t\t\t\t\t\t\t<\/div>\n\t\t<\/section>\n\t\t\t\t\t\t\t<\/div>","protected":false},"excerpt":{"rendered":"<p>SHIPMENTS Packages are generally sent within 2 days after receipt of payment and are shipped via GLS with tracking and delivery without signature. Boxes are appropriately large in size and your items are well protected. Parcels are usually delivered within the timeframe of the GLS courier &#8211; between 24 and 48 from shipment. For special [&hellip;]<\/p>","protected":false},"author":7,"featured_media":0,"parent":0,"menu_order":0,"comment_status":"closed","ping_status":"closed","template":"","meta":[],"aioseo_notices":[],"acf":[],"_links":{"self":[{"href":"https:\/\/www.vlkitaly.com\/de\/wp-json\/wp\/v2\/pages\/21848"}],"collection":[{"href":"https:\/\/www.vlkitaly.com\/de\/wp-json\/wp\/v2\/pages"}],"about":[{"href":"https:\/\/www.vlkitaly.com\/de\/wp-json\/wp\/v2\/types\/page"}],"author":[{"embeddable":true,"href":"https:\/\/www.vlkitaly.com\/de\/wp-json\/wp\/v2\/users\/7"}],"replies":[{"embeddable":true,"href":"https:\/\/www.vlkitaly.com\/de\/wp-json\/wp\/v2\/comments?post=21848"}],"version-history":[{"count":0,"href":"https:\/\/www.vlkitaly.com\/de\/wp-json\/wp\/v2\/pages\/21848\/revisions"}],"wp:attachment":[{"href":"https:\/\/www.vlkitaly.com\/de\/wp-json\/wp\/v2\/media?parent=21848"}],"curies":[{"name":"wp","href":"https:\/\/api.w.org\/{rel}","templated":true}]}}